{"id":4557,"date":"2025-10-26T06:03:09","date_gmt":"2025-10-26T06:03:09","guid":{"rendered":"https:\/\/dragonagricultural.com\/products\/dragon-flowering\/"},"modified":"2025-12-10T10:21:53","modified_gmt":"2025-12-10T10:21:53","slug":"dragon-flowering","status":"publish","type":"product","link":"https:\/\/dragonagricultural.com\/es\/products\/especialidad-dragon\/dragon-flowering\/","title":{"rendered":"Dragon Flowering"},"content":{"rendered":"<p data-start=\"238\" data-end=\"554\"><strong data-start=\"238\" data-end=\"258\">Dragon Flowering<\/strong> es un fertilizante l\u00edquido puro dise\u00f1ado espec\u00edficamente para favorecer la <strong data-start=\"324\" data-end=\"343\">fase de floraci\u00f3n<\/strong> en las plantas. Contiene una alta concentraci\u00f3n de <strong data-start=\"393\" data-end=\"407\">f\u00f3sforo<\/strong> y <strong data-start=\"412\" data-end=\"425\">potasio<\/strong>, lo que promueve la <strong data-start=\"442\" data-end=\"462\">formaci\u00f3n de flores<\/strong> y el <strong data-start=\"467\" data-end=\"484\">cuajado de frutos<\/strong>, manteniendo al mismo tiempo <strong data-start=\"504\" data-end=\"527\">niveles bajos de nitr\u00f3geno<\/strong> para evitar el estr\u00e9s de la planta.<\/p>\n<hr data-start=\"818\" data-end=\"821\">\n<h4 data-start=\"823\" data-end=\"844\"><strong data-start=\"828\" data-end=\"844\">Beneficios clave<\/strong><\/h4>\n<ul data-start=\"845\" data-end=\"1242\">\n<li data-start=\"845\" data-end=\"908\">\n<p data-start=\"847\" data-end=\"908\">Promueve una <strong data-start=\"856\" data-end=\"878\">floraci\u00f3n abundante<\/strong> y mejora el cuajado de los frutos.<\/p>\n<\/li>\n<li data-start=\"909\" data-end=\"970\">\n<p data-start=\"911\" data-end=\"970\">Mejora el <strong data-start=\"920\" data-end=\"940\">desarrollo de las ra\u00edces<\/strong> y la fortaleza general de la planta.<\/p>\n<\/li>\n<li data-start=\"971\" data-end=\"1041\">\n<p data-start=\"973\" data-end=\"1041\">Acelera el <strong data-start=\"989\" data-end=\"1010\">proceso de floraci\u00f3n<\/strong> y aumenta la uniformidad de los frutos.<\/p>\n<\/li>\n<li data-start=\"1042\" data-end=\"1106\">\n<p data-start=\"1044\" data-end=\"1106\">Mejora el <strong data-start=\"1053\" data-end=\"1078\">color y el tama\u00f1o de las flores<\/strong>, aumentando la productividad.<\/p>\n<\/li>\n<li data-start=\"1107\" data-end=\"1169\">\n<p data-start=\"1109\" data-end=\"1169\">Reduce el estr\u00e9s durante la floraci\u00f3n y la formaci\u00f3n temprana de los frutos.<\/p>\n<\/li>\n<\/ul>\n<hr data-start=\"1244\" data-end=\"1247\">\n<h4 data-start=\"1249\" data-end=\"1285\"><strong data-start=\"1254\" data-end=\"1285\">Especificaciones t\u00e9cnicas \ud83e\uddea<\/strong><\/h4>\n<ul data-start=\"1286\" data-end=\"1568\">\n<li data-start=\"1286\" data-end=\"1316\"><strong>Composici\u00f3n: % (p\/v)<\/strong>\n<ul data-start=\"1286\" data-end=\"1568\">\n<li data-start=\"1286\" data-end=\"1316\">\n<p data-start=\"1288\" data-end=\"1316\"><strong data-start=\"1288\" data-end=\"1311\">Nitr\u00f3geno total (N):<\/strong> 6 %<\/p>\n<\/li>\n<li data-start=\"1317\" data-end=\"1347\">\n<p data-start=\"1319\" data-end=\"1347\"><strong data-start=\"1319\" data-end=\"1341\">F\u00f3sforo (P\u2082O\u2085):<\/strong> 36 %<\/p>\n<\/li>\n<li data-start=\"1348\" data-end=\"1376\">\n<p data-start=\"1350\" data-end=\"1376\"><strong data-start=\"1350\" data-end=\"1370\">Potasio (K\u2082O):<\/strong> 16 %<\/p>\n<\/li>\n<\/ul>\n<\/li>\n<li data-start=\"1377\" data-end=\"1406\">\n<p data-start=\"1379\" data-end=\"1406\"><strong data-start=\"1379\" data-end=\"1394\">pH (1\/100):<\/strong> 5,5 \u2013 6,5<\/p>\n<\/li>\n<li data-start=\"1435\" data-end=\"1467\">\n<p data-start=\"1437\" data-end=\"1467\"><strong data-start=\"1437\" data-end=\"1460\">Solubilidad:<\/strong> Totalmente soluble y libre de cloruro, sodio y metales pesados<\/p>\n<\/li>\n<li data-start=\"1494\" data-end=\"1514\">\n<p data-start=\"1496\" data-end=\"1514\"><strong data-start=\"1496\" data-end=\"1505\">Aspecto:<\/strong> L\u00edquido, libre de cloruro, sodio y metales pesados<\/p>\n<\/li>\n<li data-start=\"1494\" data-end=\"1514\">\n<p data-start=\"1496\" data-end=\"1514\"><strong data-start=\"443\" data-end=\"454\">Volumen:<\/strong> 1 L, 5 L, 20 L<\/p>\n<\/li>\n<li data-start=\"1494\" data-end=\"1514\">\n<p data-start=\"1496\" data-end=\"1514\"><strong data-start=\"474\" data-end=\"488\">Embalaje:<\/strong> Botella de PEAD \/ Garrafa<\/p>\n<\/li>\n<\/ul>\n<h3><strong>M\u00e9todos de aplicaci\u00f3n<\/strong><\/h3>\n<p>\ud83d\udca7 <strong>Fertirrigaci\u00f3n<\/strong><br \/>\n\ud83c\udf3f   <strong>Aplicaci\u00f3n foliar<\/strong><\/p>\n","protected":false},"excerpt":{"rendered":"<p>Dragon Flowering es un fertilizante l\u00edquido puro dise\u00f1ado espec\u00edficamente para favorecer la fase de floraci\u00f3n en las plantas. Contiene una alta concentraci\u00f3n de f\u00f3sforo y potasio, lo que promueve la formaci\u00f3n de flores y el cuajado de frutos, manteniendo al mismo tiempo niveles bajos de nitr\u00f3geno para evitar el estr\u00e9s de la planta. Beneficios clave [&hellip;]<\/p>\n","protected":false},"featured_media":4558,"comment_status":"open","ping_status":"closed","template":"","meta":{"_et_pb_use_builder":"","_et_pb_old_content":"","_et_gb_content_width":""},"product_brand":[],"product_cat":[158],"product_tag":[],"class_list":{"0":"post-4557","1":"product","2":"type-product","3":"status-publish","4":"has-post-thumbnail","6":"product_cat-especialidad-dragon","8":"first","9":"instock","10":"shipping-taxable","11":"product-type-simple"},"_links":{"self":[{"href":"https:\/\/dragonagricultural.com\/es\/wp-json\/wp\/v2\/product\/4557","targetHints":{"allow":["GET"]}}],"collection":[{"href":"https:\/\/dragonagricultural.com\/es\/wp-json\/wp\/v2\/product"}],"about":[{"href":"https:\/\/dragonagricultural.com\/es\/wp-json\/wp\/v2\/types\/product"}],"replies":[{"embeddable":true,"href":"https:\/\/dragonagricultural.com\/es\/wp-json\/wp\/v2\/comments?post=4557"}],"wp:featuredmedia":[{"embeddable":true,"href":"https:\/\/dragonagricultural.com\/es\/wp-json\/wp\/v2\/media\/4558"}],"wp:attachment":[{"href":"https:\/\/dragonagricultural.com\/es\/wp-json\/wp\/v2\/media?parent=4557"}],"wp:term":[{"taxonomy":"product_brand","embeddable":true,"href":"https:\/\/dragonagricultural.com\/es\/wp-json\/wp\/v2\/product_brand?post=4557"},{"taxonomy":"product_cat","embeddable":true,"href":"https:\/\/dragonagricultural.com\/es\/wp-json\/wp\/v2\/product_cat?post=4557"},{"taxonomy":"product_tag","embeddable":true,"href":"https:\/\/dragonagricultural.com\/es\/wp-json\/wp\/v2\/product_tag?post=4557"}],"curies":[{"name":"wp","href":"https:\/\/api.w.org\/{rel}","templated":true}]}}