{"id":4549,"date":"2025-10-26T06:02:28","date_gmt":"2025-10-26T06:02:28","guid":{"rendered":"https:\/\/dragonagricultural.com\/products\/dragon-fruity-polisulfuro-de-potasio\/"},"modified":"2025-12-10T10:21:55","modified_gmt":"2025-12-10T10:21:55","slug":"dragon-fruity-polisulfuro-de-potasio","status":"publish","type":"product","link":"https:\/\/dragonagricultural.com\/es\/products\/especialidad-dragon\/dragon-fruity-polisulfuro-de-potasio\/","title":{"rendered":"Dragon Fruity (Polisulfuro de Potasio)"},"content":{"rendered":"<p data-start=\"218\" data-end=\"559\"><strong data-start=\"218\" data-end=\"235\">Dragon Fruity<\/strong> es un fertilizante l\u00edquido puro de <strong data-start=\"253\" data-end=\"278\">polisulfuro de potasio<\/strong> que proporciona una proporci\u00f3n igual de <strong data-start=\"322\" data-end=\"341\">potasio (K\u2082O)<\/strong> y <strong data-start=\"346\" data-end=\"360\">azufre (S)<\/strong> para garantizar la m\u00e1xima solubilidad y un rendimiento \u00f3ptimo de la planta.<br data-start=\"420\" data-end=\"423\">Completamente <strong data-start=\"434\" data-end=\"503\">libre de carbonato de potasio, elementos nocivos y metales pesados<\/strong>, es una <strong data-start=\"513\" data-end=\"556\">opci\u00f3n segura y eficiente para todos los cultivos<\/strong>. Juntos, el potasio y el azufre desempe\u00f1an un papel vital en la mejora del <strong data-start=\"886\" data-end=\"927\">rendimiento, la vida \u00fatil y la calidad de los cultivos<\/strong>, lo que convierte a <strong data-start=\"936\" data-end=\"953\">Dragon Fruity<\/strong> en una soluci\u00f3n esencial para una agricultura productiva y sostenible.<\/p>\n<hr data-start=\"1021\" data-end=\"1024\">\n<h4 data-start=\"1026\" data-end=\"1047\"><strong data-start=\"1031\" data-end=\"1047\">Beneficios clave<\/strong><\/h4>\n<ul data-start=\"1048\" data-end=\"1431\">\n<li data-start=\"1048\" data-end=\"1113\">\n<p data-start=\"1050\" data-end=\"1113\">Proporciona una <strong data-start=\"1061\" data-end=\"1086\">fuente altamente soluble<\/strong> de potasio y azufre.<\/p>\n<\/li>\n<li>mientras que el <strong data-start=\"721\" data-end=\"734\">potasio<\/strong> promueve un <strong data-start=\"744\" data-end=\"763\">crecimiento vigoroso<\/strong>, fortalece los tejidos y mejora la <strong data-start=\"799\" data-end=\"820\">resistencia al estr\u00e9s<\/strong>.<\/li>\n<li data-start=\"1227\" data-end=\"1302\">\n<p data-start=\"1229\" data-end=\"1302\">Mejora la <strong data-start=\"1238\" data-end=\"1259\">resistencia al estr\u00e9s<\/strong> y la tolerancia de la planta a condiciones adversas.<\/p>\n<\/li>\n<li data-start=\"1303\" data-end=\"1367\">\n<p data-start=\"1305\" data-end=\"1367\">Aumenta el <strong data-start=\"1312\" data-end=\"1326\">rendimiento de los cultivos<\/strong> y prolonga la vida \u00fatil de almacenamiento despu\u00e9s de la cosecha.<\/p>\n<\/li>\n<li data-start=\"1303\" data-end=\"1367\">Esta formulaci\u00f3n avanzada proporciona a las plantas una fuente inmediatamente disponible de <strong data-start=\"643\" data-end=\"653\">azufre<\/strong>, que mejora el <strong data-start=\"670\" data-end=\"713\">sabor, el color y la calidad general de la fruta<\/strong><\/li>\n<\/ul>\n<hr data-start=\"1433\" data-end=\"1436\">\n<h4 data-start=\"1438\" data-end=\"1474\"><strong data-start=\"1443\" data-end=\"1474\">Especificaciones t\u00e9cnicas \ud83e\uddea<\/strong><\/h4>\n<ul data-start=\"1475\" data-end=\"1748\">\n<li data-start=\"1475\" data-end=\"1503\"><strong>Composici\u00f3n: %(w\/v)<\/strong>\n<ul data-start=\"1475\" data-end=\"1748\">\n<li data-start=\"1475\" data-end=\"1503\">\n<p data-start=\"1477\" data-end=\"1503\"><strong data-start=\"1477\" data-end=\"1497\">Potasio (K\u2082O):<\/strong> 36 %<\/p>\n<\/li>\n<li data-start=\"1504\" data-end=\"1527\">\n<p data-start=\"1506\" data-end=\"1527\"><strong data-start=\"1506\" data-end=\"1521\">Azufre (S):<\/strong> 36 %<\/p>\n<\/li>\n<\/ul>\n<\/li>\n<li data-start=\"1528\" data-end=\"1558\">\n<p data-start=\"1530\" data-end=\"1558\"><strong data-start=\"1530\" data-end=\"1545\">pH (1\/100):<\/strong> 9,0 \u2013 10,0<\/p>\n<\/li>\n<li data-start=\"1488\" data-end=\"1517\">\n<p data-start=\"1490\" data-end=\"1517\"><strong data-start=\"141\" data-end=\"156\">Aspecto:<\/strong> L\u00edquido<\/p>\n<\/li>\n<li data-start=\"1488\" data-end=\"1517\">\n<p data-start=\"1490\" data-end=\"1517\"><strong data-start=\"360\" data-end=\"375\">Solubilidad:<\/strong> Totalmente soluble y libre de cloruro, sodio y metales pesados<\/p>\n<\/li>\n<li data-start=\"1488\" data-end=\"1517\">\n<p data-start=\"1490\" data-end=\"1517\"><strong data-start=\"443\" data-end=\"454\">Volumen:<\/strong> 1 L, 5 L, 20 L<\/p>\n<\/li>\n<li data-start=\"1488\" data-end=\"1517\">\n<p data-start=\"1490\" data-end=\"1517\"><strong data-start=\"474\" data-end=\"488\">Embalaje:<\/strong> Botella de PEAD \/ Garrafa<\/p>\n<\/li>\n<\/ul>\n<hr>\n<h4 data-start=\"1718\" data-end=\"1746\"><strong data-start=\"1723\" data-end=\"1746\">M\u00e9todos de aplicaci\u00f3n<\/strong><\/h4>\n<p>\ud83d\udca7 <strong>Fertirrigaci\u00f3n<\/strong><br \/>\n\ud83c\udf3f   <strong>Aplicaci\u00f3n foliar<\/strong><\/p>\n","protected":false},"excerpt":{"rendered":"<p>Dragon Fruity es un fertilizante l\u00edquido puro de polisulfuro de potasio que proporciona una proporci\u00f3n igual de potasio (K\u2082O) y azufre (S) para garantizar la m\u00e1xima solubilidad y un rendimiento \u00f3ptimo de la planta.Completamente libre de carbonato de potasio, elementos nocivos y metales pesados, es una opci\u00f3n segura y eficiente para todos los cultivos. Juntos, [&hellip;]<\/p>\n","protected":false},"featured_media":4550,"comment_status":"open","ping_status":"closed","template":"","meta":{"_et_pb_use_builder":"","_et_pb_old_content":"","_et_gb_content_width":""},"product_brand":[],"product_cat":[158],"product_tag":[],"class_list":{"0":"post-4549","1":"product","2":"type-product","3":"status-publish","4":"has-post-thumbnail","6":"product_cat-especialidad-dragon","8":"first","9":"instock","10":"shipping-taxable","11":"product-type-simple"},"_links":{"self":[{"href":"https:\/\/dragonagricultural.com\/es\/wp-json\/wp\/v2\/product\/4549","targetHints":{"allow":["GET"]}}],"collection":[{"href":"https:\/\/dragonagricultural.com\/es\/wp-json\/wp\/v2\/product"}],"about":[{"href":"https:\/\/dragonagricultural.com\/es\/wp-json\/wp\/v2\/types\/product"}],"replies":[{"embeddable":true,"href":"https:\/\/dragonagricultural.com\/es\/wp-json\/wp\/v2\/comments?post=4549"}],"wp:featuredmedia":[{"embeddable":true,"href":"https:\/\/dragonagricultural.com\/es\/wp-json\/wp\/v2\/media\/4550"}],"wp:attachment":[{"href":"https:\/\/dragonagricultural.com\/es\/wp-json\/wp\/v2\/media?parent=4549"}],"wp:term":[{"taxonomy":"product_brand","embeddable":true,"href":"https:\/\/dragonagricultural.com\/es\/wp-json\/wp\/v2\/product_brand?post=4549"},{"taxonomy":"product_cat","embeddable":true,"href":"https:\/\/dragonagricultural.com\/es\/wp-json\/wp\/v2\/product_cat?post=4549"},{"taxonomy":"product_tag","embeddable":true,"href":"https:\/\/dragonagricultural.com\/es\/wp-json\/wp\/v2\/product_tag?post=4549"}],"curies":[{"name":"wp","href":"https:\/\/api.w.org\/{rel}","templated":true}]}}