{"id":4540,"date":"2025-10-26T06:05:27","date_gmt":"2025-10-26T06:05:27","guid":{"rendered":"https:\/\/dragonagricultural.com\/products\/dragon-fighter\/"},"modified":"2025-12-10T10:18:53","modified_gmt":"2025-12-10T10:18:53","slug":"dragon-fighter","status":"publish","type":"product","link":"https:\/\/dragonagricultural.com\/es\/products\/especialidad-dragon\/dragon-fighter\/","title":{"rendered":"Dragon Fighter"},"content":{"rendered":"<p data-start=\"239\" data-end=\"586\"><strong data-start=\"239\" data-end=\"257\">Dragon Fighter<\/strong> es una <strong data-start=\"283\" data-end=\"313\">soluci\u00f3n de fertilizante l\u00edquido<\/strong> altamente concentrada compuesta de <strong data-start=\"326\" data-end=\"340\">f\u00f3sforo<\/strong> y <strong data-start=\"345\" data-end=\"358\">potasio<\/strong>, con todo el f\u00f3sforo derivado del <strong data-start=\"397\" data-end=\"425\">ani\u00f3n fosfito (H\u2082PO\u2083\u207b)<\/strong>.<\/p>\n<hr data-start=\"895\" data-end=\"898\">\n<h4 data-start=\"900\" data-end=\"921\"><strong data-start=\"905\" data-end=\"921\">Beneficios clave<\/strong><\/h4>\n<ul data-start=\"922\" data-end=\"1392\">\n<li data-start=\"922\" data-end=\"1005\">\n<p data-start=\"924\" data-end=\"1005\">Mejora la <strong data-start=\"933\" data-end=\"953\">resistencia de la planta<\/strong> al estr\u00e9s, la sequ\u00eda, las heladas y las infecciones f\u00fangicas.<\/p>\n<\/li>\n<li data-start=\"1006\" data-end=\"1072\">\n<p data-start=\"1008\" data-end=\"1072\">Promueve la <strong data-start=\"1017\" data-end=\"1069\">floraci\u00f3n, la formaci\u00f3n de frutos y la maduraci\u00f3n uniforme<\/strong>.<\/p>\n<\/li>\n<li data-start=\"1073\" data-end=\"1145\">\n<p data-start=\"1075\" data-end=\"1145\">Fortalece las <strong data-start=\"1087\" data-end=\"1118\">paredes celulares y los sistemas de ra\u00edces<\/strong> para una mayor durabilidad.<\/p>\n<\/li>\n<li data-start=\"1146\" data-end=\"1240\">\n<p data-start=\"1148\" data-end=\"1240\">Proporciona <strong data-start=\"1157\" data-end=\"1202\">f\u00f3sforo y potasio altamente disponibles<\/strong> en forma de fosfito para una r\u00e1pida absorci\u00f3n.<\/p>\n<\/li>\n<li data-start=\"1241\" data-end=\"1313\">\n<p data-start=\"1243\" data-end=\"1313\">Estimula las <strong data-start=\"1254\" data-end=\"1280\">defensas naturales de la planta<\/strong> y promueve la vitalidad general.<\/p>\n<\/li>\n<\/ul>\n<hr data-start=\"1394\" data-end=\"1397\">\n<h4 data-start=\"1399\" data-end=\"1435\"><strong data-start=\"1404\" data-end=\"1435\">Especificaciones t\u00e9cnicas \ud83e\uddea<\/strong><\/h4>\n<ul data-start=\"1436\" data-end=\"1711\">\n<li data-start=\"1436\" data-end=\"1466\"><strong>Composici\u00f3n: %(p\/v) <\/strong>\n<ul data-start=\"1479\" data-end=\"1763\">\n<li data-start=\"1479\" data-end=\"1506\"><strong data-start=\"1438\" data-end=\"1460\">F\u00f3sforo (P\u2082O\u2085):<\/strong> 45 %<\/li>\n<li data-start=\"1479\" data-end=\"1506\"><strong data-start=\"1469\" data-end=\"1489\">Potasio (K\u2082O):<\/strong> 55 %<\/li>\n<\/ul>\n<\/li>\n<li data-start=\"1496\" data-end=\"1525\">\n<p data-start=\"1498\" data-end=\"1525\"><strong data-start=\"1498\" data-end=\"1513\">pH (1\/100):<\/strong> 6,5 \u2013 7,5<\/p>\n<\/li>\n<li data-start=\"1566\" data-end=\"1595\">\n<p data-start=\"1568\" data-end=\"1595\"><b>Aspecto:<\/b> L\u00edquido<\/p>\n<\/li>\n<li data-start=\"1710\" data-end=\"1763\">\n<p data-start=\"1712\" data-end=\"1763\"><strong data-start=\"360\" data-end=\"375\">Solubilidad:<\/strong> Totalmente soluble y libre de cloruro, sodio y metales pesados<\/p>\n<\/li>\n<li data-start=\"1710\" data-end=\"1763\">\n<p data-start=\"1712\" data-end=\"1763\"><strong data-start=\"443\" data-end=\"454\">Volumen:<\/strong> 1 L, 5 L, 20 L<\/p>\n<\/li>\n<li data-start=\"1710\" data-end=\"1763\">\n<p data-start=\"1712\" data-end=\"1763\"><strong data-start=\"474\" data-end=\"488\">Embalaje:<\/strong> Botella de PEAD \/ Garrafa<\/p>\n<\/li>\n<\/ul>\n<hr data-start=\"1713\" data-end=\"1716\">\n<h4 data-start=\"1718\" data-end=\"1746\"><strong data-start=\"1723\" data-end=\"1746\">M\u00e9todos de aplicaci\u00f3n<\/strong><\/h4>\n<p>\ud83d\udca7 <strong>Fertirrigaci\u00f3n<\/strong><br \/>\n\ud83c\udf3f   <strong>Aplicaci\u00f3n foliar<\/strong><\/p>\n<div class=\"_tableContainer_1rjym_1\"><\/div>\n","protected":false},"excerpt":{"rendered":"<p>Dragon Fighter es una soluci\u00f3n de fertilizante l\u00edquido altamente concentrada compuesta de f\u00f3sforo y potasio, con todo el f\u00f3sforo derivado del ani\u00f3n fosfito (H\u2082PO\u2083\u207b). Beneficios clave Mejora la resistencia de la planta al estr\u00e9s, la sequ\u00eda, las heladas y las infecciones f\u00fangicas. Promueve la floraci\u00f3n, la formaci\u00f3n de frutos y la maduraci\u00f3n uniforme. Fortalece las [&hellip;]<\/p>\n","protected":false},"featured_media":4541,"comment_status":"open","ping_status":"closed","template":"","meta":{"_et_pb_use_builder":"","_et_pb_old_content":"","_et_gb_content_width":""},"product_brand":[],"product_cat":[158],"product_tag":[],"class_list":{"0":"post-4540","1":"product","2":"type-product","3":"status-publish","4":"has-post-thumbnail","6":"product_cat-especialidad-dragon","8":"first","9":"instock","10":"shipping-taxable","11":"product-type-simple"},"_links":{"self":[{"href":"https:\/\/dragonagricultural.com\/es\/wp-json\/wp\/v2\/product\/4540","targetHints":{"allow":["GET"]}}],"collection":[{"href":"https:\/\/dragonagricultural.com\/es\/wp-json\/wp\/v2\/product"}],"about":[{"href":"https:\/\/dragonagricultural.com\/es\/wp-json\/wp\/v2\/types\/product"}],"replies":[{"embeddable":true,"href":"https:\/\/dragonagricultural.com\/es\/wp-json\/wp\/v2\/comments?post=4540"}],"wp:featuredmedia":[{"embeddable":true,"href":"https:\/\/dragonagricultural.com\/es\/wp-json\/wp\/v2\/media\/4541"}],"wp:attachment":[{"href":"https:\/\/dragonagricultural.com\/es\/wp-json\/wp\/v2\/media?parent=4540"}],"wp:term":[{"taxonomy":"product_brand","embeddable":true,"href":"https:\/\/dragonagricultural.com\/es\/wp-json\/wp\/v2\/product_brand?post=4540"},{"taxonomy":"product_cat","embeddable":true,"href":"https:\/\/dragonagricultural.com\/es\/wp-json\/wp\/v2\/product_cat?post=4540"},{"taxonomy":"product_tag","embeddable":true,"href":"https:\/\/dragonagricultural.com\/es\/wp-json\/wp\/v2\/product_tag?post=4540"}],"curies":[{"name":"wp","href":"https:\/\/api.w.org\/{rel}","templated":true}]}}