{"id":4533,"date":"2025-10-26T06:06:18","date_gmt":"2025-10-26T06:06:18","guid":{"rendered":"https:\/\/dragonagricultural.com\/products\/dragon-boost\/"},"modified":"2025-12-10T10:18:53","modified_gmt":"2025-12-10T10:18:53","slug":"dragon-boost","status":"publish","type":"product","link":"https:\/\/dragonagricultural.com\/es\/products\/especialidad-dragon\/dragon-boost\/","title":{"rendered":"Dragon Boost"},"content":{"rendered":"<p data-start=\"220\" data-end=\"580\"><strong data-start=\"220\" data-end=\"236\">Dragon Boost<\/strong> es un fertilizante en polvo soluble especialmente dise\u00f1ado para la <strong data-start=\"291\" data-end=\"313\">aplicaci\u00f3n foliar<\/strong>.<br data-start=\"314\" data-end=\"317\">Contiene <strong data-start=\"329\" data-end=\"347\">Boro y Zinc<\/strong> quelatados con <strong data-start=\"362\" data-end=\"380\">materia org\u00e1nica<\/strong> y enriquecido con <strong data-start=\"399\" data-end=\"414\">Amino\u00e1cidos<\/strong> para una mayor eficiencia de los nutrientes.<br data-start=\"448\" data-end=\"451\">Gracias a sus caracter\u00edsticas de <strong data-start=\"465\" data-end=\"501\">r\u00e1pida absorci\u00f3n y penetraci\u00f3n<\/strong>, ofrece resultados r\u00e1pidos y visibles en el rendimiento de las plantas.<\/p>\n<hr data-start=\"917\" data-end=\"920\">\n<h4 data-start=\"922\" data-end=\"943\"><strong data-start=\"927\" data-end=\"943\">Beneficios clave<\/strong><\/h4>\n<ul data-start=\"944\" data-end=\"1339\">\n<li data-start=\"944\" data-end=\"1011\">\n<p data-start=\"946\" data-end=\"1011\">Proporciona una <strong data-start=\"957\" data-end=\"1008\">fuente equilibrada de Boro, Zinc y Amino\u00e1cidos<\/strong>.<\/p>\n<\/li>\n<li data-start=\"1012\" data-end=\"1073\">\n<p data-start=\"1014\" data-end=\"1073\">Mejora la <strong data-start=\"1023\" data-end=\"1070\">floraci\u00f3n, el cuajado y la calidad de los frutos<\/strong>.<\/p>\n<\/li>\n<li data-start=\"1074\" data-end=\"1135\">\n<p data-start=\"1076\" data-end=\"1135\">Estimula la <strong data-start=\"1087\" data-end=\"1104\">formaci\u00f3n de yemas<\/strong> y promueve un crecimiento uniforme.<\/p>\n<\/li>\n<li data-start=\"1136\" data-end=\"1199\">\n<p data-start=\"1138\" data-end=\"1199\">Mejora la <strong data-start=\"1147\" data-end=\"1170\">absorci\u00f3n de nutrientes<\/strong> y la <strong data-start=\"1175\" data-end=\"1196\">resistencia al estr\u00e9s<\/strong>.<\/p>\n<\/li>\n<li data-start=\"1200\" data-end=\"1256\">\n<p data-start=\"1202\" data-end=\"1256\">Aumenta el <strong data-start=\"1209\" data-end=\"1253\">tama\u00f1o, el peso y la uniformidad del color de la fruta<\/strong>.<\/p>\n<\/li>\n<li data-start=\"1257\" data-end=\"1339\">\n<p data-start=\"1259\" data-end=\"1339\">Garantiza una <strong data-start=\"1267\" data-end=\"1292\">r\u00e1pida absorci\u00f3n de nutrientes<\/strong> con mejoras visibles en un corto per\u00edodo de tiempo.<\/p>\n<\/li>\n<\/ul>\n<hr data-start=\"1341\" data-end=\"1344\">\n<h4 data-start=\"1346\" data-end=\"1382\"><strong data-start=\"1351\" data-end=\"1382\">Especificaciones t\u00e9cnicas \ud83e\uddea<\/strong><\/h4>\n<ul data-start=\"1383\" data-end=\"1689\">\n<li data-start=\"1383\" data-end=\"1417\"><strong data-start=\"1351\" data-end=\"1367\">Composici\u00f3n:<\/strong> % (p\/p)\n<ul data-start=\"1383\" data-end=\"1689\">\n<li data-start=\"1383\" data-end=\"1417\">\n<p data-start=\"1385\" data-end=\"1417\"><strong data-start=\"1385\" data-end=\"1410\">Nitr\u00f3geno Org\u00e1nico (N):<\/strong> 8,0 %<\/p>\n<\/li>\n<li data-start=\"1418\" data-end=\"1441\">\n<p data-start=\"1420\" data-end=\"1441\"><strong data-start=\"1420\" data-end=\"1434\">Boro (B):<\/strong> 4,0 %<\/p>\n<\/li>\n<li data-start=\"1442\" data-end=\"1465\">\n<p data-start=\"1444\" data-end=\"1465\"><strong data-start=\"1444\" data-end=\"1458\">Zinc (Zn):<\/strong> 4,0 %<\/p>\n<\/li>\n<li data-start=\"1466\" data-end=\"1492\">\n<p data-start=\"1468\" data-end=\"1492\"><strong data-start=\"1468\" data-end=\"1484\">Amino\u00e1cidos:<\/strong> 13,5 %<\/p>\n<\/li>\n<li data-start=\"1493\" data-end=\"1522\">\n<p data-start=\"1495\" data-end=\"1522\"><strong data-start=\"1495\" data-end=\"1515\">Molibdeno (Mo):<\/strong> 0,4 %<\/p>\n<\/li>\n<\/ul>\n<\/li>\n<li data-start=\"1636\" data-end=\"1689\">\n<p data-start=\"1638\" data-end=\"1689\"><strong data-start=\"1638\" data-end=\"1652\">Libre de:<\/strong> Cloruro, sodio y metales pesados<\/p>\n<\/li>\n<li data-start=\"1183\" data-end=\"1203\">\n<p data-start=\"1185\" data-end=\"1203\"><strong data-start=\"1185\" data-end=\"1194\">Aspecto:<\/strong> Polvo<\/p>\n<\/li>\n<li><strong data-start=\"1525\" data-end=\"1540\">pH (1\/100):<\/strong> 8,0 \u2013 9,0<\/li>\n<li data-start=\"1167\" data-end=\"1194\">\n<p data-start=\"1169\" data-end=\"1194\"><strong data-start=\"1169\" data-end=\"1180\">Volumen:<\/strong> 1 kg, 10 kg<\/p>\n<\/li>\n<li data-start=\"1195\" data-end=\"1246\">\n<p data-start=\"1197\" data-end=\"1246\"><strong data-start=\"1197\" data-end=\"1211\">Embalaje:<\/strong> Bolsas \/ sobres multicapa<\/p>\n<\/li>\n<\/ul>\n<hr data-start=\"1691\" data-end=\"1694\">\n<h4 data-start=\"1696\" data-end=\"1724\"><strong data-start=\"1701\" data-end=\"1724\">M\u00e9todos de aplicaci\u00f3n<\/strong><\/h4>\n<p data-start=\"1840\" data-end=\"1898\">\ud83c\udf3f <strong data-start=\"1498\" data-end=\"1520\">Aplicaci\u00f3n Foliar<\/strong><\/p>\n","protected":false},"excerpt":{"rendered":"<p>Dragon Boost es un fertilizante en polvo soluble especialmente dise\u00f1ado para la aplicaci\u00f3n foliar.Contiene Boro y Zinc quelatados con materia org\u00e1nica y enriquecido con Amino\u00e1cidos para una mayor eficiencia de los nutrientes.Gracias a sus caracter\u00edsticas de r\u00e1pida absorci\u00f3n y penetraci\u00f3n, ofrece resultados r\u00e1pidos y visibles en el rendimiento de las plantas. Beneficios clave Proporciona una [&hellip;]<\/p>\n","protected":false},"featured_media":943,"comment_status":"open","ping_status":"closed","template":"","meta":{"_et_pb_use_builder":"","_et_pb_old_content":"","_et_gb_content_width":""},"product_brand":[],"product_cat":[158],"product_tag":[],"class_list":{"0":"post-4533","1":"product","2":"type-product","3":"status-publish","4":"has-post-thumbnail","6":"product_cat-especialidad-dragon","8":"first","9":"instock","10":"shipping-taxable","11":"product-type-simple"},"_links":{"self":[{"href":"https:\/\/dragonagricultural.com\/es\/wp-json\/wp\/v2\/product\/4533","targetHints":{"allow":["GET"]}}],"collection":[{"href":"https:\/\/dragonagricultural.com\/es\/wp-json\/wp\/v2\/product"}],"about":[{"href":"https:\/\/dragonagricultural.com\/es\/wp-json\/wp\/v2\/types\/product"}],"replies":[{"embeddable":true,"href":"https:\/\/dragonagricultural.com\/es\/wp-json\/wp\/v2\/comments?post=4533"}],"wp:featuredmedia":[{"embeddable":true,"href":"https:\/\/dragonagricultural.com\/es\/wp-json\/wp\/v2\/media\/943"}],"wp:attachment":[{"href":"https:\/\/dragonagricultural.com\/es\/wp-json\/wp\/v2\/media?parent=4533"}],"wp:term":[{"taxonomy":"product_brand","embeddable":true,"href":"https:\/\/dragonagricultural.com\/es\/wp-json\/wp\/v2\/product_brand?post=4533"},{"taxonomy":"product_cat","embeddable":true,"href":"https:\/\/dragonagricultural.com\/es\/wp-json\/wp\/v2\/product_cat?post=4533"},{"taxonomy":"product_tag","embeddable":true,"href":"https:\/\/dragonagricultural.com\/es\/wp-json\/wp\/v2\/product_tag?post=4533"}],"curies":[{"name":"wp","href":"https:\/\/api.w.org\/{rel}","templated":true}]}}