{"id":4518,"date":"2025-10-26T06:04:50","date_gmt":"2025-10-26T06:04:50","guid":{"rendered":"https:\/\/dragonagricultural.com\/products\/dragon-magical\/"},"modified":"2025-12-10T10:18:50","modified_gmt":"2025-12-10T10:18:50","slug":"dragon-magical","status":"publish","type":"product","link":"https:\/\/dragonagricultural.com\/es\/products\/especialidad-dragon\/dragon-magical\/","title":{"rendered":"Dragon MagiCal"},"content":{"rendered":"<p data-start=\"241\" data-end=\"660\"><strong data-start=\"241\" data-end=\"259\">Dragon Magical<\/strong> es una formulaci\u00f3n l\u00edquida transparente dise\u00f1ada para proporcionar a las plantas <strong data-start=\"332\" data-end=\"343\">calcio<\/strong> y <strong data-start=\"348\" data-end=\"361\">magnesio<\/strong> esenciales, elementos vitales para un crecimiento fuerte y una calidad de fruto superior.<br data-start=\"423\" data-end=\"426\">La inclusi\u00f3n de <strong data-start=\"679\" data-end=\"705\">nitr\u00f3geno a base de nitrato<\/strong> garantiza una r\u00e1pida absorci\u00f3n de nutrientes y una utilizaci\u00f3n eficiente por parte de la planta, lo que convierte a Dragon Magical en un producto ideal para su uso durante toda la temporada de crecimiento.<br data-start=\"850\" data-end=\"853\">La aplicaci\u00f3n regular mejora la calidad del fruto al mejorar la <strong data-start=\"907\" data-end=\"958\">forma, la firmeza, la capacidad de almacenamiento y el brillo de la superficie<\/strong>.<\/p>\n<hr data-start=\"961\" data-end=\"964\">\n<h4 data-start=\"966\" data-end=\"987\"><strong data-start=\"971\" data-end=\"987\">Beneficios clave<\/strong><\/h4>\n<ul data-start=\"988\" data-end=\"1435\">\n<li data-start=\"988\" data-end=\"1073\">\n<p data-start=\"990\" data-end=\"1073\">Previene las <strong data-start=\"999\" data-end=\"1031\">deficiencias relacionadas con el calcio<\/strong>, como el bitter pit y la podredumbre apical.<\/p>\n<\/li>\n<li data-start=\"1074\" data-end=\"1144\">\n<p data-start=\"1076\" data-end=\"1144\">Mejora la <strong data-start=\"1085\" data-end=\"1103\">firmeza del fruto<\/strong>, la vida \u00fatil de almacenamiento y el aspecto de la superficie.<\/p>\n<\/li>\n<li data-start=\"1145\" data-end=\"1213\">\n<p data-start=\"1147\" data-end=\"1213\">Promueve <strong data-start=\"1156\" data-end=\"1179\">paredes celulares m\u00e1s fuertes<\/strong> y un crecimiento vegetativo equilibrado.<\/p>\n<\/li>\n<li data-start=\"1214\" data-end=\"1291\">\n<p data-start=\"1216\" data-end=\"1291\">Proporciona <strong data-start=\"1225\" data-end=\"1238\">magnesio<\/strong> para mejorar la fotos\u00edntesis y el desarrollo del color.<\/p>\n<\/li>\n<li data-start=\"1292\" data-end=\"1363\">\n<p data-start=\"1294\" data-end=\"1363\">Suministra <strong data-start=\"1303\" data-end=\"1323\">nitr\u00f3geno n\u00edtrico<\/strong> para una absorci\u00f3n r\u00e1pida y eficiente por parte de la planta.<\/p>\n<\/li>\n<\/ul>\n<hr data-start=\"1437\" data-end=\"1440\">\n<h4 data-start=\"1442\" data-end=\"1478\"><strong data-start=\"1447\" data-end=\"1478\">Especificaciones t\u00e9cnicas \ud83e\uddea<\/strong><\/h4>\n<ul data-start=\"1479\" data-end=\"1763\">\n<li data-start=\"1479\" data-end=\"1506\"><strong>Composici\u00f3n: %(p\/v) <\/strong>\n<ul data-start=\"1479\" data-end=\"1763\">\n<li data-start=\"1479\" data-end=\"1506\">\n<p data-start=\"1481\" data-end=\"1506\"><strong data-start=\"1481\" data-end=\"1498\">Nitr\u00f3geno (N):<\/strong> 12,0 %<\/p>\n<\/li>\n<li data-start=\"1507\" data-end=\"1536\">\n<p data-start=\"1509\" data-end=\"1536\"><strong data-start=\"1509\" data-end=\"1529\">Magnesio (MgO):<\/strong> 5,0 %<\/p>\n<\/li>\n<li data-start=\"1537\" data-end=\"1565\">\n<p data-start=\"1539\" data-end=\"1565\"><strong data-start=\"1539\" data-end=\"1557\">Calcio (CaO):<\/strong> 15,0 %<\/p>\n<\/li>\n<\/ul>\n<\/li>\n<li data-start=\"1566\" data-end=\"1595\">\n<p data-start=\"1568\" data-end=\"1595\"><strong data-start=\"1568\" data-end=\"1583\">pH (1\/100):<\/strong> 5,0 \u2013 6,0<\/p>\n<\/li>\n<li data-start=\"1488\" data-end=\"1517\">\n<p data-start=\"1490\" data-end=\"1517\"><strong data-start=\"141\" data-end=\"156\">Aspecto:<\/strong> L\u00edquido; 100 % soluble en agua<\/p>\n<\/li>\n<li data-start=\"1566\" data-end=\"1595\">\n<p data-start=\"1568\" data-end=\"1595\"><strong data-start=\"1712\" data-end=\"1726\">Libre de:<\/strong> Cloruro, sodio y metales pesados<\/p>\n<\/li>\n<li data-start=\"1710\" data-end=\"1763\">\n<p data-start=\"1712\" data-end=\"1763\"><strong data-start=\"443\" data-end=\"454\">Volumen:<\/strong> 1 L, 5 L, 20 L<\/p>\n<\/li>\n<li data-start=\"1710\" data-end=\"1763\">\n<p data-start=\"1712\" data-end=\"1763\"><strong data-start=\"474\" data-end=\"488\">Embalaje:<\/strong> Botella de PEAD \/ Garrafa<\/p>\n<\/li>\n<li data-start=\"1710\" data-end=\"1763\">\n<hr data-start=\"515\" data-end=\"518\">\n<h3><strong>M\u00e9todos de aplicaci\u00f3n<\/strong><\/h3>\n<p>\ud83d\udca7 <strong>Fertirrigaci\u00f3n<\/strong><br \/>\n\ud83c\udf3f   <strong>Aplicaci\u00f3n foliar<\/strong><\/li>\n<\/ul>\n<p>&nbsp;<\/p>\n","protected":false},"excerpt":{"rendered":"<p>Dragon Magical es una formulaci\u00f3n l\u00edquida transparente dise\u00f1ada para proporcionar a las plantas calcio y magnesio esenciales, elementos vitales para un crecimiento fuerte y una calidad de fruto superior.La inclusi\u00f3n de nitr\u00f3geno a base de nitrato garantiza una r\u00e1pida absorci\u00f3n de nutrientes y una utilizaci\u00f3n eficiente por parte de la planta, lo que convierte a [&hellip;]<\/p>\n","protected":false},"featured_media":4519,"comment_status":"open","ping_status":"closed","template":"","meta":{"_et_pb_use_builder":"","_et_pb_old_content":"","_et_gb_content_width":""},"product_brand":[],"product_cat":[158],"product_tag":[],"class_list":{"0":"post-4518","1":"product","2":"type-product","3":"status-publish","4":"has-post-thumbnail","6":"product_cat-especialidad-dragon","8":"first","9":"instock","10":"shipping-taxable","11":"product-type-simple"},"_links":{"self":[{"href":"https:\/\/dragonagricultural.com\/es\/wp-json\/wp\/v2\/product\/4518","targetHints":{"allow":["GET"]}}],"collection":[{"href":"https:\/\/dragonagricultural.com\/es\/wp-json\/wp\/v2\/product"}],"about":[{"href":"https:\/\/dragonagricultural.com\/es\/wp-json\/wp\/v2\/types\/product"}],"replies":[{"embeddable":true,"href":"https:\/\/dragonagricultural.com\/es\/wp-json\/wp\/v2\/comments?post=4518"}],"wp:featuredmedia":[{"embeddable":true,"href":"https:\/\/dragonagricultural.com\/es\/wp-json\/wp\/v2\/media\/4519"}],"wp:attachment":[{"href":"https:\/\/dragonagricultural.com\/es\/wp-json\/wp\/v2\/media?parent=4518"}],"wp:term":[{"taxonomy":"product_brand","embeddable":true,"href":"https:\/\/dragonagricultural.com\/es\/wp-json\/wp\/v2\/product_brand?post=4518"},{"taxonomy":"product_cat","embeddable":true,"href":"https:\/\/dragonagricultural.com\/es\/wp-json\/wp\/v2\/product_cat?post=4518"},{"taxonomy":"product_tag","embeddable":true,"href":"https:\/\/dragonagricultural.com\/es\/wp-json\/wp\/v2\/product_tag?post=4518"}],"curies":[{"name":"wp","href":"https:\/\/api.w.org\/{rel}","templated":true}]}}