{"id":4512,"date":"2025-10-26T06:03:47","date_gmt":"2025-10-26T06:03:47","guid":{"rendered":"https:\/\/dragonagricultural.com\/products\/dragon-phocal\/"},"modified":"2025-12-10T10:19:13","modified_gmt":"2025-12-10T10:19:13","slug":"dragon-phocal","status":"publish","type":"product","link":"https:\/\/dragonagricultural.com\/es\/products\/especialidad-dragon\/dragon-phocal\/","title":{"rendered":"Dragon PhoCal"},"content":{"rendered":"<p data-start=\"224\" data-end=\"418\"><strong data-start=\"224\" data-end=\"241\">Dragon PhoCal<\/strong> es un fertilizante l\u00edquido especializado que combina <strong data-start=\"291\" data-end=\"325\">f\u00f3sforo, calcio y boro<\/strong>, enriquecido con <strong data-start=\"341\" data-end=\"356\">amino\u00e1cidos<\/strong> para asegurar una r\u00e1pida absorci\u00f3n y una eficaz entrega de nutrientes.<\/p>\n<p data-start=\"420\" data-end=\"756\">Su formulaci\u00f3n \u00fanica proporciona <strong data-start=\"452\" data-end=\"513\">f\u00f3sforo y calcio sin conflicto alguno<\/strong>, garantizando <strong data-start=\"524\" data-end=\"555\">una eficiencia \u00f3ptima de los nutrientes<\/strong> y <strong data-start=\"560\" data-end=\"583\">una planta fuerte y sana<\/strong>.<\/p>\n<hr data-start=\"875\" data-end=\"878\">\n<h4 data-start=\"880\" data-end=\"901\"><strong data-start=\"885\" data-end=\"901\">Beneficios clave<\/strong><\/h4>\n<ul data-start=\"902\" data-end=\"1339\">\n<li data-start=\"902\" data-end=\"991\">\n<p data-start=\"904\" data-end=\"991\">Suministra <strong data-start=\"913\" data-end=\"939\">f\u00f3sforo y calcio<\/strong> simult\u00e1neamente sin precipitaci\u00f3n ni conflicto.<\/p>\n<\/li>\n<li data-start=\"992\" data-end=\"1053\">\n<p data-start=\"994\" data-end=\"1053\">Mejora la <strong data-start=\"1003\" data-end=\"1050\">floraci\u00f3n, el cuajado y la calidad de los frutos<\/strong>.<\/p>\n<\/li>\n<li data-start=\"1054\" data-end=\"1130\">\n<p data-start=\"1056\" data-end=\"1130\">Favorece <strong data-start=\"1065\" data-end=\"1097\">un fuerte desarrollo de la pared celular<\/strong> y mejora la resistencia de la planta.<\/p>\n<\/li>\n<li data-start=\"1131\" data-end=\"1209\">\n<p data-start=\"1133\" data-end=\"1209\">Aumenta la <strong data-start=\"1140\" data-end=\"1177\">absorci\u00f3n y translocaci\u00f3n de nutrientes<\/strong> con la ayuda de amino\u00e1cidos.<\/p>\n<\/li>\n<li data-start=\"1210\" data-end=\"1266\">\n<p data-start=\"1212\" data-end=\"1266\">Mejora la <strong data-start=\"1221\" data-end=\"1263\">firmeza, el color y la capacidad de almacenamiento de los frutos<\/strong>.<\/p>\n<\/li>\n<li data-start=\"1267\" data-end=\"1339\">\n<p data-start=\"1269\" data-end=\"1339\">Ideal para su uso en condiciones de estr\u00e9s para mantener una alta productividad.<\/p>\n<\/li>\n<\/ul>\n<hr data-start=\"1341\" data-end=\"1344\">\n<h4 data-start=\"1346\" data-end=\"1382\"><strong data-start=\"1351\" data-end=\"1382\">Especificaciones t\u00e9cnicas \ud83e\uddea<\/strong><\/h4>\n<ul data-start=\"1383\" data-end=\"1679\">\n<li data-start=\"1383\" data-end=\"1413\"><strong>Composici\u00f3n: %(w\/v)<\/strong>\n<ul data-start=\"1383\" data-end=\"1679\">\n<li data-start=\"1383\" data-end=\"1413\">\n<p data-start=\"1385\" data-end=\"1413\"><strong data-start=\"1385\" data-end=\"1407\">F\u00f3sforo (P\u2082O\u2085):<\/strong> 25 %<\/p>\n<\/li>\n<li data-start=\"1414\" data-end=\"1439\">\n<p data-start=\"1416\" data-end=\"1439\"><strong data-start=\"1416\" data-end=\"1434\">Calcio (CaO):<\/strong> 5 %<\/p>\n<\/li>\n<li data-start=\"1440\" data-end=\"1463\">\n<p data-start=\"1442\" data-end=\"1463\"><strong data-start=\"1442\" data-end=\"1456\">Boro (B):<\/strong> 0,1 %<\/p>\n<\/li>\n<li data-start=\"1464\" data-end=\"1487\">\n<p data-start=\"1466\" data-end=\"1487\"><strong data-start=\"1466\" data-end=\"1482\">Amino\u00e1cidos:<\/strong> 5 %<\/p>\n<\/li>\n<\/ul>\n<\/li>\n<li data-start=\"1488\" data-end=\"1517\">\n<p data-start=\"1490\" data-end=\"1517\"><strong data-start=\"1490\" data-end=\"1505\">pH (1\/100):<\/strong> 1,5 \u2013 2,5<\/p>\n<\/li>\n<li data-start=\"1488\" data-end=\"1517\">\n<p data-start=\"1490\" data-end=\"1517\"><strong data-start=\"141\" data-end=\"156\">Aspecto:<\/strong> L\u00edquido<\/p>\n<\/li>\n<li data-start=\"1488\" data-end=\"1517\">\n<p data-start=\"1490\" data-end=\"1517\"><strong data-start=\"360\" data-end=\"375\">Solubilidad:<\/strong> Totalmente soluble y libre de cloruro, sodio y metales pesados<\/p>\n<\/li>\n<li data-start=\"1488\" data-end=\"1517\">\n<p data-start=\"1490\" data-end=\"1517\"><strong data-start=\"443\" data-end=\"454\">Volumen:<\/strong> 1 L, 5 L, 20 L<\/p>\n<\/li>\n<li data-start=\"1488\" data-end=\"1517\">\n<p data-start=\"1490\" data-end=\"1517\"><strong data-start=\"474\" data-end=\"488\">Embalaje:<\/strong> Botella de PEAD \/ Garrafa<\/p>\n<\/li>\n<\/ul>\n<hr data-start=\"1713\" data-end=\"1716\">\n<h4 data-start=\"1718\" data-end=\"1746\"><strong data-start=\"1723\" data-end=\"1746\">M\u00e9todos de aplicaci\u00f3n<\/strong><\/h4>\n<p>\ud83d\udca7 <strong>Fertirrigaci\u00f3n<\/strong><br \/>\n\ud83c\udf3f   <strong>Aplicaci\u00f3n foliar<\/strong><\/p>\n","protected":false},"excerpt":{"rendered":"<p>Dragon PhoCal es un fertilizante l\u00edquido especializado que combina f\u00f3sforo, calcio y boro, enriquecido con amino\u00e1cidos para asegurar una r\u00e1pida absorci\u00f3n y una eficaz entrega de nutrientes. Su formulaci\u00f3n \u00fanica proporciona f\u00f3sforo y calcio sin conflicto alguno, garantizando una eficiencia \u00f3ptima de los nutrientes y una planta fuerte y sana. Beneficios clave Suministra f\u00f3sforo y [&hellip;]<\/p>\n","protected":false},"featured_media":4513,"comment_status":"open","ping_status":"closed","template":"","meta":{"_et_pb_use_builder":"","_et_pb_old_content":"","_et_gb_content_width":""},"product_brand":[],"product_cat":[158],"product_tag":[],"class_list":{"0":"post-4512","1":"product","2":"type-product","3":"status-publish","4":"has-post-thumbnail","6":"product_cat-especialidad-dragon","8":"first","9":"instock","10":"shipping-taxable","11":"product-type-simple"},"_links":{"self":[{"href":"https:\/\/dragonagricultural.com\/es\/wp-json\/wp\/v2\/product\/4512","targetHints":{"allow":["GET"]}}],"collection":[{"href":"https:\/\/dragonagricultural.com\/es\/wp-json\/wp\/v2\/product"}],"about":[{"href":"https:\/\/dragonagricultural.com\/es\/wp-json\/wp\/v2\/types\/product"}],"replies":[{"embeddable":true,"href":"https:\/\/dragonagricultural.com\/es\/wp-json\/wp\/v2\/comments?post=4512"}],"wp:featuredmedia":[{"embeddable":true,"href":"https:\/\/dragonagricultural.com\/es\/wp-json\/wp\/v2\/media\/4513"}],"wp:attachment":[{"href":"https:\/\/dragonagricultural.com\/es\/wp-json\/wp\/v2\/media?parent=4512"}],"wp:term":[{"taxonomy":"product_brand","embeddable":true,"href":"https:\/\/dragonagricultural.com\/es\/wp-json\/wp\/v2\/product_brand?post=4512"},{"taxonomy":"product_cat","embeddable":true,"href":"https:\/\/dragonagricultural.com\/es\/wp-json\/wp\/v2\/product_cat?post=4512"},{"taxonomy":"product_tag","embeddable":true,"href":"https:\/\/dragonagricultural.com\/es\/wp-json\/wp\/v2\/product_tag?post=4512"}],"curies":[{"name":"wp","href":"https:\/\/api.w.org\/{rel}","templated":true}]}}