{"id":4501,"date":"2025-10-25T13:48:11","date_gmt":"2025-10-25T13:48:11","guid":{"rendered":"https:\/\/dragonagricultural.com\/products\/pasta-dragon-alto-nitrogeno\/"},"modified":"2025-12-10T10:02:33","modified_gmt":"2025-12-10T10:02:33","slug":"pasta-dragon-alto-nitrogeno","status":"publish","type":"product","link":"https:\/\/dragonagricultural.com\/es\/products\/pasta-dragon\/pasta-dragon-alto-nitrogeno\/","title":{"rendered":"Pasta Drag\u00f3n Alto Nitr\u00f3geno"},"content":{"rendered":"<h3>F\u00f3rmulas de pasta con alto contenido de nitr\u00f3geno para el crecimiento vegetativo y el desarrollo de las hojas<\/h3>\n<p>Este Drag\u00f3n desempe\u00f1a un papel fundamental en el fomento de un crecimiento vegetativo robusto. El abundante nitr\u00f3geno estimula el desarrollo de un follaje exuberante, tallos robustos y ramas prol\u00edficas, contribuyendo al tama\u00f1o y vigor general de la planta. Adem\u00e1s, la presencia de f\u00f3sforo facilita un fuerte crecimiento de las ra\u00edces, mejorando la absorci\u00f3n de nutrientes y fortaleciendo la planta contra los factores de estr\u00e9s ambiental.  <\/p>\n<h3 data-start=\"1323\" data-end=\"1457\"><\/h3>\n<h3 data-start=\"1323\" data-end=\"1457\"><strong data-start=\"1326\" data-end=\"1364\">F\u00f3rmulas disponibles (todo en % p\/v):<\/strong><\/h3>\n<ul>\n<li>\n<div class=\"icon\"><span style=\"color: #008000;\"><strong>30-10-10+TE<\/strong><\/span><\/div>\n<\/li>\n<li>\n<div class=\"icon\"><span style=\"color: #008000;\"><strong>40-10-10+TE<\/strong><\/span><\/div>\n<\/li>\n<\/ul>\n<h3><strong data-start=\"2254\" data-end=\"2285\">Especificaciones t\u00e9cnicas \ud83e\uddea<br \/>\n<\/strong><\/h3>\n<ul>\n<li>Aspecto: Pasta; 100 % soluble en agua<\/li>\n<li>pH: 2,5-3,5<\/li>\n<li>Todas las f\u00f3rmulas son totalmente solubles y no contienen cloruro, sodio ni metales pesados.<\/li>\n<li>Volumen: 1 kg, 5 kg, 10 kg, 20 kg<\/li>\n<li>Embalaje: Cubo de PEAD con bolsa interior<\/li>\n<\/ul>\n<div>\n<div>\n<div><strong style=\"color: #333333; font-size: 22px;\" data-start=\"366\" data-end=\"389\">M\u00e9todos de aplicaci\u00f3n<\/strong><\/div>\n<\/div>\n<div>\n<p data-start=\"390\" data-end=\"607\">\ud83d\udca7 <strong data-start=\"393\" data-end=\"408\">Fertirrigaci\u00f3n<\/strong>: apto para sistemas de riego, lo que garantiza una entrega profunda de nutrientes a la zona de la ra\u00edz.<br data-start=\"493\" data-end=\"496\">\ud83c\udf3f <strong data-start=\"499\" data-end=\"521\">Aplicaci\u00f3n foliar<\/strong>: ideal para una r\u00e1pida absorci\u00f3n de nutrientes a trav\u00e9s de las hojas durante las etapas cr\u00edticas de crecimiento.<\/p>\n<\/div>\n<\/div>\n<div class=\"icon\"><\/div>\n","protected":false},"excerpt":{"rendered":"<p>F\u00f3rmulas de pasta con alto contenido de nitr\u00f3geno para el crecimiento vegetativo y el desarrollo de las hojas Este Drag\u00f3n desempe\u00f1a un papel fundamental en el fomento de un crecimiento vegetativo robusto. El abundante nitr\u00f3geno estimula el desarrollo de un follaje exuberante, tallos robustos y ramas prol\u00edficas, contribuyendo al tama\u00f1o y vigor general de la [&hellip;]<\/p>\n","protected":false},"featured_media":4267,"comment_status":"open","ping_status":"closed","template":"","meta":{"_et_pb_use_builder":"","_et_pb_old_content":"","_et_gb_content_width":""},"product_brand":[],"product_cat":[167],"product_tag":[],"class_list":{"0":"post-4501","1":"product","2":"type-product","3":"status-publish","4":"has-post-thumbnail","6":"product_cat-pasta-dragon","8":"first","9":"instock","10":"shipping-taxable","11":"product-type-simple"},"_links":{"self":[{"href":"https:\/\/dragonagricultural.com\/es\/wp-json\/wp\/v2\/product\/4501","targetHints":{"allow":["GET"]}}],"collection":[{"href":"https:\/\/dragonagricultural.com\/es\/wp-json\/wp\/v2\/product"}],"about":[{"href":"https:\/\/dragonagricultural.com\/es\/wp-json\/wp\/v2\/types\/product"}],"replies":[{"embeddable":true,"href":"https:\/\/dragonagricultural.com\/es\/wp-json\/wp\/v2\/comments?post=4501"}],"wp:featuredmedia":[{"embeddable":true,"href":"https:\/\/dragonagricultural.com\/es\/wp-json\/wp\/v2\/media\/4267"}],"wp:attachment":[{"href":"https:\/\/dragonagricultural.com\/es\/wp-json\/wp\/v2\/media?parent=4501"}],"wp:term":[{"taxonomy":"product_brand","embeddable":true,"href":"https:\/\/dragonagricultural.com\/es\/wp-json\/wp\/v2\/product_brand?post=4501"},{"taxonomy":"product_cat","embeddable":true,"href":"https:\/\/dragonagricultural.com\/es\/wp-json\/wp\/v2\/product_cat?post=4501"},{"taxonomy":"product_tag","embeddable":true,"href":"https:\/\/dragonagricultural.com\/es\/wp-json\/wp\/v2\/product_tag?post=4501"}],"curies":[{"name":"wp","href":"https:\/\/api.w.org\/{rel}","templated":true}]}}