{"id":4497,"date":"2025-10-25T14:05:47","date_gmt":"2025-10-25T14:05:47","guid":{"rendered":"https:\/\/dragonagricultural.com\/products\/pasta-dragon-alto-potasio\/"},"modified":"2025-12-09T22:42:47","modified_gmt":"2025-12-09T22:42:47","slug":"pasta-dragon-alto-potasio","status":"publish","type":"product","link":"https:\/\/dragonagricultural.com\/es\/products\/pasta-dragon\/pasta-dragon-alto-potasio\/","title":{"rendered":"Pasta Drag\u00f3n Alto Potasio"},"content":{"rendered":"<h2>Desbloquee todo el potencial de sus plantas<\/h2>\n<p><strong>Dragon High Potassium Paste<\/strong> es una f\u00f3rmula revolucionaria dise\u00f1ada para favorecer el crecimiento robusto y la resistencia de sus plantas. Repleto de un alto contenido esencial de potasio, este producto es imprescindible para los cultivadores que buscan mejorar la salud y la vitalidad de sus cultivos. El potasio desempe\u00f1a un papel fundamental en la regulaci\u00f3n de importantes procesos biol\u00f3gicos dentro de las plantas, como garantizar un crecimiento oportuno, aumentar la resistencia a las enfermedades y prepararlas para soportar condiciones ambientales dif\u00edciles. Al utilizar Dragon High Potassium Paste, est\u00e1 invirtiendo en la vitalidad a largo plazo de sus plantas y en su capacidad para prosperar en diversas circunstancias.<x id=\"gid_1\"><\/x>Dragon High Potassium Paste tambi\u00e9n contribuye a mejorar la calidad general de las frutas, verduras y otros cultivos, lo que lo hace ideal para jardineros y profesionales agr\u00edcolas que son conscientes de su rendimiento. Al integrar este producto en su rutina de plantaci\u00f3n, notar\u00e1 mejoras notables en el tama\u00f1o, el sabor, la textura y el contenido de nutrientes de los cultivos.    <\/p>\n<h3><strong data-start=\"1326\" data-end=\"1364\">F\u00f3rmulas disponibles (todo en % p\/v):<\/strong><\/h3>\n<div class=\"text\">\n<ul>\n<li><span style=\"color: #800000;\">6-6-60+TE<\/span><\/li>\n<li><span style=\"color: #800000;\">10-5-60+TE<\/span><\/li>\n<li><span style=\"color: #800000;\">15-5-50+TE<\/span><\/li>\n<li><span style=\"color: #800000;\">20-10-60+TE<\/span><\/li>\n<\/ul>\n<div class=\"text\">\n<p>&nbsp;<\/p>\n<\/div>\n<\/div>\n<h3><strong data-start=\"2254\" data-end=\"2285\">Especificaciones t\u00e9cnicas \ud83e\uddea<br \/>\n<\/strong><\/h3>\n<ul>\n<li>Aspecto: Pasta; 100 % soluble en agua<\/li>\n<li>pH: 2,5-3,5<\/li>\n<li>Todas las f\u00f3rmulas son totalmente solubles y no contienen cloruro, sodio ni metales pesados.<\/li>\n<li>Volumen: 1 kg, 5 kg, 10 kg, 20 kg<\/li>\n<li>Embalaje: Cubo de PEAD con bolsa interior<\/li>\n<\/ul>\n<h3><strong>M\u00e9todos de aplicaci\u00f3n<\/strong><\/h3>\n<p data-start=\"390\" data-end=\"607\">\ud83d\udca7 <strong data-start=\"393\" data-end=\"408\">Fertirrigaci\u00f3n<\/strong>: adecuado para sistemas de riego, lo que garantiza una entrega profunda de nutrientes a la zona de la ra\u00edz.<br data-start=\"493\" data-end=\"496\">\ud83c\udf3f <strong data-start=\"499\" data-end=\"521\">Aplicaci\u00f3n foliar<\/strong>: ideal para una r\u00e1pida absorci\u00f3n de nutrientes a trav\u00e9s de las hojas durante las etapas cr\u00edticas de crecimiento.<\/p>\n<p data-start=\"609\" data-end=\"713\">\n","protected":false},"excerpt":{"rendered":"<p>Desbloquee todo el potencial de sus plantas Dragon High Potassium Paste es una f\u00f3rmula revolucionaria dise\u00f1ada para favorecer el crecimiento robusto y la resistencia de sus plantas. Repleto de un alto contenido esencial de potasio, este producto es imprescindible para los cultivadores que buscan mejorar la salud y la vitalidad de sus cultivos. El potasio [&hellip;]<\/p>\n","protected":false},"featured_media":4270,"comment_status":"open","ping_status":"closed","template":"","meta":{"_et_pb_use_builder":"","_et_pb_old_content":"","_et_gb_content_width":""},"product_brand":[],"product_cat":[167],"product_tag":[],"class_list":{"0":"post-4497","1":"product","2":"type-product","3":"status-publish","4":"has-post-thumbnail","6":"product_cat-pasta-dragon","8":"first","9":"instock","10":"shipping-taxable","11":"product-type-simple"},"_links":{"self":[{"href":"https:\/\/dragonagricultural.com\/es\/wp-json\/wp\/v2\/product\/4497","targetHints":{"allow":["GET"]}}],"collection":[{"href":"https:\/\/dragonagricultural.com\/es\/wp-json\/wp\/v2\/product"}],"about":[{"href":"https:\/\/dragonagricultural.com\/es\/wp-json\/wp\/v2\/types\/product"}],"replies":[{"embeddable":true,"href":"https:\/\/dragonagricultural.com\/es\/wp-json\/wp\/v2\/comments?post=4497"}],"wp:featuredmedia":[{"embeddable":true,"href":"https:\/\/dragonagricultural.com\/es\/wp-json\/wp\/v2\/media\/4270"}],"wp:attachment":[{"href":"https:\/\/dragonagricultural.com\/es\/wp-json\/wp\/v2\/media?parent=4497"}],"wp:term":[{"taxonomy":"product_brand","embeddable":true,"href":"https:\/\/dragonagricultural.com\/es\/wp-json\/wp\/v2\/product_brand?post=4497"},{"taxonomy":"product_cat","embeddable":true,"href":"https:\/\/dragonagricultural.com\/es\/wp-json\/wp\/v2\/product_cat?post=4497"},{"taxonomy":"product_tag","embeddable":true,"href":"https:\/\/dragonagricultural.com\/es\/wp-json\/wp\/v2\/product_tag?post=4497"}],"curies":[{"name":"wp","href":"https:\/\/api.w.org\/{rel}","templated":true}]}}