{"id":4475,"date":"2025-10-26T06:25:37","date_gmt":"2025-10-26T06:25:37","guid":{"rendered":"https:\/\/dragonagricultural.com\/products\/dragon-mix\/"},"modified":"2025-12-10T10:25:39","modified_gmt":"2025-12-10T10:25:39","slug":"dragon-mix","status":"publish","type":"product","link":"https:\/\/dragonagricultural.com\/es\/products\/elementos-menores-del-dragon\/dragon-mix\/","title":{"rendered":"Dragon Mix"},"content":{"rendered":"<p data-start=\"218\" data-end=\"503\"><strong data-start=\"218\" data-end=\"232\">Dragon Mix<\/strong> es una f\u00f3rmula quelatada org\u00e1nica 100 % soluble en agua, libre de <strong data-start=\"293\" data-end=\"331\">cloruro, sodio y metales pesados<\/strong>.<br data-start=\"332\" data-end=\"335\">Contiene una combinaci\u00f3n equilibrada de <strong data-start=\"373\" data-end=\"401\">micronutrientes esenciales<\/strong> con <strong data-start=\"407\" data-end=\"425\">materia org\u00e1nica<\/strong> en un <strong data-start=\"432\" data-end=\"445\">pH \u00e1cido<\/strong>, lo que garantiza una absorci\u00f3n r\u00e1pida y eficiente de nutrientes por parte de las plantas.<\/p>\n<hr data-start=\"657\" data-end=\"660\">\n<h4 data-start=\"662\" data-end=\"683\"><strong data-start=\"667\" data-end=\"683\">Beneficios clave<\/strong><\/h4>\n<ul data-start=\"684\" data-end=\"1262\">\n<li data-start=\"684\" data-end=\"771\">\n<p data-start=\"686\" data-end=\"771\"><strong data-start=\"686\" data-end=\"707\">Absorci\u00f3n r\u00e1pida:<\/strong> Suministra nutrientes altamente disponibles para una respuesta r\u00e1pida de la planta.<\/p>\n<\/li>\n<li data-start=\"772\" data-end=\"863\">\n<p data-start=\"774\" data-end=\"863\"><strong data-start=\"774\" data-end=\"804\">Beneficios para el suelo y la zona radicular:<\/strong> Impulsa la actividad microbiana y mejora el desarrollo de las ra\u00edces.<\/p>\n<\/li>\n<li data-start=\"864\" data-end=\"967\">\n<p data-start=\"866\" data-end=\"967\"><strong data-start=\"866\" data-end=\"889\">Nutrici\u00f3n equilibrada:<\/strong> Proporciona m\u00faltiples micronutrientes en una sola f\u00f3rmula para un soporte completo de la planta.<\/p>\n<\/li>\n<li data-start=\"968\" data-end=\"1038\">\n<p data-start=\"970\" data-end=\"1038\"><strong data-start=\"970\" data-end=\"1004\">Mejora la formaci\u00f3n de clorofila<\/strong> e impulsa el vigor general de la planta.<\/p>\n<\/li>\n<li data-start=\"1039\" data-end=\"1189\">\n<p data-start=\"1041\" data-end=\"1189\"><strong data-start=\"1041\" data-end=\"1067\">Eficiencia comparable:<\/strong> Igual rendimiento que los agentes quelantes premium como <strong data-start=\"1125\" data-end=\"1134\">EDDHA<\/strong> y <strong data-start=\"1139\" data-end=\"1147\">EDTA<\/strong>, ofreciendo una alternativa rentable.<\/p>\n<\/li>\n<\/ul>\n<hr data-start=\"1264\" data-end=\"1267\">\n<h4 data-start=\"1269\" data-end=\"1305\"><strong data-start=\"1274\" data-end=\"1305\">Especificaciones t\u00e9cnicas \ud83e\uddea<\/strong><\/h4>\n<ul data-start=\"1306\" data-end=\"1618\">\n<li data-start=\"1306\" data-end=\"1333\"><strong data-start=\"951\" data-end=\"967\">Composici\u00f3n: % (p\/p)<\/strong>\n<ul data-start=\"1306\" data-end=\"1618\">\n<li data-start=\"1306\" data-end=\"1333\">\n<p data-start=\"1308\" data-end=\"1333\"><strong data-start=\"1308\" data-end=\"1327\">Materia org\u00e1nica:<\/strong> 40 %<\/p>\n<\/li>\n<li data-start=\"1334\" data-end=\"1357\">\n<p data-start=\"1336\" data-end=\"1357\"><strong data-start=\"1336\" data-end=\"1350\">Hierro (Fe):<\/strong> 4,5 %<\/p>\n<\/li>\n<li data-start=\"1358\" data-end=\"1393\">\n<p data-start=\"1360\" data-end=\"1393\"><strong data-start=\"1360\" data-end=\"1386\">\u00d3xido de magnesio (MgO):<\/strong> 4,5 %<\/p>\n<\/li>\n<li data-start=\"1394\" data-end=\"1419\">\n<p data-start=\"1396\" data-end=\"1419\"><strong data-start=\"1396\" data-end=\"1412\">Cobre (Cu):<\/strong> 0,5 %<\/p>\n<\/li>\n<li data-start=\"1420\" data-end=\"1448\">\n<p data-start=\"1422\" data-end=\"1448\"><strong data-start=\"1422\" data-end=\"1441\">Manganeso (Mn):<\/strong> 3,0 %<\/p>\n<\/li>\n<li data-start=\"1449\" data-end=\"1472\">\n<p data-start=\"1451\" data-end=\"1472\"><strong data-start=\"1451\" data-end=\"1465\">Zinc (Zn):<\/strong> 3,0 %<\/p>\n<\/li>\n<li data-start=\"1473\" data-end=\"1496\">\n<p data-start=\"1475\" data-end=\"1496\"><strong data-start=\"1475\" data-end=\"1489\">Boro (B):<\/strong> 1,0 %<\/p>\n<\/li>\n<li data-start=\"1497\" data-end=\"1527\">\n<p data-start=\"1499\" data-end=\"1527\"><strong data-start=\"1499\" data-end=\"1519\">Molibdeno (Mo):<\/strong> 0,01 %<\/p>\n<\/li>\n<\/ul>\n<\/li>\n<li data-start=\"1528\" data-end=\"1557\">\n<p data-start=\"1530\" data-end=\"1557\"><strong data-start=\"1530\" data-end=\"1545\">pH (1\/100):<\/strong> 3,0 \u2013 4,0<\/p>\n<\/li>\n<li data-start=\"1005\" data-end=\"1064\">\n<p data-start=\"1007\" data-end=\"1064\"><strong data-start=\"1007\" data-end=\"1022\">Aspecto:<\/strong> Polvo org\u00e1nico fino<\/p>\n<\/li>\n<li data-start=\"1250\" data-end=\"1277\">\n<p data-start=\"1252\" data-end=\"1277\"><strong data-start=\"1252\" data-end=\"1263\">Volumen:<\/strong> 1 kg, 10 kg<\/p>\n<\/li>\n<li data-start=\"1278\" data-end=\"1323\">\n<p data-start=\"1280\" data-end=\"1323\"><strong data-start=\"1280\" data-end=\"1294\">Embalaje:<\/strong> Bolsas \/ sobres multicapa<\/p>\n<\/li>\n<\/ul>\n<hr data-start=\"1620\" data-end=\"1623\">\n<h4 data-start=\"1625\" data-end=\"1653\"><strong data-start=\"1630\" data-end=\"1653\">M\u00e9todos de aplicaci\u00f3n<\/strong><\/h4>\n<p>\ud83d\udca7 <strong>Fertirrigaci\u00f3n<\/strong><br \/>\n\ud83c\udf3f   <strong>Aplicaci\u00f3n foliar<\/strong><\/p>\n<p>Durante todo el ciclo de crecimiento: seguro para uso foliar sin problemas de residuos, ideal para la agricultura sostenible.<\/p>\n<p>&nbsp;<\/p>\n","protected":false},"excerpt":{"rendered":"<p>Dragon Mix es una f\u00f3rmula quelatada org\u00e1nica 100 % soluble en agua, libre de cloruro, sodio y metales pesados.Contiene una combinaci\u00f3n equilibrada de micronutrientes esenciales con materia org\u00e1nica en un pH \u00e1cido, lo que garantiza una absorci\u00f3n r\u00e1pida y eficiente de nutrientes por parte de las plantas. Beneficios clave Absorci\u00f3n r\u00e1pida: Suministra nutrientes altamente disponibles [&hellip;]<\/p>\n","protected":false},"featured_media":4480,"comment_status":"open","ping_status":"closed","template":"","meta":{"_et_pb_use_builder":"","_et_pb_old_content":"","_et_gb_content_width":""},"product_brand":[],"product_cat":[140,139],"product_tag":[],"class_list":{"0":"post-4475","1":"product","2":"type-product","3":"status-publish","4":"has-post-thumbnail","6":"product_cat-dragon-ecologico","7":"product_cat-elementos-menores-del-dragon","9":"first","10":"instock","11":"shipping-taxable","12":"product-type-simple"},"_links":{"self":[{"href":"https:\/\/dragonagricultural.com\/es\/wp-json\/wp\/v2\/product\/4475","targetHints":{"allow":["GET"]}}],"collection":[{"href":"https:\/\/dragonagricultural.com\/es\/wp-json\/wp\/v2\/product"}],"about":[{"href":"https:\/\/dragonagricultural.com\/es\/wp-json\/wp\/v2\/types\/product"}],"replies":[{"embeddable":true,"href":"https:\/\/dragonagricultural.com\/es\/wp-json\/wp\/v2\/comments?post=4475"}],"wp:featuredmedia":[{"embeddable":true,"href":"https:\/\/dragonagricultural.com\/es\/wp-json\/wp\/v2\/media\/4480"}],"wp:attachment":[{"href":"https:\/\/dragonagricultural.com\/es\/wp-json\/wp\/v2\/media?parent=4475"}],"wp:term":[{"taxonomy":"product_brand","embeddable":true,"href":"https:\/\/dragonagricultural.com\/es\/wp-json\/wp\/v2\/product_brand?post=4475"},{"taxonomy":"product_cat","embeddable":true,"href":"https:\/\/dragonagricultural.com\/es\/wp-json\/wp\/v2\/product_cat?post=4475"},{"taxonomy":"product_tag","embeddable":true,"href":"https:\/\/dragonagricultural.com\/es\/wp-json\/wp\/v2\/product_tag?post=4475"}],"curies":[{"name":"wp","href":"https:\/\/api.w.org\/{rel}","templated":true}]}}