{"id":4362,"date":"2025-10-26T08:53:10","date_gmt":"2025-10-26T08:53:10","guid":{"rendered":"https:\/\/dragonagricultural.com\/products\/dragon-fert-alto-fosforo\/"},"modified":"2025-12-08T13:21:54","modified_gmt":"2025-12-08T13:21:54","slug":"dragon-fert-alto-fosforo","status":"publish","type":"product","link":"https:\/\/dragonagricultural.com\/es\/products\/dragon-fert-polvo-soluble\/dragon-fert-alto-fosforo\/","title":{"rendered":"Dragon Fert Alto F\u00f3sforo"},"content":{"rendered":"<p><strong>Las f\u00f3rmulas de Dragon Fert con alto contenido de f\u00f3sforo totalmente disponible<\/strong> se pueden utilizar como aplicaci\u00f3n de inicio para el desarrollo de las ra\u00edces y despu\u00e9s del trasplante. Mejora e incrementa: el crecimiento de las ra\u00edces, la floraci\u00f3n y las tasas de crecimiento en todas las partes de la planta. Cada una de nuestras f\u00f3rmulas cuenta con un alto nivel de acidez, que sirve para disminuir la alcalinidad en la zona de la ra\u00edz y liberar elementos fijados de aplicaciones anteriores, lo que garantiza una absorci\u00f3n \u00f3ptima de nutrientes por parte de las plantas.  <\/p>\n<h3 data-start=\"1323\" data-end=\"1457\"><strong data-start=\"1326\" data-end=\"1364\">F\u00f3rmulas disponibles (todas en % p\/p):<br \/>\n<\/strong><\/h3>\n<div class=\"text\">\n<ul class=\"list-unstyled service-details__choose-points\">\n<li>\n<div class=\"icon\"><strong><span style=\"color: #ffcc00;\">10-40-8+3 % MgO<\/span><\/strong><\/div>\n<\/li>\n<li>\n<div class=\"icon\"><strong><span style=\"color: #ffcc00;\">10-52-10+ME<\/span><\/strong><\/div>\n<\/li>\n<li>\n<div class=\"icon\"><strong><span style=\"color: #ffcc00;\">15-30-3+5 % CaO<\/span><\/strong><\/div>\n<\/li>\n<li>\n<div class=\"icon\"><strong><span style=\"color: #ffcc00;\">15-30-15+ME<\/span><\/strong><\/div>\n<\/li>\n<li>\n<div class=\"icon\"><strong><span style=\"color: #ffcc00;\">15-40-0+2 % CaO<\/span><\/strong><\/div>\n<\/li>\n<\/ul>\n<\/div>\n<h3><strong data-start=\"2254\" data-end=\"2285\">Especificaciones t\u00e9cnicas \ud83e\uddea<br \/>\n<\/strong><\/h3>\n<ul>\n<li>Aspecto: Polvo cristalino fino; 100 % soluble en agua<\/li>\n<li>pH: 4,5-5,5<\/li>\n<li>Todas las f\u00f3rmulas son totalmente solubles y no contienen cloruro, sodio ni metales pesados.<\/li>\n<li>Volumen: 1 kg, 10 kg, 25 kg<\/li>\n<li>Embalaje: Bolsas \/ sobres multicapa\n<div class=\"_tableContainer_1rjym_1\">\n<div class=\"group _tableWrapper_1rjym_13 flex w-fit flex-col-reverse\" tabindex=\"-1\"><\/div>\n<\/div>\n<\/li>\n<\/ul>\n<div>\n<div>\n<div>\n<h3><strong data-start=\"366\" data-end=\"389\">M\u00e9todos de aplicaci\u00f3n<\/strong><\/h3>\n<p data-start=\"390\" data-end=\"607\">\ud83d\udca7 <strong data-start=\"393\" data-end=\"408\">Fertirrigaci\u00f3n<\/strong>: adecuado para sistemas de riego, lo que garantiza una entrega profunda de nutrientes a la zona de la ra\u00edz.<br data-start=\"493\" data-end=\"496\">\ud83c\udf3f <strong data-start=\"499\" data-end=\"521\">Aplicaci\u00f3n foliar<\/strong>: ideal para la absorci\u00f3n r\u00e1pida de nutrientes a trav\u00e9s de las hojas durante las etapas cr\u00edticas de crecimiento.<\/p>\n<\/div>\n<\/div>\n<\/div>\n","protected":false},"excerpt":{"rendered":"<p>Las f\u00f3rmulas de Dragon Fert con alto contenido de f\u00f3sforo totalmente disponible se pueden utilizar como aplicaci\u00f3n de inicio para el desarrollo de las ra\u00edces y despu\u00e9s del trasplante. Mejora e incrementa: el crecimiento de las ra\u00edces, la floraci\u00f3n y las tasas de crecimiento en todas las partes de la planta. Cada una de nuestras [&hellip;]<\/p>\n","protected":false},"featured_media":4364,"comment_status":"open","ping_status":"closed","template":"","meta":{"_et_pb_use_builder":"","_et_pb_old_content":"","_et_gb_content_width":""},"product_brand":[],"product_cat":[117],"product_tag":[],"class_list":{"0":"post-4362","1":"product","2":"type-product","3":"status-publish","4":"has-post-thumbnail","6":"product_cat-dragon-fert-polvo-soluble","8":"first","9":"instock","10":"shipping-taxable","11":"product-type-simple"},"_links":{"self":[{"href":"https:\/\/dragonagricultural.com\/es\/wp-json\/wp\/v2\/product\/4362","targetHints":{"allow":["GET"]}}],"collection":[{"href":"https:\/\/dragonagricultural.com\/es\/wp-json\/wp\/v2\/product"}],"about":[{"href":"https:\/\/dragonagricultural.com\/es\/wp-json\/wp\/v2\/types\/product"}],"replies":[{"embeddable":true,"href":"https:\/\/dragonagricultural.com\/es\/wp-json\/wp\/v2\/comments?post=4362"}],"wp:featuredmedia":[{"embeddable":true,"href":"https:\/\/dragonagricultural.com\/es\/wp-json\/wp\/v2\/media\/4364"}],"wp:attachment":[{"href":"https:\/\/dragonagricultural.com\/es\/wp-json\/wp\/v2\/media?parent=4362"}],"wp:term":[{"taxonomy":"product_brand","embeddable":true,"href":"https:\/\/dragonagricultural.com\/es\/wp-json\/wp\/v2\/product_brand?post=4362"},{"taxonomy":"product_cat","embeddable":true,"href":"https:\/\/dragonagricultural.com\/es\/wp-json\/wp\/v2\/product_cat?post=4362"},{"taxonomy":"product_tag","embeddable":true,"href":"https:\/\/dragonagricultural.com\/es\/wp-json\/wp\/v2\/product_tag?post=4362"}],"curies":[{"name":"wp","href":"https:\/\/api.w.org\/{rel}","templated":true}]}}