{"id":4337,"date":"2025-11-05T11:33:34","date_gmt":"2025-11-05T11:33:34","guid":{"rendered":"https:\/\/dragonagricultural.com\/products\/dragon-pk-humico\/"},"modified":"2025-12-08T13:11:57","modified_gmt":"2025-12-08T13:11:57","slug":"dragon-pk-humico","status":"publish","type":"product","link":"https:\/\/dragonagricultural.com\/es\/products\/dragon-ecologico\/dragon-pk-humico\/","title":{"rendered":"Dragon PK H\u00famico"},"content":{"rendered":"<p data-start=\"240\" data-end=\"759\"><strong data-start=\"240\" data-end=\"259\">Dragon PK Humic<\/strong> es un l\u00edquido org\u00e1nico concentrado de <strong data-start=\"293\" data-end=\"306\">humato PK<\/strong> formulado para mejorar el r\u00e1pido desarrollo de las ra\u00edces y la salud del suelo. Proporciona <strong data-start=\"389\" data-end=\"424\">humato de f\u00f3sforo y potasio<\/strong> en formas altamente solubles, libre de <strong data-start=\"459\" data-end=\"497\">cloruro, sodio y metales pesados<\/strong>, garantizando un uso seguro y eficaz.<\/p>\n<hr data-start=\"761\" data-end=\"764\">\n<h4 data-start=\"766\" data-end=\"787\"><strong data-start=\"771\" data-end=\"787\">Beneficios clave<\/strong><\/h4>\n<ul data-start=\"788\" data-end=\"1155\">\n<li data-start=\"788\" data-end=\"852\">\n<p data-start=\"790\" data-end=\"852\">Mejora el <strong data-start=\"799\" data-end=\"819\">desarrollo de las ra\u00edces<\/strong> y el establecimiento temprano de la planta.<\/p>\n<\/li>\n<li data-start=\"853\" data-end=\"909\">\n<p data-start=\"855\" data-end=\"909\">Mejora la <strong data-start=\"864\" data-end=\"883\">absorci\u00f3n de nutrientes<\/strong> y la <strong data-start=\"888\" data-end=\"906\">estructura del suelo<\/strong>.<\/p>\n<\/li>\n<li data-start=\"910\" data-end=\"961\">\n<p data-start=\"912\" data-end=\"961\">Aumenta la <strong data-start=\"919\" data-end=\"937\">vitalidad de la planta<\/strong> y la tolerancia al estr\u00e9s.<\/p>\n<\/li>\n<li data-start=\"962\" data-end=\"1037\">\n<p data-start=\"964\" data-end=\"1037\">Garantiza una formulaci\u00f3n <strong data-start=\"972\" data-end=\"1001\">sin cloruro ni sodio<\/strong> para una aplicaci\u00f3n segura.<\/p>\n<\/li>\n<li data-start=\"1038\" data-end=\"1096\">\n<p data-start=\"1040\" data-end=\"1096\">Favorece la <strong data-start=\"1049\" data-end=\"1067\">r\u00e1pida recuperaci\u00f3n<\/strong> del estr\u00e9s ambiental.<\/p>\n<\/li>\n<\/ul>\n<hr>\n<h3 data-start=\"101\" data-end=\"136\"><strong data-start=\"105\" data-end=\"136\"><br \/>\nEspecificaciones t\u00e9cnicas \ud83e\uddea<\/strong><\/h3>\n<ul data-start=\"137\" data-end=\"473\">\n<li data-start=\"137\" data-end=\"169\">\n<p data-start=\"139\" data-end=\"169\"><strong data-start=\"139\" data-end=\"162\">Composici\u00f3n: % (p\/V)<\/strong><\/p>\n<ul data-start=\"137\" data-end=\"473\">\n<li data-start=\"137\" data-end=\"169\">\n<p data-start=\"139\" data-end=\"169\"><strong data-start=\"139\" data-end=\"162\">F\u00f3sforo (P\u2082O\u2085):<\/strong> 4,0 %<\/p>\n<\/li>\n<li data-start=\"170\" data-end=\"200\">\n<p data-start=\"172\" data-end=\"200\"><strong data-start=\"172\" data-end=\"192\">Potasio (K\u2082O):<\/strong> 11,0 %<\/p>\n<\/li>\n<li data-start=\"201\" data-end=\"225\">\n<p data-start=\"203\" data-end=\"225\"><strong data-start=\"203\" data-end=\"218\">\u00c1cido h\u00famico:<\/strong> 7,0 %<\/p>\n<\/li>\n<\/ul>\n<\/li>\n<li data-start=\"226\" data-end=\"256\">\n<p data-start=\"228\" data-end=\"256\"><strong data-start=\"228\" data-end=\"243\">pH (1\/100):<\/strong> 9,0 \u2013 11,0<\/p>\n<\/li>\n<li data-start=\"334\" data-end=\"354\"><strong data-start=\"336\" data-end=\"345\">Aspecto:<\/strong> L\u00edquido, 100 % soluble en agua<\/li>\n<li data-start=\"334\" data-end=\"354\"><strong data-start=\"360\" data-end=\"375\">Solubilidad:<\/strong> Totalmente soluble y libre de cloruro, sodio y metales pesados<\/li>\n<\/ul>\n<hr>\n<p>\ud83d\udca7 <strong>Fertirrigaci\u00f3n<\/strong>: durante cualquier etapa del crecimiento de la planta para mejorar la absorci\u00f3n de nutrientes y el desarrollo.<\/p>\n","protected":false},"excerpt":{"rendered":"<p>Dragon PK Humic es un l\u00edquido org\u00e1nico concentrado de humato PK formulado para mejorar el r\u00e1pido desarrollo de las ra\u00edces y la salud del suelo. Proporciona humato de f\u00f3sforo y potasio en formas altamente solubles, libre de cloruro, sodio y metales pesados, garantizando un uso seguro y eficaz. Beneficios clave Mejora el desarrollo de las [&hellip;]<\/p>\n","protected":false},"featured_media":4340,"comment_status":"open","ping_status":"closed","template":"","meta":{"_et_pb_use_builder":"","_et_pb_old_content":"","_et_gb_content_width":""},"product_brand":[],"product_cat":[140,158],"product_tag":[],"class_list":{"0":"post-4337","1":"product","2":"type-product","3":"status-publish","4":"has-post-thumbnail","6":"product_cat-dragon-ecologico","7":"product_cat-especialidad-dragon","9":"first","10":"instock","11":"shipping-taxable","12":"product-type-simple"},"_links":{"self":[{"href":"https:\/\/dragonagricultural.com\/es\/wp-json\/wp\/v2\/product\/4337","targetHints":{"allow":["GET"]}}],"collection":[{"href":"https:\/\/dragonagricultural.com\/es\/wp-json\/wp\/v2\/product"}],"about":[{"href":"https:\/\/dragonagricultural.com\/es\/wp-json\/wp\/v2\/types\/product"}],"replies":[{"embeddable":true,"href":"https:\/\/dragonagricultural.com\/es\/wp-json\/wp\/v2\/comments?post=4337"}],"wp:featuredmedia":[{"embeddable":true,"href":"https:\/\/dragonagricultural.com\/es\/wp-json\/wp\/v2\/media\/4340"}],"wp:attachment":[{"href":"https:\/\/dragonagricultural.com\/es\/wp-json\/wp\/v2\/media?parent=4337"}],"wp:term":[{"taxonomy":"product_brand","embeddable":true,"href":"https:\/\/dragonagricultural.com\/es\/wp-json\/wp\/v2\/product_brand?post=4337"},{"taxonomy":"product_cat","embeddable":true,"href":"https:\/\/dragonagricultural.com\/es\/wp-json\/wp\/v2\/product_cat?post=4337"},{"taxonomy":"product_tag","embeddable":true,"href":"https:\/\/dragonagricultural.com\/es\/wp-json\/wp\/v2\/product_tag?post=4337"}],"curies":[{"name":"wp","href":"https:\/\/api.w.org\/{rel}","templated":true}]}}