{"id":4336,"date":"2025-11-04T05:45:25","date_gmt":"2025-11-04T05:45:25","guid":{"rendered":"https:\/\/dragonagricultural.com\/products\/npkcao\/"},"modified":"2025-12-09T11:56:45","modified_gmt":"2025-12-09T11:56:45","slug":"npkcao","status":"publish","type":"product","link":"https:\/\/dragonagricultural.com\/es\/products\/pasta-dragon\/npkcao\/","title":{"rendered":"NPK+CaO"},"content":{"rendered":"<h3 data-start=\"126\" data-end=\"161\"><strong data-start=\"130\" data-end=\"161\">Fertilizantes en pasta NPK + CaO<\/strong><\/h3>\n<p data-start=\"163\" data-end=\"592\">La serie Dragon Paste NPK + CaO representa una nueva generaci\u00f3n de fertilizantes en pasta concentrados, que combinan un <strong data-start=\"266\" data-end=\"315\">equilibrio de macronutrientes con la innovaci\u00f3n del calcio<\/strong> para lograr cultivos m\u00e1s fuertes, sanos y productivos.<br data-start=\"374\" data-end=\"377\">Estas formulaciones est\u00e1n dise\u00f1adas para suministrar <strong data-start=\"420\" data-end=\"471\">Nitr\u00f3geno (N), F\u00f3sforo (P) y Potasio (K)<\/strong> junto con <strong data-start=\"482\" data-end=\"499\">Calcio (CaO)<\/strong>, lo que garantiza una absorci\u00f3n eficiente de los nutrientes sin precipitaci\u00f3n ni antagonismo entre los elementos.<\/p>\n<p data-start=\"594\" data-end=\"1012\">El calcio desempe\u00f1a un papel fundamental en la mejora de la <strong data-start=\"634\" data-end=\"656\">fortaleza de la pared celular<\/strong>, el <strong data-start=\"658\" data-end=\"680\">transporte de nutrientes<\/strong> y la <strong data-start=\"686\" data-end=\"703\">calidad de la fruta<\/strong>, mientras que los elementos NPK favorecen el crecimiento de las ra\u00edces, la floraci\u00f3n y el desarrollo de la fruta.<br data-start=\"778\" data-end=\"781\">Esta combinaci\u00f3n \u00fanica proporciona a los agricultores una soluci\u00f3n vers\u00e1til adecuada para m\u00faltiples etapas de crecimiento, desde el establecimiento temprano de las ra\u00edces hasta el llenado y la maduraci\u00f3n de la fruta, lo que garantiza un <strong data-start=\"957\" data-end=\"1009\">rendimiento constante y una calidad superior de la cosecha<\/strong>.<\/p>\n<h3><span style=\"color: #ff6600;\"><strong>Dragon Paste 6-40-13 + 11CaO<\/strong><\/span><\/h3>\n<p>Un fertilizante en pasta concentrado dise\u00f1ado para las primeras etapas de crecimiento y floraci\u00f3n.<br \/>\nProporciona un fuerte impulso de <strong>f\u00f3sforo<\/strong> para estimular el desarrollo de las ra\u00edces y la iniciaci\u00f3n de la floraci\u00f3n, mientras que el <strong>calcio<\/strong> fortalece las paredes celulares de la planta y mejora el transporte de nutrientes, todo ello sin conflicto entre los dos elementos.<br \/>\nPerfecto para usar al <strong>comienzo de la floraci\u00f3n y el cuajado de los frutos<\/strong> para asegurar ra\u00edces fuertes y frutos sanos y uniformes.<\/p>\n<h3><span style=\"color: #ff6600;\"><strong>Dragon Paste 17-10-36 + 8CaO<\/strong><\/span><\/h3>\n<p>Una formulaci\u00f3n avanzada rica en <strong>potasio y calcio<\/strong>, ideal para las etapas de llenado y maduraci\u00f3n de la fruta.<br \/>\nEl potasio mejora el tama\u00f1o, el color y el contenido de az\u00facar de la fruta, mientras que el calcio mejora la firmeza y la vida \u00fatil, lo que garantiza una calidad superior de la fruta desde la cosecha hasta el mercado.<br \/>\nMantiene un nivel equilibrado de nitr\u00f3geno para la vitalidad continua de la planta durante toda la producci\u00f3n.<\/p>\n<h3><strong data-start=\"2254\" data-end=\"2285\">Especificaciones t\u00e9cnicas \ud83e\uddea<br \/>\n<\/strong><\/h3>\n<ul>\n<li>Aspecto: Pasta; 100 % soluble en agua<\/li>\n<li>pH: 2,5-3,5<\/li>\n<li>Todas las f\u00f3rmulas son totalmente solubles y no contienen cloruro, sodio ni metales pesados.<\/li>\n<li>Volumen: 1 kg, 5 kg, 10 kg, 20 kg<\/li>\n<li>Embalaje: Cubo de PEAD con bolsa interior<\/li>\n<\/ul>\n<h3><strong>M\u00e9todos de aplicaci\u00f3n<\/strong><\/h3>\n<p data-start=\"390\" data-end=\"607\">\ud83d\udca7 <strong data-start=\"393\" data-end=\"408\">Fertirrigaci\u00f3n<\/strong>: adecuado para sistemas de riego, lo que garantiza una entrega profunda de nutrientes a la zona de la ra\u00edz.<br data-start=\"493\" data-end=\"496\">\ud83c\udf3f <strong data-start=\"499\" data-end=\"521\">Aplicaci\u00f3n foliar<\/strong>: ideal para la r\u00e1pida absorci\u00f3n de nutrientes a trav\u00e9s de las hojas durante las etapas cr\u00edticas de crecimiento.<\/p>\n","protected":false},"excerpt":{"rendered":"<p>Fertilizantes en pasta NPK + CaO La serie Dragon Paste NPK + CaO representa una nueva generaci\u00f3n de fertilizantes en pasta concentrados, que combinan un equilibrio de macronutrientes con la innovaci\u00f3n del calcio para lograr cultivos m\u00e1s fuertes, sanos y productivos.Estas formulaciones est\u00e1n dise\u00f1adas para suministrar Nitr\u00f3geno (N), F\u00f3sforo (P) y Potasio (K) junto con [&hellip;]<\/p>\n","protected":false},"featured_media":4268,"comment_status":"open","ping_status":"closed","template":"","meta":{"_et_pb_use_builder":"","_et_pb_old_content":"","_et_gb_content_width":""},"product_brand":[],"product_cat":[167],"product_tag":[],"class_list":{"0":"post-4336","1":"product","2":"type-product","3":"status-publish","4":"has-post-thumbnail","6":"product_cat-pasta-dragon","8":"first","9":"instock","10":"shipping-taxable","11":"product-type-simple"},"_links":{"self":[{"href":"https:\/\/dragonagricultural.com\/es\/wp-json\/wp\/v2\/product\/4336","targetHints":{"allow":["GET"]}}],"collection":[{"href":"https:\/\/dragonagricultural.com\/es\/wp-json\/wp\/v2\/product"}],"about":[{"href":"https:\/\/dragonagricultural.com\/es\/wp-json\/wp\/v2\/types\/product"}],"replies":[{"embeddable":true,"href":"https:\/\/dragonagricultural.com\/es\/wp-json\/wp\/v2\/comments?post=4336"}],"wp:featuredmedia":[{"embeddable":true,"href":"https:\/\/dragonagricultural.com\/es\/wp-json\/wp\/v2\/media\/4268"}],"wp:attachment":[{"href":"https:\/\/dragonagricultural.com\/es\/wp-json\/wp\/v2\/media?parent=4336"}],"wp:term":[{"taxonomy":"product_brand","embeddable":true,"href":"https:\/\/dragonagricultural.com\/es\/wp-json\/wp\/v2\/product_brand?post=4336"},{"taxonomy":"product_cat","embeddable":true,"href":"https:\/\/dragonagricultural.com\/es\/wp-json\/wp\/v2\/product_cat?post=4336"},{"taxonomy":"product_tag","embeddable":true,"href":"https:\/\/dragonagricultural.com\/es\/wp-json\/wp\/v2\/product_tag?post=4336"}],"curies":[{"name":"wp","href":"https:\/\/api.w.org\/{rel}","templated":true}]}}