{"id":4332,"date":"2025-10-26T06:37:26","date_gmt":"2025-10-26T06:37:26","guid":{"rendered":"https:\/\/dragonagricultural.com\/products\/dragon-sea\/"},"modified":"2025-12-09T21:12:37","modified_gmt":"2025-12-09T21:12:37","slug":"dragon-sea","status":"publish","type":"product","link":"https:\/\/dragonagricultural.com\/es\/products\/dragon-ecologico\/dragon-sea\/","title":{"rendered":"Dragon Sea"},"content":{"rendered":"<p data-start=\"135\" data-end=\"355\"><strong data-start=\"135\" data-end=\"149\">Dragon Sea<\/strong> es un <strong data-start=\"155\" data-end=\"187\">extracto bioestimulante de primera calidad<\/strong> derivado de <strong data-start=\"201\" data-end=\"243\">variedades de algas marinas naturales de alta calidad<\/strong> como <em data-start=\"252\" data-end=\"293\">Kelp Phaeophyceae, Ascophyllum nodosum<\/em> y <em data-start=\"298\" data-end=\"314\">Sargassum spp.<\/em>, procedentes de las mejores fuentes de algas pardas.<\/p>\n<p data-start=\"357\" data-end=\"731\">Est\u00e1 enriquecido con <strong data-start=\"377\" data-end=\"452\">citoquininas, auxinas, vitaminas, agentes quelantes naturales y amino\u00e1cidos<\/strong>, junto con <strong data-start=\"464\" data-end=\"536\">oligoelementos esenciales, materia org\u00e1nica y bioestimulantes naturales<\/strong>. <strong data-start=\"540\" data-end=\"554\">Dragon Sea<\/strong> est\u00e1 <strong data-start=\"558\" data-end=\"610\">100 % libre de elementos nocivos y metales pesados<\/strong>, lo que garantiza una soluci\u00f3n segura y eficaz para la agricultura sostenible que mejora el vigor, el crecimiento y la resistencia de las plantas.<\/p>\n<hr>\n<h3 data-start=\"1123\" data-end=\"1146\"><strong data-start=\"1127\" data-end=\"1146\">Beneficios clave<\/strong><\/h3>\n<ul data-start=\"1147\" data-end=\"1470\">\n<li data-start=\"1147\" data-end=\"1222\">\n<p data-start=\"1149\" data-end=\"1222\">Estimula el crecimiento vegetativo y radicular a trav\u00e9s de hormonas naturales de algas marinas.<\/p>\n<\/li>\n<li data-start=\"1223\" data-end=\"1276\">\n<p data-start=\"1225\" data-end=\"1276\">Mejora la floraci\u00f3n, el cuajado y la calidad del rendimiento.<\/p>\n<\/li>\n<li data-start=\"1277\" data-end=\"1343\">\n<p data-start=\"1279\" data-end=\"1343\">Mejora la tolerancia al estr\u00e9s contra la sequ\u00eda, el calor y la salinidad.<\/p>\n<\/li>\n<li data-start=\"1344\" data-end=\"1403\">\n<p data-start=\"1346\" data-end=\"1403\">Aumenta la actividad microbiana del suelo y la absorci\u00f3n de nutrientes.<\/p>\n<\/li>\n<li data-start=\"1404\" data-end=\"1470\">\n<p data-start=\"1406\" data-end=\"1470\">100 % natural y seguro para todos los cultivos, sin residuos nocivos.<\/p>\n<\/li>\n<\/ul>\n<hr data-start=\"1472\" data-end=\"1475\">\n<h3 data-start=\"1477\" data-end=\"1512\"><strong data-start=\"1481\" data-end=\"1512\">Especificaciones t\u00e9cnicas \ud83e\uddea<\/strong><\/h3>\n<ul>\n<li data-start=\"1515\" data-end=\"1541\"><strong data-start=\"1515\" data-end=\"1535\">Composici\u00f3n:<\/strong>\n<ul>\n<li data-start=\"1515\" data-end=\"1541\"><strong data-start=\"1515\" data-end=\"1535\">Extracto de algas marinas:<\/strong> 12 %<\/li>\n<li data-start=\"1515\" data-end=\"1541\"><strong data-start=\"1544\" data-end=\"1564\">Potasio (K\u2082O):<\/strong> 6 %<\/li>\n<\/ul>\n<\/li>\n<li data-start=\"1570\" data-end=\"1599\">\n<p data-start=\"1572\" data-end=\"1599\"><strong data-start=\"1572\" data-end=\"1587\">pH (1\/100):<\/strong> 8,5 \u2013 9,5<\/p>\n<\/li>\n<li data-start=\"1631\" data-end=\"1669\">\n<p data-start=\"1633\" data-end=\"1669\"><strong data-start=\"1633\" data-end=\"1648\">Solubilidad:<\/strong> 100 % soluble en agua<\/p>\n<\/li>\n<li data-start=\"1769\" data-end=\"1799\">\n<p data-start=\"1771\" data-end=\"1799\"><strong data-start=\"1771\" data-end=\"1782\">Volumen:<\/strong> 1 L, 5 L, 20 L<\/p>\n<\/li>\n<li data-start=\"1800\" data-end=\"1842\">\n<p data-start=\"1802\" data-end=\"1842\"><strong data-start=\"1802\" data-end=\"1816\">Embalaje:<\/strong> botella o garrafa<\/p>\n<\/li>\n<\/ul>\n<hr data-start=\"1844\" data-end=\"1847\">\n<h3 data-start=\"1849\" data-end=\"1876\"><strong data-start=\"1853\" data-end=\"1876\">M\u00e9todos de aplicaci\u00f3n<\/strong><\/h3>\n<p data-start=\"1877\" data-end=\"2092\">\ud83d\udca7 <strong data-start=\"1880\" data-end=\"1895\">Fertirrigaci\u00f3n<\/strong>: para fortalecer los sistemas radiculares y mejorar la actividad microbiana del suelo.<br data-start=\"1977\" data-end=\"1980\">\ud83c\udf3f <strong data-start=\"1983\" data-end=\"2005\">Aplicaci\u00f3n foliar<\/strong>: para una absorci\u00f3n m\u00e1s r\u00e1pida durante el crecimiento activo y el cuajado.<\/p>\n","protected":false},"excerpt":{"rendered":"<p>Dragon Sea es un extracto bioestimulante de primera calidad derivado de variedades de algas marinas naturales de alta calidad como Kelp Phaeophyceae, Ascophyllum nodosum y Sargassum spp., procedentes de las mejores fuentes de algas pardas. Est\u00e1 enriquecido con citoquininas, auxinas, vitaminas, agentes quelantes naturales y amino\u00e1cidos, junto con oligoelementos esenciales, materia org\u00e1nica y bioestimulantes naturales. [&hellip;]<\/p>\n","protected":false},"featured_media":4333,"comment_status":"open","ping_status":"closed","template":"","meta":{"_et_pb_use_builder":"","_et_pb_old_content":"","_et_gb_content_width":""},"product_brand":[],"product_cat":[140,158],"product_tag":[],"class_list":{"0":"post-4332","1":"product","2":"type-product","3":"status-publish","4":"has-post-thumbnail","6":"product_cat-dragon-ecologico","7":"product_cat-especialidad-dragon","9":"first","10":"instock","11":"shipping-taxable","12":"product-type-simple"},"_links":{"self":[{"href":"https:\/\/dragonagricultural.com\/es\/wp-json\/wp\/v2\/product\/4332","targetHints":{"allow":["GET"]}}],"collection":[{"href":"https:\/\/dragonagricultural.com\/es\/wp-json\/wp\/v2\/product"}],"about":[{"href":"https:\/\/dragonagricultural.com\/es\/wp-json\/wp\/v2\/types\/product"}],"replies":[{"embeddable":true,"href":"https:\/\/dragonagricultural.com\/es\/wp-json\/wp\/v2\/comments?post=4332"}],"wp:featuredmedia":[{"embeddable":true,"href":"https:\/\/dragonagricultural.com\/es\/wp-json\/wp\/v2\/media\/4333"}],"wp:attachment":[{"href":"https:\/\/dragonagricultural.com\/es\/wp-json\/wp\/v2\/media?parent=4332"}],"wp:term":[{"taxonomy":"product_brand","embeddable":true,"href":"https:\/\/dragonagricultural.com\/es\/wp-json\/wp\/v2\/product_brand?post=4332"},{"taxonomy":"product_cat","embeddable":true,"href":"https:\/\/dragonagricultural.com\/es\/wp-json\/wp\/v2\/product_cat?post=4332"},{"taxonomy":"product_tag","embeddable":true,"href":"https:\/\/dragonagricultural.com\/es\/wp-json\/wp\/v2\/product_tag?post=4332"}],"curies":[{"name":"wp","href":"https:\/\/api.w.org\/{rel}","templated":true}]}}