{"id":4294,"date":"2025-10-26T06:36:20","date_gmt":"2025-10-26T06:36:20","guid":{"rendered":"https:\/\/dragonagricultural.com\/products\/dragon-stick\/"},"modified":"2025-12-09T21:18:58","modified_gmt":"2025-12-09T21:18:58","slug":"dragon-stick","status":"publish","type":"product","link":"https:\/\/dragonagricultural.com\/es\/products\/dragon-ecologico\/dragon-stick\/","title":{"rendered":"Dragon Stick"},"content":{"rendered":"<p data-start=\"118\" data-end=\"345\"><strong data-start=\"118\" data-end=\"134\">Dragon Stick<\/strong> es un fertilizante l\u00edquido de alta viscosidad con bajo contenido de nitr\u00f3geno org\u00e1nico y un contenido de carbono excepcionalmente alto.<br data-start=\"237\" data-end=\"240\">Est\u00e1 completamente libre de cloruro, sodio y metales pesados, lo que garantiza una aplicaci\u00f3n segura y eficiente.<\/p>\n<hr data-start=\"730\" data-end=\"733\">\n<h3 data-start=\"735\" data-end=\"758\"><strong data-start=\"739\" data-end=\"758\">Beneficios clave <\/strong><\/h3>\n<ul data-start=\"759\" data-end=\"1041\">\n<li data-start=\"759\" data-end=\"808\">\n<p data-start=\"761\" data-end=\"808\">Mejora la adherencia y la dispersi\u00f3n de los aerosoles foliares.<\/p>\n<\/li>\n<li data-start=\"809\" data-end=\"860\">\n<p data-start=\"811\" data-end=\"860\">Aumenta el tiempo de contacto y la absorci\u00f3n de nutrientes.<\/p>\n<\/li>\n<li data-start=\"861\" data-end=\"923\">\n<p data-start=\"863\" data-end=\"923\">Act\u00faa como un bioestimulante natural debido a su alto contenido de carbono.<\/p>\n<\/li>\n<li data-start=\"924\" data-end=\"990\">\n<p data-start=\"926\" data-end=\"990\">Mejora el rendimiento de los fertilizantes y pesticidas foliares.<\/p>\n<\/li>\n<li data-start=\"991\" data-end=\"1041\">\n<p data-start=\"993\" data-end=\"1041\">Ayuda a reducir el n\u00famero de aplicaciones de pulverizaci\u00f3n.<\/p>\n<\/li>\n<\/ul>\n<hr data-start=\"1043\" data-end=\"1046\">\n<h3 data-start=\"1048\" data-end=\"1083\"><strong data-start=\"1052\" data-end=\"1083\">Especificaciones t\u00e9cnicas \ud83e\uddea<\/strong><\/h3>\n<ul data-start=\"1084\" data-end=\"1376\">\n<li data-start=\"1084\" data-end=\"1145\">\n<p data-start=\"1063\" data-end=\"1087\"><strong data-start=\"1063\" data-end=\"1085\">Formulaci\u00f3n (p\/v):<\/strong><\/p>\n<ul data-start=\"1088\" data-end=\"1248\">\n<li data-start=\"1088\" data-end=\"1118\">\n<p data-start=\"1090\" data-end=\"1118\">Nitr\u00f3geno org\u00e1nico (N): 5,0 %<\/p>\n<\/li>\n<li data-start=\"1119\" data-end=\"1140\">\n<p data-start=\"1121\" data-end=\"1140\">Materia org\u00e1nica (MO): 75,0 %<\/p>\n<\/li>\n<\/ul>\n<\/li>\n<li data-start=\"1084\" data-end=\"1145\"><strong data-start=\"141\" data-end=\"156\">Aspecto:<\/strong> L\u00edquido; 100 % soluble en agua<\/li>\n<li data-start=\"1119\" data-end=\"1140\">\n<p data-start=\"1121\" data-end=\"1140\"><strong data-start=\"272\" data-end=\"287\">pH (1\/100):<\/strong> 5,0 \u2013 7,0<\/p>\n<\/li>\n<li data-start=\"1119\" data-end=\"1140\">\n<p data-start=\"1121\" data-end=\"1140\"><strong data-start=\"360\" data-end=\"375\">Solubilidad:<\/strong> Totalmente soluble y libre de cloruro, sodio y metales pesados<\/p>\n<\/li>\n<li data-start=\"1119\" data-end=\"1140\">\n<p data-start=\"1121\" data-end=\"1140\"><strong data-start=\"443\" data-end=\"454\">Volumen:<\/strong> 1 L, 5 L, 20 L<\/p>\n<\/li>\n<li data-start=\"1119\" data-end=\"1140\">\n<p data-start=\"1121\" data-end=\"1140\"><strong data-start=\"474\" data-end=\"488\">Embalaje:<\/strong> Botella de PEAD \/ Garrafa<\/p>\n<\/li>\n<\/ul>\n<hr data-start=\"515\" data-end=\"518\">\n<h3><strong>M\u00e9todos de aplicaci\u00f3n<\/strong><\/h3>\n<p>\ud83c\udf3f <strong>Aplicaci\u00f3n foliar<\/strong>: mejora la eficiencia de los fertilizantes y pesticidas foliares, reduciendo la necesidad de m\u00faltiples aplicaciones de pulverizaci\u00f3n.<\/p>\n","protected":false},"excerpt":{"rendered":"<p>Dragon Stick es un fertilizante l\u00edquido de alta viscosidad con bajo contenido de nitr\u00f3geno org\u00e1nico y un contenido de carbono excepcionalmente alto.Est\u00e1 completamente libre de cloruro, sodio y metales pesados, lo que garantiza una aplicaci\u00f3n segura y eficiente. Beneficios clave Mejora la adherencia y la dispersi\u00f3n de los aerosoles foliares. Aumenta el tiempo de contacto [&hellip;]<\/p>\n","protected":false},"featured_media":4295,"comment_status":"open","ping_status":"closed","template":"","meta":{"_et_pb_use_builder":"","_et_pb_old_content":"","_et_gb_content_width":""},"product_brand":[],"product_cat":[140,158],"product_tag":[],"class_list":{"0":"post-4294","1":"product","2":"type-product","3":"status-publish","4":"has-post-thumbnail","6":"product_cat-dragon-ecologico","7":"product_cat-especialidad-dragon","9":"first","10":"instock","11":"shipping-taxable","12":"product-type-simple"},"_links":{"self":[{"href":"https:\/\/dragonagricultural.com\/es\/wp-json\/wp\/v2\/product\/4294","targetHints":{"allow":["GET"]}}],"collection":[{"href":"https:\/\/dragonagricultural.com\/es\/wp-json\/wp\/v2\/product"}],"about":[{"href":"https:\/\/dragonagricultural.com\/es\/wp-json\/wp\/v2\/types\/product"}],"replies":[{"embeddable":true,"href":"https:\/\/dragonagricultural.com\/es\/wp-json\/wp\/v2\/comments?post=4294"}],"wp:featuredmedia":[{"embeddable":true,"href":"https:\/\/dragonagricultural.com\/es\/wp-json\/wp\/v2\/media\/4295"}],"wp:attachment":[{"href":"https:\/\/dragonagricultural.com\/es\/wp-json\/wp\/v2\/media?parent=4294"}],"wp:term":[{"taxonomy":"product_brand","embeddable":true,"href":"https:\/\/dragonagricultural.com\/es\/wp-json\/wp\/v2\/product_brand?post=4294"},{"taxonomy":"product_cat","embeddable":true,"href":"https:\/\/dragonagricultural.com\/es\/wp-json\/wp\/v2\/product_cat?post=4294"},{"taxonomy":"product_tag","embeddable":true,"href":"https:\/\/dragonagricultural.com\/es\/wp-json\/wp\/v2\/product_tag?post=4294"}],"curies":[{"name":"wp","href":"https:\/\/api.w.org\/{rel}","templated":true}]}}