{"id":4266,"date":"2025-10-26T14:42:31","date_gmt":"2025-10-26T14:42:31","guid":{"rendered":"https:\/\/dragonagricultural.com\/products\/pasta-dragon-alta-pk\/"},"modified":"2025-12-08T13:13:41","modified_gmt":"2025-12-08T13:13:41","slug":"pasta-dragon-alta-pk","status":"publish","type":"product","link":"https:\/\/dragonagricultural.com\/es\/products\/pasta-dragon\/pasta-dragon-alta-pk\/","title":{"rendered":"Pasta Drag\u00f3n Alta-PK"},"content":{"rendered":"<h2>Potencie sus plantas con una nutrici\u00f3n de precisi\u00f3n<\/h2>\n<p data-start=\"233\" data-end=\"394\">Las f\u00f3rmulas de <strong>Dragon High-PK Paste<\/strong> est\u00e1n dise\u00f1adas para proporcionar el equilibrio ideal de f\u00f3sforo y potasio para ra\u00edces m\u00e1s fuertes, un crecimiento m\u00e1s sano y mayores rendimientos. Estos fertilizantes concentrados en pasta garantizan una r\u00e1pida absorci\u00f3n de nutrientes y un rendimiento constante durante las etapas m\u00e1s cr\u00edticas del desarrollo de la planta, desde la formaci\u00f3n de las ra\u00edces hasta el inicio de la floraci\u00f3n. <\/p>\n<p data-start=\"591\" data-end=\"761\">Al centrarse en la salud de las ra\u00edces y la eficiencia de los nutrientes, <strong>Dragon paste High-PK<\/strong> permite que sus cultivos prosperen con una resistencia mejorada, un crecimiento m\u00e1s r\u00e1pido y una productividad superior.<\/p>\n<p>\u2728  <em data-start=\"765\" data-end=\"845\">Experimente la bocanada de vida con Dragon paste High-PK, donde la ciencia se une a la naturaleza.<\/em><\/p>\n<p>&nbsp;<\/p>\n<h3 data-start=\"1323\" data-end=\"1457\"><strong data-start=\"1326\" data-end=\"1364\">F\u00f3rmulas disponibles (todo en % p\/v):<\/strong><\/h3>\n<ul>\n<li><span style=\"color: #800080;\"><strong>0-52-34+TE<\/strong><\/span><\/li>\n<li><span style=\"color: #800080;\"><strong>6-60-20+TE<\/strong><\/span><\/li>\n<li><strong><strong><strong>Todo en % (p\/v)<\/strong><\/strong><\/strong><\/li>\n<\/ul>\n<h3><strong data-start=\"2254\" data-end=\"2285\">Especificaciones t\u00e9cnicas \ud83e\uddea<br \/>\n<\/strong><\/h3>\n<ul>\n<li>Aspecto: Pasta; 100 % soluble en agua<\/li>\n<li>pH: 2,5-3,5<\/li>\n<li>Todas las f\u00f3rmulas son totalmente solubles y no contienen cloruro, sodio ni metales pesados.<\/li>\n<li>Volumen: 1 kg, 5 kg, 10 kg, 20 kg<\/li>\n<li>Embalaje: Cubo de PEAD con bolsa interior<\/li>\n<\/ul>\n<div>\n<div>\n<div><\/div>\n<\/div>\n<div>\n<div>\n<h3><strong data-start=\"366\" data-end=\"389\">M\u00e9todos de aplicaci\u00f3n<\/strong><\/h3>\n<p data-start=\"390\" data-end=\"607\">\ud83d\udca7 <strong data-start=\"393\" data-end=\"408\">Fertirrigaci\u00f3n<\/strong>: adecuado para sistemas de riego, lo que garantiza una entrega profunda de nutrientes a la zona de la ra\u00edz.<br data-start=\"493\" data-end=\"496\">\ud83c\udf3f <strong data-start=\"499\" data-end=\"521\">Aplicaci\u00f3n foliar<\/strong>: ideal para una r\u00e1pida absorci\u00f3n de nutrientes a trav\u00e9s de las hojas durante las etapas cr\u00edticas de crecimiento.<\/p>\n<\/div>\n<\/div>\n<\/div>\n<p>&nbsp;<\/p>\n","protected":false},"excerpt":{"rendered":"<p>Potencie sus plantas con una nutrici\u00f3n de precisi\u00f3n Las f\u00f3rmulas de Dragon High-PK Paste est\u00e1n dise\u00f1adas para proporcionar el equilibrio ideal de f\u00f3sforo y potasio para ra\u00edces m\u00e1s fuertes, un crecimiento m\u00e1s sano y mayores rendimientos. Estos fertilizantes concentrados en pasta garantizan una r\u00e1pida absorci\u00f3n de nutrientes y un rendimiento constante durante las etapas m\u00e1s [&hellip;]<\/p>\n","protected":false},"featured_media":4269,"comment_status":"open","ping_status":"closed","template":"","meta":{"_et_pb_use_builder":"","_et_pb_old_content":"","_et_gb_content_width":""},"product_brand":[],"product_cat":[167],"product_tag":[179,168,169,180,170,174,175,171,172,181,176,173,177,178,182],"class_list":{"0":"post-4266","1":"product","2":"type-product","3":"status-publish","4":"has-post-thumbnail","6":"product_cat-pasta-dragon","7":"product_tag-desarrollo-de-la-planta","8":"product_tag-dragon-ferti","9":"product_tag-dragon-paste","10":"product_tag-enriquecimiento-de-fosforo","11":"product_tag-fertilizante-alto-en-fosforo","12":"product_tag-fertilizante-de-fosforo","13":"product_tag-fertilizante-de-inicio","14":"product_tag-fertilizante-npk-en-pasta","15":"product_tag-fertilizante-para-el-crecimiento-de-las-raices","16":"product_tag-fertilizante-para-plantulas","17":"product_tag-npk-alto-en-p","18":"product_tag-nutricion-vegetal-en-etapa-temprana","19":"product_tag-pasta-soluble-en-agua","20":"product_tag-potenciador-de-raices","21":"product_tag-soluciones-para-la-agricultura","23":"first","24":"instock","25":"shipping-taxable","26":"product-type-simple"},"_links":{"self":[{"href":"https:\/\/dragonagricultural.com\/es\/wp-json\/wp\/v2\/product\/4266","targetHints":{"allow":["GET"]}}],"collection":[{"href":"https:\/\/dragonagricultural.com\/es\/wp-json\/wp\/v2\/product"}],"about":[{"href":"https:\/\/dragonagricultural.com\/es\/wp-json\/wp\/v2\/types\/product"}],"replies":[{"embeddable":true,"href":"https:\/\/dragonagricultural.com\/es\/wp-json\/wp\/v2\/comments?post=4266"}],"wp:featuredmedia":[{"embeddable":true,"href":"https:\/\/dragonagricultural.com\/es\/wp-json\/wp\/v2\/media\/4269"}],"wp:attachment":[{"href":"https:\/\/dragonagricultural.com\/es\/wp-json\/wp\/v2\/media?parent=4266"}],"wp:term":[{"taxonomy":"product_brand","embeddable":true,"href":"https:\/\/dragonagricultural.com\/es\/wp-json\/wp\/v2\/product_brand?post=4266"},{"taxonomy":"product_cat","embeddable":true,"href":"https:\/\/dragonagricultural.com\/es\/wp-json\/wp\/v2\/product_cat?post=4266"},{"taxonomy":"product_tag","embeddable":true,"href":"https:\/\/dragonagricultural.com\/es\/wp-json\/wp\/v2\/product_tag?post=4266"}],"curies":[{"name":"wp","href":"https:\/\/api.w.org\/{rel}","templated":true}]}}