{"id":4256,"date":"2025-10-26T06:39:07","date_gmt":"2025-10-26T06:39:07","guid":{"rendered":"https:\/\/dragonagricultural.com\/products\/dragon-calibo\/"},"modified":"2025-12-10T10:04:55","modified_gmt":"2025-12-10T10:04:55","slug":"dragon-calibo","status":"publish","type":"product","link":"https:\/\/dragonagricultural.com\/es\/products\/dragon-ecologico\/dragon-calibo\/","title":{"rendered":"Dragon Calibo"},"content":{"rendered":"<p><strong>Dragon Calibo<\/strong> es un fertilizante en polvo soluble que contiene calcio complejado por \u00e1cidos carbox\u00edlicos y boro sin nitratos, cloruros ni sulfatos; previene y cura la deficiencia de calcio.<\/p>\n<hr>\n<h3 data-start=\"85\" data-end=\"110\"><strong data-start=\"89\" data-end=\"108\">Beneficios clave <\/strong><\/h3>\n<ul data-start=\"111\" data-end=\"667\">\n<li data-start=\"111\" data-end=\"203\">\n<p data-start=\"113\" data-end=\"203\"><strong data-start=\"113\" data-end=\"169\">Previene y corrige las deficiencias de calcio y boro<\/strong>, garantizando una salud \u00f3ptima de la planta.<\/p>\n<\/li>\n<li data-start=\"204\" data-end=\"290\">\n<p data-start=\"206\" data-end=\"290\"><strong data-start=\"206\" data-end=\"228\">Mejora la floraci\u00f3n<\/strong> y <strong data-start=\"233\" data-end=\"255\">optimiza el cuajado de los frutos<\/strong>, reduciendo la ca\u00edda de flores y frutos.<\/p>\n<\/li>\n<li data-start=\"291\" data-end=\"373\">\n<p data-start=\"293\" data-end=\"373\"><strong data-start=\"293\" data-end=\"319\">Fortalece las paredes celulares<\/strong>, mejorando la firmeza, la calidad y la vida \u00fatil de los frutos.<\/p>\n<\/li>\n<li data-start=\"374\" data-end=\"468\">\n<p data-start=\"376\" data-end=\"468\"><strong data-start=\"376\" data-end=\"418\">Mejora el transporte y la absorci\u00f3n de nutrientes<\/strong>, favoreciendo el crecimiento y la productividad continuos.<\/p>\n<\/li>\n<li data-start=\"469\" data-end=\"568\">\n<p data-start=\"471\" data-end=\"568\"><strong data-start=\"471\" data-end=\"492\">Aumenta la resistencia<\/strong> contra los trastornos fisiol\u00f3gicos causados por deficiencias de calcio y boro.<\/p>\n<\/li>\n<li data-start=\"569\" data-end=\"667\">\n<p data-start=\"571\" data-end=\"667\"><strong data-start=\"571\" data-end=\"618\">Libre de nitratos, cloruros y sulfatos<\/strong>, lo que lo hace seguro y compatible con todos los cultivos.<\/p>\n<\/li>\n<\/ul>\n<hr>\n<p><strong style=\"color: #333333; font-size: 22px;\" data-start=\"854\" data-end=\"885\">Especificaciones t\u00e9cnicas \ud83e\uddea<\/strong><\/p>\n<ul data-start=\"886\" data-end=\"1246\">\n<li data-start=\"886\" data-end=\"927\">\n<p data-start=\"888\" data-end=\"927\"><strong data-start=\"888\" data-end=\"904\">Composici\u00f3n: % (p\/p)<\/strong><\/p>\n<ul data-start=\"886\" data-end=\"1246\">\n<li data-start=\"886\" data-end=\"927\">\n<p data-start=\"888\" data-end=\"927\"><strong>Calcio (CaO)<\/strong>: 30 %<\/p>\n<\/li>\n<li data-start=\"886\" data-end=\"927\">\n<p data-start=\"888\" data-end=\"927\"><strong>Boro (B):<\/strong> 1 %<\/p>\n<\/li>\n<\/ul>\n<\/li>\n<li data-start=\"928\" data-end=\"979\">\n<p data-start=\"930\" data-end=\"979\"><strong data-start=\"930\" data-end=\"945\">Aspecto:<\/strong> Polvo fino.<\/p>\n<\/li>\n<li data-start=\"980\" data-end=\"1009\">\n<p data-start=\"982\" data-end=\"1009\"><strong data-start=\"982\" data-end=\"997\">pH (1\/100):<\/strong> 6,5 \u2013 7,5<\/p>\n<\/li>\n<li data-start=\"1167\" data-end=\"1194\">\n<p data-start=\"1169\" data-end=\"1194\"><strong data-start=\"1169\" data-end=\"1180\">Volumen:<\/strong> 1 kg, 10 kg<\/p>\n<\/li>\n<li data-start=\"1195\" data-end=\"1246\">\n<p data-start=\"1197\" data-end=\"1246\"><strong data-start=\"1197\" data-end=\"1211\">Embalaje:<\/strong> Bolsas \/ sobres multicapa<\/p>\n<\/li>\n<\/ul>\n<hr data-start=\"669\" data-end=\"672\">\n<h3 data-start=\"1253\" data-end=\"1280\"><strong data-start=\"1257\" data-end=\"1280\">M\u00e9todos de aplicaci\u00f3n<\/strong><\/h3>\n<p data-start=\"1281\" data-end=\"1551\">\ud83d\udca7 <strong data-start=\"1284\" data-end=\"1299\">Fertirrigaci\u00f3n<\/strong>: adecuado para sistemas de riego, lo que garantiza un suministro eficiente de calcio y boro directamente a la zona de la ra\u00edz.<br data-start=\"1410\" data-end=\"1413\">\ud83c\udf3f <strong data-start=\"1416\" data-end=\"1438\">Aplicaci\u00f3n foliar<\/strong>: proporciona una r\u00e1pida absorci\u00f3n de calcio y boro a trav\u00e9s de las hojas durante las etapas de floraci\u00f3n y desarrollo del fruto.<\/p>\n","protected":false},"excerpt":{"rendered":"<p>Dragon Calibo es un fertilizante en polvo soluble que contiene calcio complejado por \u00e1cidos carbox\u00edlicos y boro sin nitratos, cloruros ni sulfatos; previene y cura la deficiencia de calcio. Beneficios clave Previene y corrige las deficiencias de calcio y boro, garantizando una salud \u00f3ptima de la planta. Mejora la floraci\u00f3n y optimiza el cuajado de [&hellip;]<\/p>\n","protected":false},"featured_media":4257,"comment_status":"open","ping_status":"closed","template":"","meta":{"_et_pb_use_builder":"","_et_pb_old_content":"","_et_gb_content_width":""},"product_brand":[],"product_cat":[140,158],"product_tag":[],"class_list":{"0":"post-4256","1":"product","2":"type-product","3":"status-publish","4":"has-post-thumbnail","6":"product_cat-dragon-ecologico","7":"product_cat-especialidad-dragon","9":"first","10":"instock","11":"shipping-taxable","12":"product-type-simple"},"_links":{"self":[{"href":"https:\/\/dragonagricultural.com\/es\/wp-json\/wp\/v2\/product\/4256","targetHints":{"allow":["GET"]}}],"collection":[{"href":"https:\/\/dragonagricultural.com\/es\/wp-json\/wp\/v2\/product"}],"about":[{"href":"https:\/\/dragonagricultural.com\/es\/wp-json\/wp\/v2\/types\/product"}],"replies":[{"embeddable":true,"href":"https:\/\/dragonagricultural.com\/es\/wp-json\/wp\/v2\/comments?post=4256"}],"wp:featuredmedia":[{"embeddable":true,"href":"https:\/\/dragonagricultural.com\/es\/wp-json\/wp\/v2\/media\/4257"}],"wp:attachment":[{"href":"https:\/\/dragonagricultural.com\/es\/wp-json\/wp\/v2\/media?parent=4256"}],"wp:term":[{"taxonomy":"product_brand","embeddable":true,"href":"https:\/\/dragonagricultural.com\/es\/wp-json\/wp\/v2\/product_brand?post=4256"},{"taxonomy":"product_cat","embeddable":true,"href":"https:\/\/dragonagricultural.com\/es\/wp-json\/wp\/v2\/product_cat?post=4256"},{"taxonomy":"product_tag","embeddable":true,"href":"https:\/\/dragonagricultural.com\/es\/wp-json\/wp\/v2\/product_tag?post=4256"}],"curies":[{"name":"wp","href":"https:\/\/api.w.org\/{rel}","templated":true}]}}