{"id":4246,"date":"2025-10-26T06:48:03","date_gmt":"2025-10-26T06:48:03","guid":{"rendered":"https:\/\/dragonagricultural.com\/products\/dragon-flow-fertilizantes-liquidos-equilibrados\/"},"modified":"2025-12-09T11:50:35","modified_gmt":"2025-12-09T11:50:35","slug":"dragon-flow-fertilizantes-liquidos-equilibrados","status":"publish","type":"product","link":"https:\/\/dragonagricultural.com\/es\/products\/liquido-dragon\/dragon-flow-fertilizantes-liquidos-equilibrados\/","title":{"rendered":"Dragon Flow (Fertilizantes L\u00edquidos Equilibrados)"},"content":{"rendered":"<p><strong><span class=\"a_GcMg font-feature-liga-off font-feature-clig-off font-feature-calt-off text-decoration-none text-strikethrough-none\">Dragon Flow Balance<\/span><\/strong><span class=\"a_GcMg font-feature-liga-off font-feature-clig-off font-feature-calt-off text-decoration-none text-strikethrough-none\"> presenta una proporci\u00f3n NPK perfectamente <strong>equilibrada<\/strong>, que promueve un crecimiento vegetativo productivo durante todo el ciclo de vida de la planta. Su formulaci\u00f3n avanzada garantiza una solubilidad completa en agua y una r\u00e1pida absorci\u00f3n por las hojas de la planta, suministrando nutrientes esenciales de manera eficiente. Este fertilizante l\u00edquido vers\u00e1til favorece un desarrollo robusto y una productividad sostenida, lo que lo hace ideal para diversos cultivos y etapas de crecimiento.<\/span><\/p>\n<h3><strong data-start=\"1326\" data-end=\"1364\">F\u00f3rmulas disponibles (todo en % p\/v):<\/strong><\/h3>\n<ul class=\"list-unstyled service-details__choose-points\">\n<li>\n<div class=\"icon\"><span style=\"color: #0000ff;\"><strong>10-10-10<\/strong><\/span><\/div>\n<\/li>\n<li>\n<div class=\"icon\"><span style=\"color: #0000ff;\"><strong>13-13-13<\/strong><\/span><\/div>\n<\/li>\n<li>\n<div class=\"icon\"><span style=\"color: #0000ff;\"><strong>15-15-15<\/strong><\/span><\/div>\n<\/li>\n<\/ul>\n<p data-start=\"222\" data-end=\"255\"><strong data-start=\"222\" data-end=\"253\">Especificaciones t\u00e9cnicas \ud83e\uddea<\/strong><\/p>\n<ul data-start=\"256\" data-end=\"572\">\n<li data-start=\"256\" data-end=\"308\">\n<p data-start=\"258\" data-end=\"308\"><strong data-start=\"258\" data-end=\"273\">Aspecto:<\/strong> L\u00edquido transparente; 100 % soluble en agua<\/p>\n<\/li>\n<li data-start=\"309\" data-end=\"330\">\n<p data-start=\"311\" data-end=\"330\"><strong data-start=\"311\" data-end=\"318\">pH:<\/strong> 7 \u2013 8<\/p>\n<\/li>\n<li data-start=\"331\" data-end=\"419\">\n<p data-start=\"333\" data-end=\"419\"><strong data-start=\"333\" data-end=\"417\">Todas las f\u00f3rmulas son totalmente solubles y no contienen cloruro, sodio ni metales pesados.<\/strong><\/p>\n<\/li>\n<li data-start=\"420\" data-end=\"450\">\n<p data-start=\"422\" data-end=\"450\"><strong data-start=\"422\" data-end=\"433\">Volumen:<\/strong> 1 L, 5 L, 20 L<\/p>\n<\/li>\n<li data-start=\"451\" data-end=\"572\">\n<p data-start=\"453\" data-end=\"572\"><strong data-start=\"453\" data-end=\"467\">Embalaje:<\/strong> botellas y garrafas.<\/p>\n<\/li>\n<\/ul>\n<p data-start=\"574\" data-end=\"816\"><strong data-start=\"574\" data-end=\"598\">M\u00e9todos de aplicaci\u00f3n:<\/strong><br data-start=\"598\" data-end=\"601\">\ud83d\udca7 <strong data-start=\"604\" data-end=\"619\">Fertirrigaci\u00f3n<\/strong>: adecuado para todos los sistemas de riego, lo que garantiza una entrega profunda de nutrientes a la zona de la ra\u00edz.<br data-start=\"708\" data-end=\"711\">\ud83c\udf3f <strong data-start=\"714\" data-end=\"736\">Aplicaci\u00f3n foliar<\/strong>: ideal para una r\u00e1pida absorci\u00f3n de nutrientes a trav\u00e9s de las hojas durante las etapas cr\u00edticas de crecimiento.<\/p>\n","protected":false},"excerpt":{"rendered":"<p>Dragon Flow Balance presenta una proporci\u00f3n NPK perfectamente equilibrada, que promueve un crecimiento vegetativo productivo durante todo el ciclo de vida de la planta. Su formulaci\u00f3n avanzada garantiza una solubilidad completa en agua y una r\u00e1pida absorci\u00f3n por las hojas de la planta, suministrando nutrientes esenciales de manera eficiente. Este fertilizante l\u00edquido vers\u00e1til favorece un [&hellip;]<\/p>\n","protected":false},"featured_media":891,"comment_status":"open","ping_status":"closed","template":"","meta":{"_et_pb_use_builder":"","_et_pb_old_content":"","_et_gb_content_width":""},"product_brand":[],"product_cat":[119],"product_tag":[],"class_list":{"0":"post-4246","1":"product","2":"type-product","3":"status-publish","4":"has-post-thumbnail","6":"product_cat-liquido-dragon","8":"first","9":"instock","10":"shipping-taxable","11":"product-type-simple"},"_links":{"self":[{"href":"https:\/\/dragonagricultural.com\/es\/wp-json\/wp\/v2\/product\/4246","targetHints":{"allow":["GET"]}}],"collection":[{"href":"https:\/\/dragonagricultural.com\/es\/wp-json\/wp\/v2\/product"}],"about":[{"href":"https:\/\/dragonagricultural.com\/es\/wp-json\/wp\/v2\/types\/product"}],"replies":[{"embeddable":true,"href":"https:\/\/dragonagricultural.com\/es\/wp-json\/wp\/v2\/comments?post=4246"}],"wp:featuredmedia":[{"embeddable":true,"href":"https:\/\/dragonagricultural.com\/es\/wp-json\/wp\/v2\/media\/891"}],"wp:attachment":[{"href":"https:\/\/dragonagricultural.com\/es\/wp-json\/wp\/v2\/media?parent=4246"}],"wp:term":[{"taxonomy":"product_brand","embeddable":true,"href":"https:\/\/dragonagricultural.com\/es\/wp-json\/wp\/v2\/product_brand?post=4246"},{"taxonomy":"product_cat","embeddable":true,"href":"https:\/\/dragonagricultural.com\/es\/wp-json\/wp\/v2\/product_cat?post=4246"},{"taxonomy":"product_tag","embeddable":true,"href":"https:\/\/dragonagricultural.com\/es\/wp-json\/wp\/v2\/product_tag?post=4246"}],"curies":[{"name":"wp","href":"https:\/\/api.w.org\/{rel}","templated":true}]}}