{"id":4216,"date":"2025-10-26T06:32:12","date_gmt":"2025-10-26T06:32:12","guid":{"rendered":"https:\/\/dragonagricultural.com\/products\/corrector-dragon\/"},"modified":"2025-12-10T10:05:55","modified_gmt":"2025-12-10T10:05:55","slug":"corrector-dragon","status":"publish","type":"product","link":"https:\/\/dragonagricultural.com\/es\/products\/dragon-ecologico\/corrector-dragon\/","title":{"rendered":"Corrector Drag\u00f3n"},"content":{"rendered":"<p data-start=\"172\" data-end=\"633\"><strong data-start=\"172\" data-end=\"192\">Corrector Drag\u00f3n<\/strong> es un fertilizante l\u00edquido de alta calidad enriquecido con <strong data-start=\"243\" data-end=\"254\">calcio<\/strong> y <strong data-start=\"259\" data-end=\"277\">materia org\u00e1nica<\/strong>, especialmente formulado para mitigar los efectos de <strong data-start=\"327\" data-end=\"364\">suelos salinos y agua de riego<\/strong>.<\/p>\n<hr data-start=\"635\" data-end=\"638\">\n<h4 data-start=\"640\" data-end=\"661\"><strong data-start=\"645\" data-end=\"661\">Beneficios clave<\/strong><\/h4>\n<ul data-start=\"662\" data-end=\"1063\">\n<li data-start=\"662\" data-end=\"736\">\n<p data-start=\"664\" data-end=\"736\">Mejora el <strong data-start=\"673\" data-end=\"689\">intercambio i\u00f3nico<\/strong> en suelos salinos y mejora la estructura del suelo.<\/p>\n<\/li>\n<li data-start=\"737\" data-end=\"810\">\n<p data-start=\"739\" data-end=\"810\">Reduce los <strong data-start=\"751\" data-end=\"807\">efectos negativos de la acumulaci\u00f3n de sodio y cloruro<\/strong>.<\/p>\n<\/li>\n<li data-start=\"811\" data-end=\"881\">\n<p data-start=\"813\" data-end=\"881\">Fortalece la <strong data-start=\"825\" data-end=\"845\">salud de la zona radicular<\/strong> y mejora la absorci\u00f3n de nutrientes.<\/p>\n<\/li>\n<li data-start=\"882\" data-end=\"943\">\n<p data-start=\"884\" data-end=\"943\">Aumenta la <strong data-start=\"894\" data-end=\"917\">actividad biol\u00f3gica<\/strong> tanto en el suelo como en la planta.<\/p>\n<\/li>\n<li data-start=\"944\" data-end=\"998\">\n<p data-start=\"946\" data-end=\"998\">Promueve un <strong data-start=\"955\" data-end=\"974\">crecimiento equilibrado<\/strong> y la tolerancia al estr\u00e9s.<\/p>\n<\/li>\n<\/ul>\n<hr data-start=\"1065\" data-end=\"1068\">\n<h4 data-start=\"1070\" data-end=\"1106\"><strong data-start=\"1075\" data-end=\"1106\">Especificaciones t\u00e9cnicas \ud83e\uddea<\/strong><\/h4>\n<ul>\n<li data-start=\"139\" data-end=\"169\"><strong data-start=\"139\" data-end=\"162\">Composici\u00f3n:<\/strong>\n<ul data-start=\"137\" data-end=\"473\">\n<li data-start=\"137\" data-end=\"169\">\n<p data-start=\"139\" data-end=\"169\"><strong data-start=\"1109\" data-end=\"1133\">\u00d3xido de Calcio (CaO):<\/strong> 10 %<\/p>\n<\/li>\n<li data-start=\"1140\" data-end=\"1167\">\n<p data-start=\"1142\" data-end=\"1167\"><strong data-start=\"1142\" data-end=\"1161\">Materia Org\u00e1nica:<\/strong> 20 %<\/p>\n<\/li>\n<\/ul>\n<\/li>\n<li data-start=\"1168\" data-end=\"1197\">\n<p data-start=\"1170\" data-end=\"1197\"><strong data-start=\"1170\" data-end=\"1185\">pH (1\/100):<\/strong> 5,0 \u2013 7,0<\/p>\n<\/li>\n<li data-start=\"1251\" data-end=\"1283\">\n<p data-start=\"1253\" data-end=\"1283\"><strong data-start=\"336\" data-end=\"345\">Aspecto:<\/strong> L\u00edquido, 100 % soluble en agua<\/p>\n<\/li>\n<li data-start=\"1354\" data-end=\"1407\">\n<p data-start=\"1356\" data-end=\"1407\"><strong data-start=\"1356\" data-end=\"1370\">Libre de:<\/strong> Cloruro, sodio y metales pesados<\/p>\n<\/li>\n<li data-start=\"1119\" data-end=\"1140\">\n<p data-start=\"1121\" data-end=\"1140\"><strong data-start=\"443\" data-end=\"454\">Volumen:<\/strong> 1 L, 5 L, 20 L<\/p>\n<\/li>\n<li data-start=\"1119\" data-end=\"1140\">\n<p data-start=\"1121\" data-end=\"1140\"><strong data-start=\"474\" data-end=\"488\">Embalaje:<\/strong> Botella de PEAD \/ Garrafa<\/p>\n<\/li>\n<\/ul>\n<hr data-start=\"1409\" data-end=\"1412\">\n<h4 data-start=\"1414\" data-end=\"1442\"><strong data-start=\"1419\" data-end=\"1442\">M\u00e9todos de aplicaci\u00f3n<\/strong><\/h4>\n<p data-start=\"1533\" data-end=\"1556\">\ud83d\udca7 <strong>Fertirrigaci\u00f3n<\/strong> \u2013 Semanalmente, durante cualquier etapa del crecimiento de la planta<\/p>\n","protected":false},"excerpt":{"rendered":"<p>Corrector Drag\u00f3n es un fertilizante l\u00edquido de alta calidad enriquecido con calcio y materia org\u00e1nica, especialmente formulado para mitigar los efectos de suelos salinos y agua de riego. Beneficios clave Mejora el intercambio i\u00f3nico en suelos salinos y mejora la estructura del suelo. Reduce los efectos negativos de la acumulaci\u00f3n de sodio y cloruro. Fortalece [&hellip;]<\/p>\n","protected":false},"featured_media":4217,"comment_status":"open","ping_status":"closed","template":"","meta":{"_et_pb_use_builder":"","_et_pb_old_content":"","_et_gb_content_width":""},"product_brand":[],"product_cat":[140,158],"product_tag":[],"class_list":{"0":"post-4216","1":"product","2":"type-product","3":"status-publish","4":"has-post-thumbnail","6":"product_cat-dragon-ecologico","7":"product_cat-especialidad-dragon","9":"first","10":"instock","11":"shipping-taxable","12":"product-type-simple"},"_links":{"self":[{"href":"https:\/\/dragonagricultural.com\/es\/wp-json\/wp\/v2\/product\/4216","targetHints":{"allow":["GET"]}}],"collection":[{"href":"https:\/\/dragonagricultural.com\/es\/wp-json\/wp\/v2\/product"}],"about":[{"href":"https:\/\/dragonagricultural.com\/es\/wp-json\/wp\/v2\/types\/product"}],"replies":[{"embeddable":true,"href":"https:\/\/dragonagricultural.com\/es\/wp-json\/wp\/v2\/comments?post=4216"}],"wp:featuredmedia":[{"embeddable":true,"href":"https:\/\/dragonagricultural.com\/es\/wp-json\/wp\/v2\/media\/4217"}],"wp:attachment":[{"href":"https:\/\/dragonagricultural.com\/es\/wp-json\/wp\/v2\/media?parent=4216"}],"wp:term":[{"taxonomy":"product_brand","embeddable":true,"href":"https:\/\/dragonagricultural.com\/es\/wp-json\/wp\/v2\/product_brand?post=4216"},{"taxonomy":"product_cat","embeddable":true,"href":"https:\/\/dragonagricultural.com\/es\/wp-json\/wp\/v2\/product_cat?post=4216"},{"taxonomy":"product_tag","embeddable":true,"href":"https:\/\/dragonagricultural.com\/es\/wp-json\/wp\/v2\/product_tag?post=4216"}],"curies":[{"name":"wp","href":"https:\/\/api.w.org\/{rel}","templated":true}]}}