{"id":4197,"date":"2025-10-26T06:36:50","date_gmt":"2025-10-26T06:36:50","guid":{"rendered":"https:\/\/dragonagricultural.com\/products\/dragon-borcal\/"},"modified":"2025-12-09T21:17:23","modified_gmt":"2025-12-09T21:17:23","slug":"dragon-borcal","status":"publish","type":"product","link":"https:\/\/dragonagricultural.com\/es\/products\/dragon-ecologico\/dragon-borcal\/","title":{"rendered":"Dragon BorCal"},"content":{"rendered":"<p><strong>Dragon BorCal<\/strong> es una <strong>formulaci\u00f3n pr\u00e9mium de calcio y boro<\/strong>, quelatada por expertos con <strong>\u00e1cidos carbox\u00edlicos f\u00falvicos<\/strong> para mejorar la absorci\u00f3n y la eficiencia de estos nutrientes esenciales.<br \/>\n Aporta <strong>calcio<\/strong> para prolongar la vida \u00fatil de almacenamiento y prevenir <strong>trastornos fisiol\u00f3gicos<\/strong>, mientras que el <strong>boro<\/strong> favorece la formaci\u00f3n de polen, su viabilidad y la fertilidad general.<\/p>\n<hr>\n<h3><strong>Beneficios clave <\/strong><\/h3>\n<ul>\n<li>Previene trastornos fisiol\u00f3gicos como la podredumbre apical, el quemado de las puntas y el agrietamiento de los frutos.<\/li>\n<li>Mejora la germinaci\u00f3n del polen, el cuajado de los frutos y el rendimiento general.<\/li>\n<li>Mejora la firmeza de la fruta y la vida \u00fatil de almacenamiento posterior a la cosecha.<\/li>\n<li>Aumenta la absorci\u00f3n de nutrientes y fortalece las paredes celulares.<\/li>\n<li>Enriquecido con materia org\u00e1nica para una mejor salud del suelo y una fertilidad sostenida.<\/li>\n<\/ul>\n<hr>\n<h3><strong>Especificaciones t\u00e9cnicas \ud83e\uddea<br \/>\n<\/strong><\/h3>\n<ul data-start=\"139\" data-end=\"513\">\n<li data-start=\"139\" data-end=\"185\">\n<p data-start=\"141\" data-end=\"185\"><strong>Composici\u00f3n: %(w\/v)<\/strong><\/p>\n<ul data-start=\"139\" data-end=\"513\">\n<li data-start=\"186\" data-end=\"212\">\n<p data-start=\"188\" data-end=\"212\"><strong data-start=\"188\" data-end=\"206\">Calcio (CaO):<\/strong> 10 %<\/p>\n<\/li>\n<li data-start=\"213\" data-end=\"236\">\n<p data-start=\"215\" data-end=\"236\"><strong data-start=\"215\" data-end=\"229\">Boro (B):<\/strong> 0,5 %<\/p>\n<\/li>\n<li data-start=\"237\" data-end=\"269\">\n<p data-start=\"239\" data-end=\"269\"><strong data-start=\"239\" data-end=\"263\">Materia org\u00e1nica (MO):<\/strong> 20 %<\/p>\n<\/li>\n<\/ul>\n<\/li>\n<li><strong data-start=\"141\" data-end=\"156\">Aspecto:<\/strong> L\u00edquido; 100 % soluble en agua<\/li>\n<li data-start=\"270\" data-end=\"299\">\n<p data-start=\"272\" data-end=\"299\"><strong data-start=\"272\" data-end=\"287\">pH (1\/100):<\/strong> 5,0 \u2013 7,0<\/p>\n<\/li>\n<li data-start=\"358\" data-end=\"440\">\n<p data-start=\"360\" data-end=\"440\"><strong data-start=\"360\" data-end=\"375\">Solubilidad:<\/strong> Totalmente soluble y libre de cloruro, sodio y metales pesados<\/p>\n<\/li>\n<li data-start=\"441\" data-end=\"471\">\n<p data-start=\"443\" data-end=\"471\"><strong data-start=\"443\" data-end=\"454\">Volumen:<\/strong> 1 L, 5 L, 20 L<\/p>\n<\/li>\n<li data-start=\"472\" data-end=\"513\">\n<p data-start=\"474\" data-end=\"513\"><strong data-start=\"474\" data-end=\"488\">Embalaje:<\/strong> Botella de PEAD \/ Garrafa<\/p>\n<\/li>\n<\/ul>\n<hr data-start=\"515\" data-end=\"518\">\n<h3><strong>M\u00e9todos de aplicaci\u00f3n<\/strong><\/h3>\n<p>\ud83d\udca7 <strong>Fertirrigaci\u00f3n<\/strong>: garantiza un suministro eficiente de calcio y boro directamente a la zona radicular, lo que mejora la resistencia estructural y la fertilidad.<br \/>\n\ud83c\udf3f <strong>Aplicaci\u00f3n foliar<\/strong>: ideal antes de la floraci\u00f3n y durante las fases de cuajado de los frutos para mejorar la polinizaci\u00f3n y la calidad de los frutos.<\/p>\n<p>&nbsp;<\/p>\n","protected":false},"excerpt":{"rendered":"<p>Dragon BorCal es una formulaci\u00f3n pr\u00e9mium de calcio y boro, quelatada por expertos con \u00e1cidos carbox\u00edlicos f\u00falvicos para mejorar la absorci\u00f3n y la eficiencia de estos nutrientes esenciales. Aporta calcio para prolongar la vida \u00fatil de almacenamiento y prevenir trastornos fisiol\u00f3gicos, mientras que el boro favorece la formaci\u00f3n de polen, su viabilidad y la fertilidad [&hellip;]<\/p>\n","protected":false},"featured_media":4198,"comment_status":"open","ping_status":"closed","template":"","meta":{"_et_pb_use_builder":"","_et_pb_old_content":"","_et_gb_content_width":""},"product_brand":[],"product_cat":[140,158],"product_tag":[],"class_list":{"0":"post-4197","1":"product","2":"type-product","3":"status-publish","4":"has-post-thumbnail","6":"product_cat-dragon-ecologico","7":"product_cat-especialidad-dragon","9":"first","10":"instock","11":"shipping-taxable","12":"product-type-simple"},"_links":{"self":[{"href":"https:\/\/dragonagricultural.com\/es\/wp-json\/wp\/v2\/product\/4197","targetHints":{"allow":["GET"]}}],"collection":[{"href":"https:\/\/dragonagricultural.com\/es\/wp-json\/wp\/v2\/product"}],"about":[{"href":"https:\/\/dragonagricultural.com\/es\/wp-json\/wp\/v2\/types\/product"}],"replies":[{"embeddable":true,"href":"https:\/\/dragonagricultural.com\/es\/wp-json\/wp\/v2\/comments?post=4197"}],"wp:featuredmedia":[{"embeddable":true,"href":"https:\/\/dragonagricultural.com\/es\/wp-json\/wp\/v2\/media\/4198"}],"wp:attachment":[{"href":"https:\/\/dragonagricultural.com\/es\/wp-json\/wp\/v2\/media?parent=4197"}],"wp:term":[{"taxonomy":"product_brand","embeddable":true,"href":"https:\/\/dragonagricultural.com\/es\/wp-json\/wp\/v2\/product_brand?post=4197"},{"taxonomy":"product_cat","embeddable":true,"href":"https:\/\/dragonagricultural.com\/es\/wp-json\/wp\/v2\/product_cat?post=4197"},{"taxonomy":"product_tag","embeddable":true,"href":"https:\/\/dragonagricultural.com\/es\/wp-json\/wp\/v2\/product_tag?post=4197"}],"curies":[{"name":"wp","href":"https:\/\/api.w.org\/{rel}","templated":true}]}}