{"id":4193,"date":"2025-10-26T06:38:07","date_gmt":"2025-10-26T06:38:07","guid":{"rendered":"https:\/\/dragonagricultural.com\/products\/dragon-potamax\/"},"modified":"2025-12-09T21:11:38","modified_gmt":"2025-12-09T21:11:38","slug":"dragon-potamax","status":"publish","type":"product","link":"https:\/\/dragonagricultural.com\/es\/products\/dragon-ecologico\/dragon-potamax\/","title":{"rendered":"Dragon PotaMax"},"content":{"rendered":"<p data-start=\"122\" data-end=\"342\"><strong data-start=\"122\" data-end=\"140\">Dragon PotaMAX<\/strong> es un <strong data-start=\"147\" data-end=\"183\">fertilizante pot\u00e1sico org\u00e1nico en polvo<\/strong> que contiene <strong data-start=\"195\" data-end=\"202\">K\u2082O<\/strong> y <strong data-start=\"207\" data-end=\"230\">materia org\u00e1nica (MO)<\/strong>. Es <strong data-start=\"240\" data-end=\"262\">100 % soluble en agua<\/strong>, <strong data-start=\"264\" data-end=\"313\">no contiene cloruros, sodio ni metales pesados<\/strong> y tiene un <strong data-start=\"325\" data-end=\"339\">pH neutro<\/strong>.<\/p>\n<hr>\n<h3 data-start=\"539\" data-end=\"558\"><strong data-start=\"539\" data-end=\"556\">Beneficios clave:<\/strong><\/h3>\n<ul data-start=\"559\" data-end=\"906\">\n<li data-start=\"559\" data-end=\"612\">\n<p data-start=\"561\" data-end=\"612\">Mejora el <strong data-start=\"570\" data-end=\"609\">tama\u00f1o, la calidad y la vida \u00fatil de la fruta<\/strong>.<\/p>\n<\/li>\n<li data-start=\"613\" data-end=\"685\">\n<p data-start=\"615\" data-end=\"685\">Mejora la <strong data-start=\"630\" data-end=\"653\">tolerancia de la planta al estr\u00e9s<\/strong> y a las condiciones ambientales.<\/p>\n<\/li>\n<li data-start=\"686\" data-end=\"763\">\n<p data-start=\"688\" data-end=\"763\">Aumenta la <strong data-start=\"695\" data-end=\"725\">eficiencia de la absorci\u00f3n de nutrientes<\/strong> y promueve un crecimiento m\u00e1s fuerte de la planta.<\/p>\n<\/li>\n<li data-start=\"764\" data-end=\"833\">\n<p data-start=\"766\" data-end=\"833\">Mejora la estructura del suelo y aumenta el <strong data-start=\"804\" data-end=\"830\">contenido de materia org\u00e1nica<\/strong>.<\/p>\n<\/li>\n<li data-start=\"834\" data-end=\"906\">\n<p data-start=\"836\" data-end=\"906\">Act\u00faa como una <strong data-start=\"847\" data-end=\"864\">fuente de energ\u00eda<\/strong> para las plantas, mejorando la vitalidad general.<\/p>\n<\/li>\n<\/ul>\n<hr>\n<h3 data-start=\"913\" data-end=\"948\"><strong data-start=\"917\" data-end=\"948\">Especificaciones t\u00e9cnicas \ud83e\uddea<\/strong><\/h3>\n<ul data-start=\"949\" data-end=\"1323\">\n<li data-start=\"949\" data-end=\"1004\">\n<p data-start=\"951\" data-end=\"1004\"><strong data-start=\"951\" data-end=\"967\">Composici\u00f3n: % (p\/p)<\/strong><\/p>\n<ul data-start=\"949\" data-end=\"1323\">\n<li data-start=\"949\" data-end=\"1004\">\n<p data-start=\"951\" data-end=\"1004\"><strong data-start=\"1308\" data-end=\"1328\">Potasio (K\u2082O):<\/strong> 45 %<\/p>\n<\/li>\n<li data-start=\"949\" data-end=\"1004\">\n<p data-start=\"951\" data-end=\"1004\"><strong>Materia org\u00e1nica: 55 % <\/strong><\/p>\n<\/li>\n<\/ul>\n<\/li>\n<li data-start=\"1005\" data-end=\"1064\">\n<p data-start=\"1007\" data-end=\"1064\"><strong data-start=\"1007\" data-end=\"1022\">Aspecto:<\/strong> Polvo org\u00e1nico fino<\/p>\n<\/li>\n<li data-start=\"1065\" data-end=\"1094\">\n<p data-start=\"1067\" data-end=\"1094\"><strong data-start=\"1067\" data-end=\"1082\">pH (1\/100):<\/strong> 6,5 \u2013 7,5<\/p>\n<\/li>\n<li data-start=\"1250\" data-end=\"1277\">\n<p data-start=\"1252\" data-end=\"1277\"><strong data-start=\"1252\" data-end=\"1263\">Volumen:<\/strong> 1 kg, 10 kg<\/p>\n<\/li>\n<li data-start=\"1278\" data-end=\"1323\">\n<p data-start=\"1280\" data-end=\"1323\"><strong data-start=\"1280\" data-end=\"1294\">Embalaje:<\/strong> Bolsas \/ sobres multicapa<\/p>\n<\/li>\n<\/ul>\n<hr data-start=\"1325\" data-end=\"1328\">\n<h3 data-start=\"1330\" data-end=\"1357\"><strong data-start=\"1334\" data-end=\"1357\">M\u00e9todos de aplicaci\u00f3n<\/strong><\/h3>\n<p data-start=\"1358\" data-end=\"1613\">\ud83d\udca7 <strong data-start=\"1361\" data-end=\"1376\">Fertirrigaci\u00f3n<\/strong>: adecuado para sistemas de riego, lo que garantiza un suministro eficiente de potasio a la zona de la ra\u00edz durante el desarrollo del fruto.<br data-start=\"1492\" data-end=\"1495\">\ud83c\udf3f <strong data-start=\"1498\" data-end=\"1520\">Aplicaci\u00f3n foliar<\/strong>: ideal para una r\u00e1pida absorci\u00f3n de nutrientes a trav\u00e9s de las hojas durante las etapas de floraci\u00f3n y maduraci\u00f3n.<\/p>\n","protected":false},"excerpt":{"rendered":"<p>Dragon PotaMAX es un fertilizante pot\u00e1sico org\u00e1nico en polvo que contiene K\u2082O y materia org\u00e1nica (MO). Es 100 % soluble en agua, no contiene cloruros, sodio ni metales pesados y tiene un pH neutro. Beneficios clave: Mejora el tama\u00f1o, la calidad y la vida \u00fatil de la fruta. Mejora la tolerancia de la planta al [&hellip;]<\/p>\n","protected":false},"featured_media":4194,"comment_status":"open","ping_status":"closed","template":"","meta":{"_et_pb_use_builder":"","_et_pb_old_content":"","_et_gb_content_width":""},"product_brand":[],"product_cat":[140,158],"product_tag":[],"class_list":{"0":"post-4193","1":"product","2":"type-product","3":"status-publish","4":"has-post-thumbnail","6":"product_cat-dragon-ecologico","7":"product_cat-especialidad-dragon","9":"first","10":"instock","11":"shipping-taxable","12":"product-type-simple"},"_links":{"self":[{"href":"https:\/\/dragonagricultural.com\/es\/wp-json\/wp\/v2\/product\/4193","targetHints":{"allow":["GET"]}}],"collection":[{"href":"https:\/\/dragonagricultural.com\/es\/wp-json\/wp\/v2\/product"}],"about":[{"href":"https:\/\/dragonagricultural.com\/es\/wp-json\/wp\/v2\/types\/product"}],"replies":[{"embeddable":true,"href":"https:\/\/dragonagricultural.com\/es\/wp-json\/wp\/v2\/comments?post=4193"}],"wp:featuredmedia":[{"embeddable":true,"href":"https:\/\/dragonagricultural.com\/es\/wp-json\/wp\/v2\/media\/4194"}],"wp:attachment":[{"href":"https:\/\/dragonagricultural.com\/es\/wp-json\/wp\/v2\/media?parent=4193"}],"wp:term":[{"taxonomy":"product_brand","embeddable":true,"href":"https:\/\/dragonagricultural.com\/es\/wp-json\/wp\/v2\/product_brand?post=4193"},{"taxonomy":"product_cat","embeddable":true,"href":"https:\/\/dragonagricultural.com\/es\/wp-json\/wp\/v2\/product_cat?post=4193"},{"taxonomy":"product_tag","embeddable":true,"href":"https:\/\/dragonagricultural.com\/es\/wp-json\/wp\/v2\/product_tag?post=4193"}],"curies":[{"name":"wp","href":"https:\/\/api.w.org\/{rel}","templated":true}]}}