{"id":4175,"date":"2025-10-26T08:54:48","date_gmt":"2025-10-26T08:54:48","guid":{"rendered":"https:\/\/dragonagricultural.com\/products\/dragon-fert-high-pk\/"},"modified":"2025-12-08T13:19:23","modified_gmt":"2025-12-08T13:19:23","slug":"dragon-fert-high-pk","status":"publish","type":"product","link":"https:\/\/dragonagricultural.com\/es\/products\/dragon-fert-polvo-soluble\/dragon-fert-high-pk\/","title":{"rendered":"Dragon Fert High-PK"},"content":{"rendered":"<p>Las f\u00f3rmulas de <strong>Dragon Fert High-PK<\/strong> tienen un alto contenido de potasio y f\u00f3sforo, manteniendo un nivel muy bajo de nitr\u00f3geno. Esta f\u00f3rmula est\u00e1 dise\u00f1ada para mejorar significativamente varios aspectos del desarrollo de la planta, como el crecimiento de la ra\u00edz, la floraci\u00f3n, el cuajado de los frutos, el tama\u00f1o de los frutos y la calidad general de los frutos. La formulaci\u00f3n es \u00e1cida, lo que le permite contrarrestar los efectos de la dureza del agua y la alcalinidad del suelo. <\/p>\n<h3 data-start=\"1323\" data-end=\"1457\"><strong data-start=\"1326\" data-end=\"1364\">F\u00f3rmulas disponibles (todas en % p\/p):<br \/>\n<\/strong><\/h3>\n<div class=\"text\">\n<ul>\n<li>\n<div class=\"icon\"><strong><span style=\"color: #800080;\">3-37-37+TE<\/span><\/strong><\/div>\n<\/li>\n<li>\n<div class=\"icon\"><strong><span style=\"color: #800080;\">6\u201330\u201320 + 3 % MgO<\/span><\/strong><\/div>\n<\/li>\n<li>\n<div class=\"icon\"><strong><span style=\"color: #800080;\">6\u201320\u201330 + 3 % MgO<\/span><\/strong><\/div>\n<\/li>\n<li>\n<div class=\"icon\"><strong><span style=\"color: #800080;\">0-40-50+TE<\/span><\/strong><\/div>\n<\/li>\n<\/ul>\n<\/div>\n<h3><strong data-start=\"2254\" data-end=\"2285\">Especificaciones t\u00e9cnicas \ud83e\uddea<br \/>\n<\/strong><\/h3>\n<ul>\n<li>Aspecto: Polvo cristalino fino; 100 % soluble en agua<\/li>\n<li>pH: 4,5-5,5<\/li>\n<li>Todas las f\u00f3rmulas son totalmente solubles y no contienen cloruro, sodio ni metales pesados.<\/li>\n<li>Volumen: 1 kg, 10 kg, 25 kg<\/li>\n<li>Embalaje: Bolsas \/ sobres multicapa\n<div class=\"_tableContainer_1rjym_1\">\n<div class=\"group _tableWrapper_1rjym_13 flex w-fit flex-col-reverse\" tabindex=\"-1\"><\/div>\n<\/div>\n<\/li>\n<\/ul>\n<div>\n<div>\n<div>\n<h3><strong data-start=\"366\" data-end=\"389\">M\u00e9todos de aplicaci\u00f3n<\/strong><\/h3>\n<p data-start=\"390\" data-end=\"607\">\ud83d\udca7 <strong data-start=\"393\" data-end=\"408\">Fertirrigaci\u00f3n<\/strong>: adecuada para sistemas de riego, ya que garantiza una entrega profunda de nutrientes a la zona radicular.<br data-start=\"493\" data-end=\"496\">\ud83c\udf3f <strong data-start=\"499\" data-end=\"521\">Aplicaci\u00f3n foliar<\/strong>: ideal para una r\u00e1pida absorci\u00f3n de nutrientes a trav\u00e9s de las hojas durante las etapas cr\u00edticas de crecimiento.<\/p>\n<p data-start=\"609\" data-end=\"713\">\n<\/div>\n<\/div>\n<\/div>\n<p data-start=\"1323\" data-end=\"1457\"><strong data-start=\"1326\" data-end=\"1364\"> <\/strong><\/p>\n","protected":false},"excerpt":{"rendered":"<p>Las f\u00f3rmulas de Dragon Fert High-PK tienen un alto contenido de potasio y f\u00f3sforo, manteniendo un nivel muy bajo de nitr\u00f3geno. Esta f\u00f3rmula est\u00e1 dise\u00f1ada para mejorar significativamente varios aspectos del desarrollo de la planta, como el crecimiento de la ra\u00edz, la floraci\u00f3n, el cuajado de los frutos, el tama\u00f1o de los frutos y la [&hellip;]<\/p>\n","protected":false},"featured_media":4179,"comment_status":"open","ping_status":"closed","template":"","meta":{"_et_pb_use_builder":"","_et_pb_old_content":"","_et_gb_content_width":""},"product_brand":[],"product_cat":[117],"product_tag":[],"class_list":{"0":"post-4175","1":"product","2":"type-product","3":"status-publish","4":"has-post-thumbnail","6":"product_cat-dragon-fert-polvo-soluble","8":"first","9":"instock","10":"shipping-taxable","11":"product-type-simple"},"_links":{"self":[{"href":"https:\/\/dragonagricultural.com\/es\/wp-json\/wp\/v2\/product\/4175","targetHints":{"allow":["GET"]}}],"collection":[{"href":"https:\/\/dragonagricultural.com\/es\/wp-json\/wp\/v2\/product"}],"about":[{"href":"https:\/\/dragonagricultural.com\/es\/wp-json\/wp\/v2\/types\/product"}],"replies":[{"embeddable":true,"href":"https:\/\/dragonagricultural.com\/es\/wp-json\/wp\/v2\/comments?post=4175"}],"wp:featuredmedia":[{"embeddable":true,"href":"https:\/\/dragonagricultural.com\/es\/wp-json\/wp\/v2\/media\/4179"}],"wp:attachment":[{"href":"https:\/\/dragonagricultural.com\/es\/wp-json\/wp\/v2\/media?parent=4175"}],"wp:term":[{"taxonomy":"product_brand","embeddable":true,"href":"https:\/\/dragonagricultural.com\/es\/wp-json\/wp\/v2\/product_brand?post=4175"},{"taxonomy":"product_cat","embeddable":true,"href":"https:\/\/dragonagricultural.com\/es\/wp-json\/wp\/v2\/product_cat?post=4175"},{"taxonomy":"product_tag","embeddable":true,"href":"https:\/\/dragonagricultural.com\/es\/wp-json\/wp\/v2\/product_tag?post=4175"}],"curies":[{"name":"wp","href":"https:\/\/api.w.org\/{rel}","templated":true}]}}