{"id":4161,"date":"2025-10-26T08:54:02","date_gmt":"2025-10-26T08:54:02","guid":{"rendered":"https:\/\/dragonagricultural.com\/products\/dragon-fert-alto-en-potasio\/"},"modified":"2025-12-08T13:21:07","modified_gmt":"2025-12-08T13:21:07","slug":"dragon-fert-alto-en-potasio","status":"publish","type":"product","link":"https:\/\/dragonagricultural.com\/es\/products\/dragon-fert-polvo-soluble\/dragon-fert-alto-en-potasio\/","title":{"rendered":"Dragon Fert Alto en Potasio"},"content":{"rendered":"<div class=\"accrodion active\">\n<div class=\"accrodion-content\">\n<div class=\"inner\">\n<p><strong>Dragon Fert con alto contenido en potasio<\/strong>, esencial durante las etapas de desarrollo y maduraci\u00f3n del fruto. El potasio es crucial para la translocaci\u00f3n de az\u00facares, mejorando la calidad de la planta y del fruto. Tambi\u00e9n ayuda a mejorar y aumentar el tama\u00f1o del fruto, el rendimiento, la calidad del fruto, el tallo y el di\u00e1metro de las ramas. Cada una de nuestras f\u00f3rmulas cuenta con un alto nivel de acidez, que sirve para disminuir la alcalinidad en la zona radicular y liberar elementos fijados de aplicaciones anteriores, garantizando una absorci\u00f3n \u00f3ptima de nutrientes por parte de las plantas.   <\/p>\n<h3 data-start=\"1323\" data-end=\"1457\"><strong data-start=\"1326\" data-end=\"1364\">F\u00f3rmulas disponibles (todas en % p\/p):<\/strong><\/h3>\n<ul class=\"list-unstyled service-details__choose-points\">\n<li>\n<div class=\"icon\"><strong><span style=\"color: #800000;\">10-10-32 + 2 % MgO<\/span><\/strong><\/div>\n<\/li>\n<li>\n<div class=\"icon\"><strong><span style=\"color: #800000;\">10-10-40+TE<\/span><\/strong><\/div>\n<\/li>\n<li>\n<div class=\"icon\"><strong><span style=\"color: #800000;\">12-8-30 + 3 % CaO<\/span><\/strong><\/div>\n<\/li>\n<li>\n<div class=\"icon\"><strong><span style=\"color: #800000;\">12-12-36+TE<\/span><\/strong><\/div>\n<\/li>\n<li>\n<div class=\"icon\"><strong><span style=\"color: #800000;\">14-8-24 + 6 % CaO<\/span><\/strong><\/div>\n<\/li>\n<li>\n<div class=\"icon\"><strong><span style=\"color: #800000;\">17-10-27+TE<\/span><\/strong><\/div>\n<\/li>\n<li>\n<div class=\"icon\"><strong><span style=\"color: #800000;\">17-10-27 + 3 % MgO<\/span><\/strong><\/div>\n<\/li>\n<\/ul>\n<\/div>\n<\/div>\n<\/div>\n<div class=\"accrodion\">\n<div class=\"accrodion-title\">\n<h3><strong data-start=\"2254\" data-end=\"2285\">Especificaciones t\u00e9cnicas \ud83e\uddea<br \/>\n<\/strong><\/h3>\n<ul>\n<li>Aspecto: Polvo cristalino fino; 100 % soluble en agua<\/li>\n<li>pH: 4,5-5,5<\/li>\n<li>Todas las f\u00f3rmulas son totalmente solubles y no contienen cloruro, sodio ni metales pesados.<\/li>\n<li>Volumen: 1 kg, 10 kg, 25 kg<\/li>\n<li>Embalaje: Bolsas \/ sobres multicapa\n<div class=\"_tableContainer_1rjym_1\">\n<div class=\"group _tableWrapper_1rjym_13 flex w-fit flex-col-reverse\" tabindex=\"-1\"><\/div>\n<\/div>\n<\/li>\n<\/ul>\n<div>\n<div>\n<div>\n<h3><strong data-start=\"366\" data-end=\"389\">M\u00e9todos de aplicaci\u00f3n<\/strong><\/h3>\n<p data-start=\"390\" data-end=\"607\">\ud83d\udca7 <strong data-start=\"393\" data-end=\"408\">Fertirrigaci\u00f3n<\/strong>: adecuado para sistemas de riego, lo que garantiza un suministro profundo de nutrientes a la zona radicular.<br data-start=\"493\" data-end=\"496\">\ud83c\udf3f <strong data-start=\"499\" data-end=\"521\">Aplicaci\u00f3n foliar<\/strong>: ideal para una r\u00e1pida absorci\u00f3n de nutrientes a trav\u00e9s de las hojas durante las etapas cr\u00edticas de crecimiento.<\/p>\n<\/div>\n<\/div>\n<\/div>\n<\/div>\n<\/div>\n","protected":false},"excerpt":{"rendered":"<p>Dragon Fert con alto contenido en potasio, esencial durante las etapas de desarrollo y maduraci\u00f3n del fruto. El potasio es crucial para la translocaci\u00f3n de az\u00facares, mejorando la calidad de la planta y del fruto. Tambi\u00e9n ayuda a mejorar y aumentar el tama\u00f1o del fruto, el rendimiento, la calidad del fruto, el tallo y el [&hellip;]<\/p>\n","protected":false},"featured_media":4165,"comment_status":"open","ping_status":"closed","template":"","meta":{"_et_pb_use_builder":"","_et_pb_old_content":"","_et_gb_content_width":""},"product_brand":[],"product_cat":[117],"product_tag":[],"class_list":{"0":"post-4161","1":"product","2":"type-product","3":"status-publish","4":"has-post-thumbnail","6":"product_cat-dragon-fert-polvo-soluble","8":"first","9":"instock","10":"shipping-taxable","11":"product-type-simple"},"_links":{"self":[{"href":"https:\/\/dragonagricultural.com\/es\/wp-json\/wp\/v2\/product\/4161","targetHints":{"allow":["GET"]}}],"collection":[{"href":"https:\/\/dragonagricultural.com\/es\/wp-json\/wp\/v2\/product"}],"about":[{"href":"https:\/\/dragonagricultural.com\/es\/wp-json\/wp\/v2\/types\/product"}],"replies":[{"embeddable":true,"href":"https:\/\/dragonagricultural.com\/es\/wp-json\/wp\/v2\/comments?post=4161"}],"wp:featuredmedia":[{"embeddable":true,"href":"https:\/\/dragonagricultural.com\/es\/wp-json\/wp\/v2\/media\/4165"}],"wp:attachment":[{"href":"https:\/\/dragonagricultural.com\/es\/wp-json\/wp\/v2\/media?parent=4161"}],"wp:term":[{"taxonomy":"product_brand","embeddable":true,"href":"https:\/\/dragonagricultural.com\/es\/wp-json\/wp\/v2\/product_brand?post=4161"},{"taxonomy":"product_cat","embeddable":true,"href":"https:\/\/dragonagricultural.com\/es\/wp-json\/wp\/v2\/product_cat?post=4161"},{"taxonomy":"product_tag","embeddable":true,"href":"https:\/\/dragonagricultural.com\/es\/wp-json\/wp\/v2\/product_tag?post=4161"}],"curies":[{"name":"wp","href":"https:\/\/api.w.org\/{rel}","templated":true}]}}