{"id":4156,"date":"2025-10-26T14:41:14","date_gmt":"2025-10-26T14:41:14","guid":{"rendered":"https:\/\/dragonagricultural.com\/products\/pasta-dragon-equilibrada\/"},"modified":"2025-12-08T13:16:50","modified_gmt":"2025-12-08T13:16:50","slug":"pasta-dragon-equilibrada","status":"publish","type":"product","link":"https:\/\/dragonagricultural.com\/es\/products\/pasta-dragon\/pasta-dragon-equilibrada\/","title":{"rendered":"Pasta Drag\u00f3n Equilibrada"},"content":{"rendered":"<h2>Equilibrio perfecto para una maduraci\u00f3n progresiva de los cultivos<\/h2>\n<p data-start=\"293\" data-end=\"591\">Formulaciones de <strong data-start=\"695\" data-end=\"727\">Dragon Paste NPK equilibrado<\/strong> dise\u00f1adas para apoyar el crecimiento de las plantas en cada etapa de desarrollo. Estas f\u00f3rmulas suministran los tres macronutrientes esenciales \u2014 <strong data-start=\"447\" data-end=\"486\">Nitr\u00f3geno, F\u00f3sforo y Potasio<\/strong> \u2014 en proporciones precisas que promueven ra\u00edces fuertes, un follaje vibrante y una floraci\u00f3n y fructificaci\u00f3n constantes. <\/p>\n<p data-start=\"593\" data-end=\"861\">La deficiencia de cualquiera de estos nutrientes clave puede limitar el vigor de la planta, reducir el rendimiento y retrasar la madurez. La <strong data-start=\"695\" data-end=\"727\">Serie Dragon Paste Balanced<\/strong> garantiza una nutrici\u00f3n completa y un rendimiento a largo plazo, especialmente para los cultivos que crecen y maduran progresivamente a lo largo de la temporada. <\/p>\n<h3 data-start=\"863\" data-end=\"893\"><strong data-start=\"866\" data-end=\"891\">F\u00f3rmulas destacadas:<\/strong><\/h3>\n<ul>\n<li data-start=\"846\" data-end=\"1235\"><span style=\"color: #0c266e;\"><strong data-start=\"846\" data-end=\"874\">Dragon Paste 30-30-30+TE<\/strong><\/span> \u2014 Una f\u00f3rmula NPK de alta concentraci\u00f3n totalmente equilibrada y enriquecida con oligoelementos, ideal para mantener un crecimiento vegetativo continuo, mejorar la formaci\u00f3n de clorofila y aumentar la tolerancia al estr\u00e9s.<br data-start=\"1066\" data-end=\"1069\"><em data-start=\"1074\" data-end=\"1233\">Dragon Ferti se enorgullece de ser el primer fabricante en Jordania en desarrollar la f\u00f3rmula de pasta 30-30-30, una verdadera innovaci\u00f3n en la tecnolog\u00eda de fertilizantes concentrados.<\/em><\/li>\n<li data-start=\"1119\" data-end=\"1321\">\n<p data-start=\"1121\" data-end=\"1321\"><span style=\"color: #0c266e;\"><strong data-start=\"1121\" data-end=\"1153\">Dragon Paste 15-15-15+35% OM<\/strong><\/span> \u2014 Combina una nutrici\u00f3n equilibrada con <em>materia org\u00e1nica<\/em> para mejorar la estructura del suelo, aumentar la retenci\u00f3n de nutrientes y estimular la actividad microbiana para una salud del suelo a largo plazo.<\/p>\n<\/li>\n<\/ul>\n<h3 data-start=\"1323\" data-end=\"1457\"><strong data-start=\"1326\" data-end=\"1364\">F\u00f3rmulas disponibles (todo en % p\/v):<br \/>\n<\/strong><\/h3>\n<div class=\"text\">\n<ul>\n<li><span style=\"color: #0c266e;\">15-15-15+35%OM <\/span><\/li>\n<li><span style=\"color: #0c266e;\">20-20-20+TE<\/span><\/li>\n<li class=\"icon\"><span style=\"color: #0c266e;\">22-22-22+TE<\/span><\/li>\n<li class=\"icon\"><span style=\"color: #0c266e;\">25-25-18+2 MgO<\/span><\/li>\n<li class=\"icon\"><span style=\"color: #0c266e;\">25-25-25+TE<\/span><\/li>\n<li class=\"icon\"><span style=\"color: #0c266e;\">30-30-30+TE<\/span><\/li>\n<\/ul>\n<\/div>\n<h3><strong data-start=\"2254\" data-end=\"2285\">Especificaciones t\u00e9cnicas \ud83e\uddea<br \/>\n<\/strong><\/h3>\n<ul>\n<li>Aspecto: Pasta; 100 % soluble en agua<\/li>\n<li>pH: 2,5-3,5<\/li>\n<li>Todas las f\u00f3rmulas son totalmente solubles y no contienen cloruro, sodio ni metales pesados.<\/li>\n<li>Volumen: 1 kg, 5 kg, 10 kg, 20 kg<\/li>\n<li>Embalaje: Cubo de PEAD con bolsa interior<\/li>\n<\/ul>\n<div>\n<div>\n<div><\/div>\n<\/div>\n<div>\n<div>\n<h3><strong data-start=\"366\" data-end=\"389\">M\u00e9todos de aplicaci\u00f3n<\/strong><\/h3>\n<p data-start=\"390\" data-end=\"607\">\ud83d\udca7 <strong data-start=\"393\" data-end=\"408\">Fertirrigaci\u00f3n<\/strong> \u2013 Adecuado para sistemas de riego, asegurando una entrega profunda de nutrientes a la zona de la ra\u00edz.<br data-start=\"493\" data-end=\"496\">\ud83c\udf3f <strong data-start=\"499\" data-end=\"521\">Aplicaci\u00f3n foliar<\/strong> \u2013 Ideal para una r\u00e1pida absorci\u00f3n de nutrientes a trav\u00e9s de las hojas durante las etapas cr\u00edticas de crecimiento.<\/p>\n<p data-start=\"609\" data-end=\"713\">\n<\/div>\n<\/div>\n<\/div>\n<p data-start=\"1323\" data-end=\"1457\"><strong data-start=\"1326\" data-end=\"1364\"> <\/strong><\/p>\n","protected":false},"excerpt":{"rendered":"<p>Equilibrio perfecto para una maduraci\u00f3n progresiva de los cultivos Formulaciones de Dragon Paste NPK equilibrado dise\u00f1adas para apoyar el crecimiento de las plantas en cada etapa de desarrollo. Estas f\u00f3rmulas suministran los tres macronutrientes esenciales \u2014 Nitr\u00f3geno, F\u00f3sforo y Potasio \u2014 en proporciones precisas que promueven ra\u00edces fuertes, un follaje vibrante y una floraci\u00f3n y [&hellip;]<\/p>\n","protected":false},"featured_media":2427,"comment_status":"open","ping_status":"closed","template":"","meta":{"_et_pb_use_builder":"","_et_pb_old_content":"","_et_gb_content_width":""},"product_brand":[],"product_cat":[167],"product_tag":[179,168,169,180,184,174,175,171,172,181,173,177,178,182],"class_list":{"0":"post-4156","1":"product","2":"type-product","3":"status-publish","4":"has-post-thumbnail","6":"product_cat-pasta-dragon","7":"product_tag-desarrollo-de-la-planta","8":"product_tag-dragon-ferti","9":"product_tag-dragon-paste","10":"product_tag-enriquecimiento-de-fosforo","11":"product_tag-equilibrado","12":"product_tag-fertilizante-de-fosforo","13":"product_tag-fertilizante-de-inicio","14":"product_tag-fertilizante-npk-en-pasta","15":"product_tag-fertilizante-para-el-crecimiento-de-las-raices","16":"product_tag-fertilizante-para-plantulas","17":"product_tag-nutricion-vegetal-en-etapa-temprana","18":"product_tag-pasta-soluble-en-agua","19":"product_tag-potenciador-de-raices","20":"product_tag-soluciones-para-la-agricultura","22":"first","23":"instock","24":"shipping-taxable","25":"product-type-simple"},"_links":{"self":[{"href":"https:\/\/dragonagricultural.com\/es\/wp-json\/wp\/v2\/product\/4156","targetHints":{"allow":["GET"]}}],"collection":[{"href":"https:\/\/dragonagricultural.com\/es\/wp-json\/wp\/v2\/product"}],"about":[{"href":"https:\/\/dragonagricultural.com\/es\/wp-json\/wp\/v2\/types\/product"}],"replies":[{"embeddable":true,"href":"https:\/\/dragonagricultural.com\/es\/wp-json\/wp\/v2\/comments?post=4156"}],"wp:featuredmedia":[{"embeddable":true,"href":"https:\/\/dragonagricultural.com\/es\/wp-json\/wp\/v2\/media\/2427"}],"wp:attachment":[{"href":"https:\/\/dragonagricultural.com\/es\/wp-json\/wp\/v2\/media?parent=4156"}],"wp:term":[{"taxonomy":"product_brand","embeddable":true,"href":"https:\/\/dragonagricultural.com\/es\/wp-json\/wp\/v2\/product_brand?post=4156"},{"taxonomy":"product_cat","embeddable":true,"href":"https:\/\/dragonagricultural.com\/es\/wp-json\/wp\/v2\/product_cat?post=4156"},{"taxonomy":"product_tag","embeddable":true,"href":"https:\/\/dragonagricultural.com\/es\/wp-json\/wp\/v2\/product_tag?post=4156"}],"curies":[{"name":"wp","href":"https:\/\/api.w.org\/{rel}","templated":true}]}}