{"id":4152,"date":"2025-11-06T05:47:53","date_gmt":"2025-11-06T05:47:53","guid":{"rendered":"https:\/\/dragonagricultural.com\/products\/dragon-mix-plus\/"},"modified":"2025-12-08T13:12:02","modified_gmt":"2025-12-08T13:12:02","slug":"dragon-mix-plus","status":"publish","type":"product","link":"https:\/\/dragonagricultural.com\/es\/products\/elementos-menores-del-dragon\/dragon-mix-plus\/","title":{"rendered":"Dragon Mix Plus"},"content":{"rendered":"<p data-start=\"222\" data-end=\"493\"><strong data-start=\"222\" data-end=\"241\">Dragon Mix Plus<\/strong> es una <strong data-start=\"256\" data-end=\"275\">soluci\u00f3n l\u00edquida<\/strong> equilibrada que contiene <strong data-start=\"297\" data-end=\"315\">micronutrientes<\/strong> esenciales \u2014 <strong data-start=\"318\" data-end=\"383\">hierro (Fe), zinc (Zn), manganeso (Mn), cobre (Cu), boro (B)<\/strong> y <strong data-start=\"388\" data-end=\"407\">molibdeno (Mo)<\/strong> \u2014, todos en formas totalmente quelatadas para garantizar la m\u00e1xima absorci\u00f3n y eficiencia de los nutrientes.<\/p>\n<p data-start=\"495\" data-end=\"953\">Esta avanzada formulaci\u00f3n est\u00e1 dise\u00f1ada para <strong data-start=\"536\" data-end=\"560\">favorecer el crecimiento de las plantas<\/strong>, <strong data-start=\"562\" data-end=\"589\">potenciar las funciones vitales<\/strong> y <strong data-start=\"595\" data-end=\"644\">prevenir o corregir las carencias de micronutrientes<\/strong>.<br data-start=\"645\" data-end=\"648\">Los oligoelementos de <strong data-start=\"666\" data-end=\"685\">Dragon Mix Plus<\/strong> desempe\u00f1an un papel fundamental en la <strong data-start=\"705\" data-end=\"726\">activaci\u00f3n enzim\u00e1tica<\/strong>, la <strong data-start=\"728\" data-end=\"746\">fotos\u00edntesis<\/strong> y el <strong data-start=\"752\" data-end=\"784\">fortalecimiento de la inmunidad de las plantas<\/strong>.<\/p>\n<hr data-start=\"955\" data-end=\"958\">\n<h4 data-start=\"960\" data-end=\"981\"><strong data-start=\"965\" data-end=\"981\">Beneficios clave<\/strong><\/h4>\n<ul data-start=\"982\" data-end=\"1413\">\n<li data-start=\"982\" data-end=\"1043\">\n<p data-start=\"984\" data-end=\"1043\">Proporciona un <strong data-start=\"993\" data-end=\"1026\">suministro equilibrado de micronutrientes<\/strong> para todos los cultivos.<\/p>\n<\/li>\n<li data-start=\"1044\" data-end=\"1113\">\n<p data-start=\"1046\" data-end=\"1113\">Corrige y previene eficazmente las <strong data-start=\"1068\" data-end=\"1098\">carencias de oligoelementos<\/strong>.<\/p>\n<\/li>\n<li data-start=\"1114\" data-end=\"1198\">\n<p data-start=\"1116\" data-end=\"1198\">Potencia la <strong data-start=\"1125\" data-end=\"1143\">fotos\u00edntesis<\/strong>, la <strong data-start=\"1145\" data-end=\"1170\">formaci\u00f3n de clorofila<\/strong> y la <strong data-start=\"1176\" data-end=\"1195\">actividad enzim\u00e1tica<\/strong>.<\/p>\n<\/li>\n<li data-start=\"1199\" data-end=\"1264\">\n<p data-start=\"1201\" data-end=\"1264\">Favorece la <strong data-start=\"1210\" data-end=\"1234\">floraci\u00f3n, el cuajado<\/strong> y la mejora de la calidad de los cultivos.<\/p>\n<\/li>\n<li data-start=\"1265\" data-end=\"1329\">\n<p data-start=\"1267\" data-end=\"1329\">Refuerza la <strong data-start=\"1279\" data-end=\"1304\">respuesta inmunitaria de la planta<\/strong> y la resistencia al estr\u00e9s.<\/p>\n<\/li>\n<\/ul>\n<hr data-start=\"1415\" data-end=\"1418\">\n<h4 data-start=\"1420\" data-end=\"1456\"><strong data-start=\"1425\" data-end=\"1456\">Especificaciones t\u00e9cnicas \ud83e\uddea<\/strong><\/h4>\n<ul data-start=\"1457\" data-end=\"1865\">\n<li data-start=\"1457\" data-end=\"1480\"><strong>Composici\u00f3n: %(w\/v)<\/strong>\n<ul data-start=\"1383\" data-end=\"1679\">\n<li data-start=\"1383\" data-end=\"1413\"><strong data-start=\"1459\" data-end=\"1473\">Hierro (Fe):<\/strong> 2,0 %<\/li>\n<li data-start=\"1481\" data-end=\"1509\">\n<p data-start=\"1483\" data-end=\"1509\"><strong data-start=\"1483\" data-end=\"1502\">Manganeso (Mn):<\/strong> 2,0 %<\/p>\n<\/li>\n<li data-start=\"1510\" data-end=\"1533\">\n<p data-start=\"1512\" data-end=\"1533\"><strong data-start=\"1512\" data-end=\"1526\">Zinc (Zn):<\/strong> 2,0 %<\/p>\n<\/li>\n<li data-start=\"1534\" data-end=\"1569\">\n<p data-start=\"1536\" data-end=\"1569\"><strong data-start=\"1536\" data-end=\"1562\">\u00d3xido de magnesio (MgO):<\/strong> 1,0 %<\/p>\n<\/li>\n<li data-start=\"1570\" data-end=\"1595\">\n<p data-start=\"1572\" data-end=\"1595\"><strong data-start=\"1572\" data-end=\"1588\">Cobre (Cu):<\/strong> 0,5 %<\/p>\n<\/li>\n<li data-start=\"1596\" data-end=\"1619\">\n<p data-start=\"1598\" data-end=\"1619\"><strong data-start=\"1598\" data-end=\"1612\">Boro (B):<\/strong> 0,3 %<\/p>\n<\/li>\n<li data-start=\"1620\" data-end=\"1650\">\n<p data-start=\"1622\" data-end=\"1650\"><strong data-start=\"1622\" data-end=\"1642\">Molibdeno (Mo):<\/strong> 0,05 %<\/p>\n<\/li>\n<\/ul>\n<\/li>\n<li data-start=\"1651\" data-end=\"1680\">\n<p data-start=\"1653\" data-end=\"1680\"><strong data-start=\"1653\" data-end=\"1668\">pH (1\/100):<\/strong> 3,0 \u2013 4,0<\/p>\n<\/li>\n<li data-start=\"1651\" data-end=\"1680\">\n<p data-start=\"1653\" data-end=\"1680\"><strong data-start=\"141\" data-end=\"156\">Aspecto:<\/strong> L\u00edquido<\/p>\n<\/li>\n<li data-start=\"1651\" data-end=\"1680\">\n<p data-start=\"1653\" data-end=\"1680\"><strong data-start=\"360\" data-end=\"375\">Solubilidad:<\/strong> Totalmente soluble y libre de cloruro, sodio y metales pesados<\/p>\n<\/li>\n<li data-start=\"1651\" data-end=\"1680\">\n<p data-start=\"1653\" data-end=\"1680\"><strong data-start=\"443\" data-end=\"454\">Volumen:<\/strong> 1 L, 5 L, 20 L<\/p>\n<\/li>\n<li data-start=\"1651\" data-end=\"1680\">\n<p data-start=\"1653\" data-end=\"1680\"><strong data-start=\"474\" data-end=\"488\">Embalaje:<\/strong> Botella de PEAD \/ Garrafa<\/p>\n<\/li>\n<\/ul>\n<hr data-start=\"1713\" data-end=\"1716\">\n<h4 data-start=\"1718\" data-end=\"1746\"><strong data-start=\"1723\" data-end=\"1746\">M\u00e9todos de aplicaci\u00f3n<\/strong><\/h4>\n<p>\ud83d\udca7 <strong>Fertirrigaci\u00f3n<\/strong><br \/>\n\ud83c\udf3f   <strong>Aplicaci\u00f3n foliar<\/strong><\/p>\n","protected":false},"excerpt":{"rendered":"<p>Dragon Mix Plus es una soluci\u00f3n l\u00edquida equilibrada que contiene micronutrientes esenciales \u2014 hierro (Fe), zinc (Zn), manganeso (Mn), cobre (Cu), boro (B) y molibdeno (Mo) \u2014, todos en formas totalmente quelatadas para garantizar la m\u00e1xima absorci\u00f3n y eficiencia de los nutrientes. Esta avanzada formulaci\u00f3n est\u00e1 dise\u00f1ada para favorecer el crecimiento de las plantas, potenciar [&hellip;]<\/p>\n","protected":false},"featured_media":980,"comment_status":"open","ping_status":"closed","template":"","meta":{"_et_pb_use_builder":"","_et_pb_old_content":"","_et_gb_content_width":""},"product_brand":[],"product_cat":[140,139],"product_tag":[],"class_list":{"0":"post-4152","1":"product","2":"type-product","3":"status-publish","4":"has-post-thumbnail","6":"product_cat-dragon-ecologico","7":"product_cat-elementos-menores-del-dragon","9":"first","10":"instock","11":"shipping-taxable","12":"product-type-simple"},"_links":{"self":[{"href":"https:\/\/dragonagricultural.com\/es\/wp-json\/wp\/v2\/product\/4152","targetHints":{"allow":["GET"]}}],"collection":[{"href":"https:\/\/dragonagricultural.com\/es\/wp-json\/wp\/v2\/product"}],"about":[{"href":"https:\/\/dragonagricultural.com\/es\/wp-json\/wp\/v2\/types\/product"}],"replies":[{"embeddable":true,"href":"https:\/\/dragonagricultural.com\/es\/wp-json\/wp\/v2\/comments?post=4152"}],"wp:featuredmedia":[{"embeddable":true,"href":"https:\/\/dragonagricultural.com\/es\/wp-json\/wp\/v2\/media\/980"}],"wp:attachment":[{"href":"https:\/\/dragonagricultural.com\/es\/wp-json\/wp\/v2\/media?parent=4152"}],"wp:term":[{"taxonomy":"product_brand","embeddable":true,"href":"https:\/\/dragonagricultural.com\/es\/wp-json\/wp\/v2\/product_brand?post=4152"},{"taxonomy":"product_cat","embeddable":true,"href":"https:\/\/dragonagricultural.com\/es\/wp-json\/wp\/v2\/product_cat?post=4152"},{"taxonomy":"product_tag","embeddable":true,"href":"https:\/\/dragonagricultural.com\/es\/wp-json\/wp\/v2\/product_tag?post=4152"}],"curies":[{"name":"wp","href":"https:\/\/api.w.org\/{rel}","templated":true}]}}