{"id":4140,"date":"2025-11-04T05:00:43","date_gmt":"2025-11-04T05:00:43","guid":{"rendered":"https:\/\/dragonagricultural.com\/products\/pasta-dragon-alto-fosforo\/"},"modified":"2025-12-08T13:11:55","modified_gmt":"2025-12-08T13:11:55","slug":"pasta-dragon-alto-fosforo","status":"publish","type":"product","link":"https:\/\/dragonagricultural.com\/es\/products\/pasta-dragon\/pasta-dragon-alto-fosforo\/","title":{"rendered":"Pasta Drag\u00f3n Alto F\u00f3sforo"},"content":{"rendered":"<p>La pasta con alto contenido en f\u00f3sforo Dragon es esencial para estimular el crecimiento de las ra\u00edces y el desarrollo de las plantas en diversas fases de su ciclo vital, por lo que resulta adecuada para fomentar el crecimiento de las plantas en las primeras etapas. Estos productos est\u00e1n dise\u00f1ados con proporciones variables de nitr\u00f3geno, f\u00f3sforo y potasio para apoyar las distintas necesidades de las plantas, desde el desarrollo de las ra\u00edces hasta la salud y productividad generales. <\/p>\n<h3 data-start=\"1323\" data-end=\"1457\"><strong data-start=\"1326\" data-end=\"1364\">F\u00f3rmulas disponibles (todo en % p\/v):<br \/>\n<\/strong><\/h3>\n<div class=\"text\">\n<div class=\"text\">\n<ul>\n<li>12-61-0+TE<\/li>\n<li>13-40-13+TE<\/li>\n<li>13-70-13+TE<\/li>\n<li>18-44-0+TE<\/li>\n<li>20-50-10+TE<\/li>\n<\/ul>\n<\/div>\n<div class=\"text\"><strong style=\"color: #333333; font-size: 22px;\" data-start=\"2254\" data-end=\"2285\">Especificaciones t\u00e9cnicas \ud83e\uddea<\/strong><\/div>\n<\/div>\n<ul>\n<li>Aspecto: Pasta; 100 % soluble en agua<\/li>\n<li>pH: 2,5-3,5<\/li>\n<li>Todas las f\u00f3rmulas son totalmente solubles y no contienen cloruro, sodio ni metales pesados.<\/li>\n<li>Volumen: 1 kg, 5 kg, 10 kg, 20 kg<\/li>\n<li>Embalaje: Cubo de PEAD con bolsa interior<\/li>\n<\/ul>\n<div>\n<div>\n<div><\/div>\n<\/div>\n<div>\n<div>\n<h3><strong data-start=\"366\" data-end=\"389\">M\u00e9todos de aplicaci\u00f3n<\/strong><\/h3>\n<p data-start=\"390\" data-end=\"607\">\ud83d\udca7 <strong data-start=\"393\" data-end=\"408\">Fertirrigaci\u00f3n<\/strong>: adecuado para sistemas de riego, lo que garantiza una administraci\u00f3n profunda de nutrientes a la zona radicular.<br data-start=\"493\" data-end=\"496\">\ud83c\udf3f <strong data-start=\"499\" data-end=\"521\">Aplicaci\u00f3n foliar<\/strong>: ideal para una r\u00e1pida absorci\u00f3n de nutrientes a trav\u00e9s de las hojas durante las etapas cr\u00edticas de crecimiento.<\/p>\n<\/div>\n<\/div>\n<\/div>\n","protected":false},"excerpt":{"rendered":"<p>La pasta con alto contenido en f\u00f3sforo Dragon es esencial para estimular el crecimiento de las ra\u00edces y el desarrollo de las plantas en diversas fases de su ciclo vital, por lo que resulta adecuada para fomentar el crecimiento de las plantas en las primeras etapas. Estos productos est\u00e1n dise\u00f1ados con proporciones variables de nitr\u00f3geno, [&hellip;]<\/p>\n","protected":false},"featured_media":4141,"comment_status":"open","ping_status":"closed","template":"","meta":{"_et_pb_use_builder":"","_et_pb_old_content":"","_et_gb_content_width":""},"product_brand":[],"product_cat":[167],"product_tag":[179,168,169,180,170,174,175,171,172,181,176,173,177,178,182],"class_list":{"0":"post-4140","1":"product","2":"type-product","3":"status-publish","4":"has-post-thumbnail","6":"product_cat-pasta-dragon","7":"product_tag-desarrollo-de-la-planta","8":"product_tag-dragon-ferti","9":"product_tag-dragon-paste","10":"product_tag-enriquecimiento-de-fosforo","11":"product_tag-fertilizante-alto-en-fosforo","12":"product_tag-fertilizante-de-fosforo","13":"product_tag-fertilizante-de-inicio","14":"product_tag-fertilizante-npk-en-pasta","15":"product_tag-fertilizante-para-el-crecimiento-de-las-raices","16":"product_tag-fertilizante-para-plantulas","17":"product_tag-npk-alto-en-p","18":"product_tag-nutricion-vegetal-en-etapa-temprana","19":"product_tag-pasta-soluble-en-agua","20":"product_tag-potenciador-de-raices","21":"product_tag-soluciones-para-la-agricultura","23":"first","24":"instock","25":"shipping-taxable","26":"product-type-simple"},"_links":{"self":[{"href":"https:\/\/dragonagricultural.com\/es\/wp-json\/wp\/v2\/product\/4140","targetHints":{"allow":["GET"]}}],"collection":[{"href":"https:\/\/dragonagricultural.com\/es\/wp-json\/wp\/v2\/product"}],"about":[{"href":"https:\/\/dragonagricultural.com\/es\/wp-json\/wp\/v2\/types\/product"}],"replies":[{"embeddable":true,"href":"https:\/\/dragonagricultural.com\/es\/wp-json\/wp\/v2\/comments?post=4140"}],"wp:featuredmedia":[{"embeddable":true,"href":"https:\/\/dragonagricultural.com\/es\/wp-json\/wp\/v2\/media\/4141"}],"wp:attachment":[{"href":"https:\/\/dragonagricultural.com\/es\/wp-json\/wp\/v2\/media?parent=4140"}],"wp:term":[{"taxonomy":"product_brand","embeddable":true,"href":"https:\/\/dragonagricultural.com\/es\/wp-json\/wp\/v2\/product_brand?post=4140"},{"taxonomy":"product_cat","embeddable":true,"href":"https:\/\/dragonagricultural.com\/es\/wp-json\/wp\/v2\/product_cat?post=4140"},{"taxonomy":"product_tag","embeddable":true,"href":"https:\/\/dragonagricultural.com\/es\/wp-json\/wp\/v2\/product_tag?post=4140"}],"curies":[{"name":"wp","href":"https:\/\/api.w.org\/{rel}","templated":true}]}}