{"id":4124,"date":"2025-10-26T06:49:23","date_gmt":"2025-10-26T06:49:23","guid":{"rendered":"https:\/\/dragonagricultural.com\/products\/dragon-flow-high-pk-fertilizantes-liquidos\/"},"modified":"2025-12-09T11:50:00","modified_gmt":"2025-12-09T11:50:00","slug":"dragon-flow-high-pk-fertilizantes-liquidos","status":"publish","type":"product","link":"https:\/\/dragonagricultural.com\/es\/products\/liquido-dragon\/dragon-flow-high-pk-fertilizantes-liquidos\/","title":{"rendered":"Dragon Flow High-PK (Fertilizantes l\u00edquidos)"},"content":{"rendered":"<h3 data-start=\"126\" data-end=\"171\"><strong data-start=\"130\" data-end=\"169\">Dragon High-PK Liquid (0-30-40 p\/v)<\/strong><\/h3>\n<p data-start=\"172\" data-end=\"366\"><strong data-start=\"172\" data-end=\"197\">Dragon High-PK Liquid<\/strong> es un fertilizante l\u00edquido de primera calidad formulado con altos niveles de <strong data-start=\"260\" data-end=\"278\">f\u00f3sforo (P)<\/strong> y <strong data-start=\"283\" data-end=\"300\">potasio (K)<\/strong> para mejorar la <strong data-start=\"312\" data-end=\"363\">floraci\u00f3n, el cuajado y el desarrollo de los frutos<\/strong>.<\/p>\n<p data-start=\"368\" data-end=\"641\">Este producto aumenta el n\u00famero de flores, incrementa el tama\u00f1o de los frutos, mejora el color y el dulzor, y aumenta los s\u00f3lidos solubles totales. Tambi\u00e9n fortalece la resistencia de la planta al estr\u00e9s, las enfermedades y las condiciones desfavorables, garantizando rendimientos de mayor calidad y una vida \u00fatil mejorada. <\/p>\n<p data-start=\"643\" data-end=\"811\">Su forma l\u00edquida permite una f\u00e1cil aplicaci\u00f3n y una r\u00e1pida absorci\u00f3n a trav\u00e9s del riego por goteo o la pulverizaci\u00f3n foliar, lo que lo hace ideal para su uso durante las <strong data-start=\"776\" data-end=\"808\">etapas de floraci\u00f3n y fructificaci\u00f3n<\/strong>.<\/p>\n<p data-start=\"222\" data-end=\"255\"><strong data-start=\"222\" data-end=\"253\">Especificaciones t\u00e9cnicas \ud83e\uddea<\/strong><\/p>\n<ul data-start=\"256\" data-end=\"572\">\n<li data-start=\"256\" data-end=\"308\">\n<p data-start=\"258\" data-end=\"308\"><strong data-start=\"258\" data-end=\"273\">Aspecto:<\/strong> L\u00edquido transparente; 100 % soluble en agua<\/p>\n<\/li>\n<li data-start=\"309\" data-end=\"330\">\n<p data-start=\"311\" data-end=\"330\"><strong data-start=\"311\" data-end=\"318\">pH:<\/strong> 7 \u2013 8<\/p>\n<\/li>\n<li data-start=\"331\" data-end=\"419\">\n<p data-start=\"333\" data-end=\"419\"><strong data-start=\"333\" data-end=\"417\">Todas las f\u00f3rmulas son totalmente solubles y no contienen cloruro, sodio ni metales pesados.<\/strong><\/p>\n<\/li>\n<li data-start=\"420\" data-end=\"450\">\n<p data-start=\"422\" data-end=\"450\"><strong data-start=\"422\" data-end=\"433\">Volumen:<\/strong> 1 L, 5 L, 20 L<\/p>\n<\/li>\n<li data-start=\"451\" data-end=\"572\">\n<p data-start=\"453\" data-end=\"572\"><strong data-start=\"453\" data-end=\"467\">Embalaje:<\/strong> botellas y garrafas.<\/p>\n<\/li>\n<\/ul>\n<p data-start=\"574\" data-end=\"816\"><strong data-start=\"574\" data-end=\"598\">M\u00e9todos de aplicaci\u00f3n:<\/strong><br data-start=\"598\" data-end=\"601\">\ud83d\udca7 <strong data-start=\"604\" data-end=\"619\">Fertirrigaci\u00f3n<\/strong>: adecuado para todos los sistemas de riego, lo que garantiza una entrega profunda de nutrientes a la zona de la ra\u00edz.<br data-start=\"708\" data-end=\"711\">\ud83c\udf3f <strong data-start=\"714\" data-end=\"736\">Aplicaci\u00f3n foliar<\/strong>: ideal para una r\u00e1pida absorci\u00f3n de nutrientes a trav\u00e9s de las hojas durante las etapas cr\u00edticas de crecimiento.<\/p>\n<div class=\"icon\"><\/div>\n","protected":false},"excerpt":{"rendered":"<p>Dragon High-PK Liquid (0-30-40 p\/v) Dragon High-PK Liquid es un fertilizante l\u00edquido de primera calidad formulado con altos niveles de f\u00f3sforo (P) y potasio (K) para mejorar la floraci\u00f3n, el cuajado y el desarrollo de los frutos. Este producto aumenta el n\u00famero de flores, incrementa el tama\u00f1o de los frutos, mejora el color y el [&hellip;]<\/p>\n","protected":false},"featured_media":4131,"comment_status":"open","ping_status":"closed","template":"","meta":{"_et_pb_use_builder":"","_et_pb_old_content":"","_et_gb_content_width":""},"product_brand":[],"product_cat":[119],"product_tag":[],"class_list":{"0":"post-4124","1":"product","2":"type-product","3":"status-publish","4":"has-post-thumbnail","6":"product_cat-liquido-dragon","8":"first","9":"instock","10":"shipping-taxable","11":"product-type-simple"},"_links":{"self":[{"href":"https:\/\/dragonagricultural.com\/es\/wp-json\/wp\/v2\/product\/4124","targetHints":{"allow":["GET"]}}],"collection":[{"href":"https:\/\/dragonagricultural.com\/es\/wp-json\/wp\/v2\/product"}],"about":[{"href":"https:\/\/dragonagricultural.com\/es\/wp-json\/wp\/v2\/types\/product"}],"replies":[{"embeddable":true,"href":"https:\/\/dragonagricultural.com\/es\/wp-json\/wp\/v2\/comments?post=4124"}],"wp:featuredmedia":[{"embeddable":true,"href":"https:\/\/dragonagricultural.com\/es\/wp-json\/wp\/v2\/media\/4131"}],"wp:attachment":[{"href":"https:\/\/dragonagricultural.com\/es\/wp-json\/wp\/v2\/media?parent=4124"}],"wp:term":[{"taxonomy":"product_brand","embeddable":true,"href":"https:\/\/dragonagricultural.com\/es\/wp-json\/wp\/v2\/product_brand?post=4124"},{"taxonomy":"product_cat","embeddable":true,"href":"https:\/\/dragonagricultural.com\/es\/wp-json\/wp\/v2\/product_cat?post=4124"},{"taxonomy":"product_tag","embeddable":true,"href":"https:\/\/dragonagricultural.com\/es\/wp-json\/wp\/v2\/product_tag?post=4124"}],"curies":[{"name":"wp","href":"https:\/\/api.w.org\/{rel}","templated":true}]}}