{"id":4104,"date":"2025-10-26T06:39:42","date_gmt":"2025-10-26T06:39:42","guid":{"rendered":"https:\/\/dragonagricultural.com\/products\/dragon-purecal\/"},"modified":"2025-12-09T11:50:48","modified_gmt":"2025-12-09T11:50:48","slug":"dragon-purecal","status":"publish","type":"product","link":"https:\/\/dragonagricultural.com\/es\/products\/dragon-ecologico\/dragon-purecal\/","title":{"rendered":"Dragon PureCal"},"content":{"rendered":"<p data-start=\"156\" data-end=\"339\"><strong data-start=\"156\" data-end=\"174\">Dragon PureCal<\/strong> es un <strong data-start=\"180\" data-end=\"230\">fertilizante de calcio premium, 100 % soluble en agua<\/strong>, completamente <strong data-start=\"243\" data-end=\"292\">libre de cloruros, sodio y metales pesados<\/strong>, lo que lo hace seguro y eficaz para todos los cultivos. Con un <strong data-start=\"348\" data-end=\"362\">pH neutro<\/strong>, apoya las diversas necesidades de los cultivos y mejora la <strong data-start=\"408\" data-end=\"454\">firmeza, el rendimiento y la calidad general de la fruta<\/strong>.<\/p>\n<hr data-start=\"882\" data-end=\"885\">\n<h3 data-start=\"887\" data-end=\"910\"><strong data-start=\"891\" data-end=\"910\">Beneficios clave<\/strong><\/h3>\n<ul data-start=\"911\" data-end=\"1306\">\n<li data-start=\"911\" data-end=\"972\">\n<p data-start=\"913\" data-end=\"972\">Previene y corrige eficazmente la <strong data-start=\"935\" data-end=\"957\">deficiencia de calcio<\/strong>.<\/p>\n<\/li>\n<li data-start=\"973\" data-end=\"1036\">\n<p data-start=\"975\" data-end=\"1036\">Mejora la <strong data-start=\"984\" data-end=\"1002\">firmeza de la fruta<\/strong>, la vida \u00fatil y la comerciabilidad.<\/p>\n<\/li>\n<li data-start=\"1037\" data-end=\"1082\">\n<p data-start=\"1039\" data-end=\"1082\">Reduce el <strong data-start=\"1047\" data-end=\"1079\">agrietamiento y la podredumbre apical<\/strong>.<\/p>\n<\/li>\n<li data-start=\"1083\" data-end=\"1162\">\n<p data-start=\"1085\" data-end=\"1162\">Fortalece los tallos y mejora la <strong data-start=\"1116\" data-end=\"1142\">translocaci\u00f3n de nutrientes<\/strong> dentro de la planta.<\/p>\n<\/li>\n<li data-start=\"1163\" data-end=\"1230\">\n<p data-start=\"1165\" data-end=\"1230\">Aumenta la resistencia al <strong data-start=\"1186\" data-end=\"1196\">estr\u00e9s<\/strong> y a las fluctuaciones ambientales.<\/p>\n<\/li>\n<\/ul>\n<hr data-start=\"1308\" data-end=\"1311\">\n<h3 data-start=\"1313\" data-end=\"1348\"><strong data-start=\"1317\" data-end=\"1348\">Especificaciones t\u00e9cnicas \ud83e\uddea<\/strong><\/h3>\n<ul data-start=\"1349\" data-end=\"1701\">\n<li data-start=\"1349\" data-end=\"1383\">\n<p data-start=\"1351\" data-end=\"1383\"><strong data-start=\"1351\" data-end=\"1367\">Composici\u00f3n: % (p\/p)<\/strong><\/p>\n<ul data-start=\"1349\" data-end=\"1701\">\n<li data-start=\"1349\" data-end=\"1383\">\n<p data-start=\"1351\" data-end=\"1383\">Calcio (CaO): 32 %<\/p>\n<\/li>\n<\/ul>\n<\/li>\n<li data-start=\"1384\" data-end=\"1435\">\n<p data-start=\"1386\" data-end=\"1435\"><strong data-start=\"1386\" data-end=\"1401\">Aspecto:<\/strong> Polvo fino<\/p>\n<\/li>\n<li data-start=\"1436\" data-end=\"1465\">\n<p data-start=\"1438\" data-end=\"1465\"><strong data-start=\"1438\" data-end=\"1453\">pH (1\/100):<\/strong> 6,5 \u2013 7,5<\/p>\n<\/li>\n<li data-start=\"1533\" data-end=\"1621\"><strong data-start=\"1624\" data-end=\"1635\">Volumen:<\/strong> 1 kg, 10 kg<\/li>\n<li data-start=\"1650\" data-end=\"1701\">\n<p data-start=\"1652\" data-end=\"1701\"><strong data-start=\"1652\" data-end=\"1666\">Embalaje:<\/strong> Bolsas \/ sobres multicapa<\/p>\n<\/li>\n<\/ul>\n<hr data-start=\"1703\" data-end=\"1706\">\n<h3 data-start=\"1708\" data-end=\"1735\"><strong data-start=\"1712\" data-end=\"1735\">M\u00e9todos de aplicaci\u00f3n<\/strong><\/h3>\n<p data-start=\"1736\" data-end=\"1989\">\ud83d\udca7 <strong data-start=\"1739\" data-end=\"1754\">Fertirrigaci\u00f3n<\/strong>: garantiza un suministro eficiente de calcio directamente a la zona radicular, evitando las carencias de calcio.<br data-start=\"1851\" data-end=\"1854\">\ud83c\udf3f <strong data-start=\"1857\" data-end=\"1879\">Aplicaci\u00f3n foliar<\/strong>: proporciona una r\u00e1pida absorci\u00f3n de calcio a trav\u00e9s de las hojas durante las etapas cr\u00edticas de crecimiento y desarrollo de los frutos.<\/p>\n","protected":false},"excerpt":{"rendered":"<p>Dragon PureCal es un fertilizante de calcio premium, 100 % soluble en agua, completamente libre de cloruros, sodio y metales pesados, lo que lo hace seguro y eficaz para todos los cultivos. Con un pH neutro, apoya las diversas necesidades de los cultivos y mejora la firmeza, el rendimiento y la calidad general de la [&hellip;]<\/p>\n","protected":false},"featured_media":4107,"comment_status":"open","ping_status":"closed","template":"","meta":{"_et_pb_use_builder":"","_et_pb_old_content":"","_et_gb_content_width":""},"product_brand":[],"product_cat":[140,158],"product_tag":[],"class_list":{"0":"post-4104","1":"product","2":"type-product","3":"status-publish","4":"has-post-thumbnail","6":"product_cat-dragon-ecologico","7":"product_cat-especialidad-dragon","9":"first","10":"instock","11":"shipping-taxable","12":"product-type-simple"},"_links":{"self":[{"href":"https:\/\/dragonagricultural.com\/es\/wp-json\/wp\/v2\/product\/4104","targetHints":{"allow":["GET"]}}],"collection":[{"href":"https:\/\/dragonagricultural.com\/es\/wp-json\/wp\/v2\/product"}],"about":[{"href":"https:\/\/dragonagricultural.com\/es\/wp-json\/wp\/v2\/types\/product"}],"replies":[{"embeddable":true,"href":"https:\/\/dragonagricultural.com\/es\/wp-json\/wp\/v2\/comments?post=4104"}],"wp:featuredmedia":[{"embeddable":true,"href":"https:\/\/dragonagricultural.com\/es\/wp-json\/wp\/v2\/media\/4107"}],"wp:attachment":[{"href":"https:\/\/dragonagricultural.com\/es\/wp-json\/wp\/v2\/media?parent=4104"}],"wp:term":[{"taxonomy":"product_brand","embeddable":true,"href":"https:\/\/dragonagricultural.com\/es\/wp-json\/wp\/v2\/product_brand?post=4104"},{"taxonomy":"product_cat","embeddable":true,"href":"https:\/\/dragonagricultural.com\/es\/wp-json\/wp\/v2\/product_cat?post=4104"},{"taxonomy":"product_tag","embeddable":true,"href":"https:\/\/dragonagricultural.com\/es\/wp-json\/wp\/v2\/product_tag?post=4104"}],"curies":[{"name":"wp","href":"https:\/\/api.w.org\/{rel}","templated":true}]}}