{"id":4095,"date":"2025-10-26T08:50:53","date_gmt":"2025-10-26T08:50:53","guid":{"rendered":"https:\/\/dragonagricultural.com\/products\/dragon-fert-equilibrado\/"},"modified":"2025-12-08T13:36:05","modified_gmt":"2025-12-08T13:36:05","slug":"dragon-fert-equilibrado","status":"publish","type":"product","link":"https:\/\/dragonagricultural.com\/es\/products\/dragon-fert-polvo-soluble\/dragon-fert-equilibrado\/","title":{"rendered":"Dragon Fert Equilibrado"},"content":{"rendered":"<div class=\"accrodion active\">\n<div class=\"accrodion-content\">\n<div class=\"inner\">\n<p>En Dragon, ofrecemos una amplia gama de f\u00f3rmulas de fertilizantes meticulosamente elaboradas para satisfacer las diversas necesidades de todos los cultivos, garantizando proporciones NPK equilibradas en las distintas etapas de crecimiento. Nuestras formulaciones est\u00e1n dise\u00f1adas para cultivos con patrones de maduraci\u00f3n gradual, que requieren niveles elevados de NPK para fomentar el desarrollo de las flores, la maduraci\u00f3n y el crecimiento vegetativo sostenido. <\/p>\n<h3 data-start=\"1323\" data-end=\"1457\"><strong data-start=\"1326\" data-end=\"1364\">F\u00f3rmulas disponibles (todas en % p\/p):<br \/>\n<\/strong><\/h3>\n<div class=\"text\">\n<ul class=\"list-unstyled service-details__choose-points\">\n<li>\n<div class=\"icon\"><strong><span style=\"color: #0000ff;\">16-16-16 + 8 % CaO<\/span><\/strong><\/div>\n<\/li>\n<li>\n<div class=\"icon\"><strong><span style=\"color: #0000ff;\">17-17-17 + 3 % MgO<\/span><\/strong><\/div>\n<\/li>\n<li>\n<div class=\"icon\"><strong><span style=\"color: #0000ff;\">18-18\u201318+ME<\/span><\/strong><\/div>\n<\/li>\n<li>\n<div class=\"icon\"><strong><span style=\"color: #0000ff;\">19-19-19+ME<\/span><\/strong><\/div>\n<\/li>\n<li>\n<div class=\"icon\"><strong><span style=\"color: #0000ff;\">20-20-20+TE<\/span><\/strong><\/div>\n<\/li>\n<\/ul>\n<\/div>\n<h3><strong data-start=\"2254\" data-end=\"2285\">Especificaciones t\u00e9cnicas \ud83e\uddea<br \/>\n<\/strong><\/h3>\n<ul>\n<li>Aspecto: Polvo cristalino fino; 100 % soluble en agua<\/li>\n<li>pH: 4,5-5,5<\/li>\n<li>Todas las f\u00f3rmulas son totalmente solubles y no contienen cloruro, sodio ni metales pesados.<\/li>\n<li>Volumen: 1 kg, 10 kg, 25 kg<\/li>\n<li>Embalaje: Bolsas \/ sobres multicapa\n<div class=\"_tableContainer_1rjym_1\">\n<div class=\"group _tableWrapper_1rjym_13 flex w-fit flex-col-reverse\" tabindex=\"-1\"><\/div>\n<\/div>\n<\/li>\n<\/ul>\n<div>\n<div>\n<div>\n<h3><strong data-start=\"366\" data-end=\"389\">M\u00e9todos de aplicaci\u00f3n<\/strong><\/h3>\n<p data-start=\"390\" data-end=\"607\">\ud83d\udca7 <strong data-start=\"393\" data-end=\"408\">Fertirrigaci\u00f3n<\/strong>: adecuado para sistemas de riego, lo que garantiza una entrega profunda de nutrientes a la zona radicular.<br data-start=\"493\" data-end=\"496\">\ud83c\udf3f <strong data-start=\"499\" data-end=\"521\">Aplicaci\u00f3n foliar<\/strong>: ideal para una r\u00e1pida absorci\u00f3n de nutrientes a trav\u00e9s de las hojas durante las etapas cr\u00edticas de crecimiento.<\/p>\n<\/div>\n<\/div>\n<\/div>\n<\/div>\n<\/div>\n<\/div>\n<div class=\"accrodion\">\n<div class=\"accrodion-title\"><\/div>\n<\/div>\n","protected":false},"excerpt":{"rendered":"<p>En Dragon, ofrecemos una amplia gama de f\u00f3rmulas de fertilizantes meticulosamente elaboradas para satisfacer las diversas necesidades de todos los cultivos, garantizando proporciones NPK equilibradas en las distintas etapas de crecimiento. Nuestras formulaciones est\u00e1n dise\u00f1adas para cultivos con patrones de maduraci\u00f3n gradual, que requieren niveles elevados de NPK para fomentar el desarrollo de las flores, [&hellip;]<\/p>\n","protected":false},"featured_media":869,"comment_status":"open","ping_status":"closed","template":"","meta":{"_et_pb_use_builder":"","_et_pb_old_content":"","_et_gb_content_width":""},"product_brand":[],"product_cat":[117],"product_tag":[],"class_list":{"0":"post-4095","1":"product","2":"type-product","3":"status-publish","4":"has-post-thumbnail","6":"product_cat-dragon-fert-polvo-soluble","8":"first","9":"instock","10":"shipping-taxable","11":"product-type-simple"},"_links":{"self":[{"href":"https:\/\/dragonagricultural.com\/es\/wp-json\/wp\/v2\/product\/4095","targetHints":{"allow":["GET"]}}],"collection":[{"href":"https:\/\/dragonagricultural.com\/es\/wp-json\/wp\/v2\/product"}],"about":[{"href":"https:\/\/dragonagricultural.com\/es\/wp-json\/wp\/v2\/types\/product"}],"replies":[{"embeddable":true,"href":"https:\/\/dragonagricultural.com\/es\/wp-json\/wp\/v2\/comments?post=4095"}],"wp:featuredmedia":[{"embeddable":true,"href":"https:\/\/dragonagricultural.com\/es\/wp-json\/wp\/v2\/media\/869"}],"wp:attachment":[{"href":"https:\/\/dragonagricultural.com\/es\/wp-json\/wp\/v2\/media?parent=4095"}],"wp:term":[{"taxonomy":"product_brand","embeddable":true,"href":"https:\/\/dragonagricultural.com\/es\/wp-json\/wp\/v2\/product_brand?post=4095"},{"taxonomy":"product_cat","embeddable":true,"href":"https:\/\/dragonagricultural.com\/es\/wp-json\/wp\/v2\/product_cat?post=4095"},{"taxonomy":"product_tag","embeddable":true,"href":"https:\/\/dragonagricultural.com\/es\/wp-json\/wp\/v2\/product_tag?post=4095"}],"curies":[{"name":"wp","href":"https:\/\/api.w.org\/{rel}","templated":true}]}}