{"id":4094,"date":"2025-10-26T06:30:39","date_gmt":"2025-10-26T06:30:39","guid":{"rendered":"https:\/\/dragonagricultural.com\/products\/dragon-hv15\/"},"modified":"2025-12-10T10:18:25","modified_gmt":"2025-12-10T10:18:25","slug":"dragon-hv15","status":"publish","type":"product","link":"https:\/\/dragonagricultural.com\/es\/products\/dragon-ecologico\/dragon-hv15\/","title":{"rendered":"Dragon HV15"},"content":{"rendered":"<p data-start=\"223\" data-end=\"492\"><strong data-start=\"223\" data-end=\"238\">Dragon HV15<\/strong> es un <strong data-start=\"259\" data-end=\"281\">fertilizante org\u00e1nico<\/strong> altamente soluble que contiene <strong data-start=\"293\" data-end=\"335\">\u00e1cido h\u00famico, \u00e1cido f\u00falvico y potasio<\/strong>.<br data-start=\"336\" data-end=\"339\">Esta f\u00f3rmula 100 % soluble en agua mejora la <strong data-start=\"535\" data-end=\"553\">estructura del suelo<\/strong>, aumenta la solubilidad de los compuestos dif\u00edciles y reduce la dependencia de los fertilizantes qu\u00edmicos.<br data-start=\"651\" data-end=\"654\">Compatible con la mayor\u00eda de los fertilizantes y pesticidas, <strong data-start=\"703\" data-end=\"718\">Dragon HV15<\/strong> se puede aplicar mediante <strong data-start=\"738\" data-end=\"753\">fertirrigaci\u00f3n<\/strong>, proporcionando una soluci\u00f3n integral y sostenible para la agricultura moderna.<\/p>\n<hr data-start=\"831\" data-end=\"834\">\n<h4 data-start=\"836\" data-end=\"857\"><strong data-start=\"841\" data-end=\"857\">Beneficios clave<\/strong><\/h4>\n<ul data-start=\"858\" data-end=\"1226\">\n<li data-start=\"858\" data-end=\"922\">\n<p data-start=\"860\" data-end=\"922\">Mejora la <strong data-start=\"869\" data-end=\"887\">estructura del suelo<\/strong> y la capacidad de retenci\u00f3n de nutrientes.<\/p>\n<\/li>\n<li data-start=\"923\" data-end=\"983\">\n<p data-start=\"925\" data-end=\"983\">Mejora el <strong data-start=\"934\" data-end=\"949\">crecimiento de las ra\u00edces<\/strong> y la eficiencia en la absorci\u00f3n de nutrientes.<\/p>\n<\/li>\n<li data-start=\"984\" data-end=\"1043\">\n<p data-start=\"986\" data-end=\"1043\">Estimula la <strong data-start=\"993\" data-end=\"1040\">floraci\u00f3n, el cuajado de frutos y la calidad del rendimiento<\/strong>.<\/p>\n<\/li>\n<li data-start=\"1044\" data-end=\"1102\">\n<p data-start=\"1046\" data-end=\"1102\">Aumenta la <strong data-start=\"1056\" data-end=\"1076\">resistencia de la planta<\/strong> al estr\u00e9s y las enfermedades.<\/p>\n<\/li>\n<li data-start=\"1103\" data-end=\"1161\">\n<p data-start=\"1105\" data-end=\"1161\">Promueve la <strong data-start=\"1114\" data-end=\"1136\">actividad microbiana<\/strong> y la regeneraci\u00f3n del suelo.<\/p>\n<\/li>\n<\/ul>\n<hr data-start=\"1228\" data-end=\"1231\">\n<h4 data-start=\"1233\" data-end=\"1269\"><strong data-start=\"1238\" data-end=\"1269\">Especificaciones t\u00e9cnicas \ud83e\uddea<\/strong><\/h4>\n<ul data-start=\"1270\" data-end=\"1577\">\n<li data-start=\"1270\" data-end=\"1296\"><strong>Composici\u00f3n: %(w\/v)<\/strong>\n<ul data-start=\"1270\" data-end=\"1577\">\n<li data-start=\"1270\" data-end=\"1296\">\n<p data-start=\"1272\" data-end=\"1296\"><strong data-start=\"1272\" data-end=\"1289\">Nitr\u00f3geno (N):<\/strong> 3,0 %<\/p>\n<\/li>\n<li data-start=\"1297\" data-end=\"1326\">\n<p data-start=\"1299\" data-end=\"1326\"><strong data-start=\"1299\" data-end=\"1319\">Potasio (K\u2082O):<\/strong> 6,0 %<\/p>\n<\/li>\n<li data-start=\"1327\" data-end=\"1361\">\n<p data-start=\"1329\" data-end=\"1361\"><strong data-start=\"1329\" data-end=\"1353\">\u00c1cido h\u00famico + f\u00falvico:<\/strong> 15,0 %<\/p>\n<\/li>\n<\/ul>\n<\/li>\n<li data-start=\"1362\" data-end=\"1392\">\n<p data-start=\"1364\" data-end=\"1392\"><strong data-start=\"1364\" data-end=\"1379\">pH (1\/100):<\/strong> 9,5 \u2013 10,5<\/p>\n<\/li>\n<li data-start=\"1488\" data-end=\"1517\">\n<p data-start=\"1490\" data-end=\"1517\"><strong data-start=\"141\" data-end=\"156\">Aspecto:<\/strong> L\u00edquido<\/p>\n<\/li>\n<li data-start=\"1488\" data-end=\"1517\">\n<p data-start=\"1490\" data-end=\"1517\"><strong data-start=\"360\" data-end=\"375\">Solubilidad:<\/strong> Totalmente soluble y libre de cloruro, sodio y metales pesados<\/p>\n<\/li>\n<li data-start=\"1488\" data-end=\"1517\">\n<p data-start=\"1490\" data-end=\"1517\"><strong data-start=\"443\" data-end=\"454\">Volumen:<\/strong> 1 L, 5 L, 20 L<\/p>\n<\/li>\n<\/ul>\n<ul data-start=\"1383\" data-end=\"1679\">\n<li data-start=\"1488\" data-end=\"1517\">\n<p data-start=\"1490\" data-end=\"1517\"><strong data-start=\"474\" data-end=\"488\">Embalaje:<\/strong> Botella de PEAD \/ Garrafa<\/p>\n<\/li>\n<\/ul>\n<hr data-start=\"1713\" data-end=\"1716\">\n<h4 data-start=\"1718\" data-end=\"1746\"><strong data-start=\"1723\" data-end=\"1746\">M\u00e9todos de aplicaci\u00f3n<\/strong><\/h4>\n<p>\ud83d\udca7 <strong>Fertirrigaci\u00f3n<\/strong><\/p>\n","protected":false},"excerpt":{"rendered":"<p>Dragon HV15 es un fertilizante org\u00e1nico altamente soluble que contiene \u00e1cido h\u00famico, \u00e1cido f\u00falvico y potasio.Esta f\u00f3rmula 100 % soluble en agua mejora la estructura del suelo, aumenta la solubilidad de los compuestos dif\u00edciles y reduce la dependencia de los fertilizantes qu\u00edmicos.Compatible con la mayor\u00eda de los fertilizantes y pesticidas, Dragon HV15 se puede aplicar [&hellip;]<\/p>\n","protected":false},"featured_media":4102,"comment_status":"open","ping_status":"closed","template":"","meta":{"_et_pb_use_builder":"","_et_pb_old_content":"","_et_gb_content_width":""},"product_brand":[],"product_cat":[140,158],"product_tag":[160,162,164,163,159,161],"class_list":{"0":"post-4094","1":"product","2":"type-product","3":"status-publish","4":"has-post-thumbnail","6":"product_cat-dragon-ecologico","7":"product_cat-especialidad-dragon","8":"product_tag-acido-fulvico","9":"product_tag-acondicionador-de-suelo","10":"product_tag-carbono-organico","11":"product_tag-dragon-hv15","12":"product_tag-fertilizante-humico","13":"product_tag-fertilizante-liquido","15":"first","16":"instock","17":"shipping-taxable","18":"product-type-simple"},"_links":{"self":[{"href":"https:\/\/dragonagricultural.com\/es\/wp-json\/wp\/v2\/product\/4094","targetHints":{"allow":["GET"]}}],"collection":[{"href":"https:\/\/dragonagricultural.com\/es\/wp-json\/wp\/v2\/product"}],"about":[{"href":"https:\/\/dragonagricultural.com\/es\/wp-json\/wp\/v2\/types\/product"}],"replies":[{"embeddable":true,"href":"https:\/\/dragonagricultural.com\/es\/wp-json\/wp\/v2\/comments?post=4094"}],"wp:featuredmedia":[{"embeddable":true,"href":"https:\/\/dragonagricultural.com\/es\/wp-json\/wp\/v2\/media\/4102"}],"wp:attachment":[{"href":"https:\/\/dragonagricultural.com\/es\/wp-json\/wp\/v2\/media?parent=4094"}],"wp:term":[{"taxonomy":"product_brand","embeddable":true,"href":"https:\/\/dragonagricultural.com\/es\/wp-json\/wp\/v2\/product_brand?post=4094"},{"taxonomy":"product_cat","embeddable":true,"href":"https:\/\/dragonagricultural.com\/es\/wp-json\/wp\/v2\/product_cat?post=4094"},{"taxonomy":"product_tag","embeddable":true,"href":"https:\/\/dragonagricultural.com\/es\/wp-json\/wp\/v2\/product_tag?post=4094"}],"curies":[{"name":"wp","href":"https:\/\/api.w.org\/{rel}","templated":true}]}}