{"id":4089,"date":"2025-10-26T06:26:33","date_gmt":"2025-10-26T06:26:33","guid":{"rendered":"https:\/\/dragonagricultural.com\/products\/dragon-manganeso-13\/"},"modified":"2025-12-10T10:25:43","modified_gmt":"2025-12-10T10:25:43","slug":"dragon-manganeso-13","status":"publish","type":"product","link":"https:\/\/dragonagricultural.com\/es\/products\/elementos-menores-del-dragon\/dragon-manganeso-13\/","title":{"rendered":"Dragon Manganeso 13 %"},"content":{"rendered":"<p data-start=\"210\" data-end=\"609\"><strong data-start=\"210\" data-end=\"230\">Dragon Manganeso 13 %<\/strong> es un <strong data-start=\"263\" data-end=\"287\">suplemento de manganeso<\/strong> org\u00e1nico 100 % soluble en agua, dise\u00f1ado para mejorar la fotos\u00edntesis y la formaci\u00f3n de clorofila.<br data-start=\"349\" data-end=\"352\">Gracias a su <strong data-start=\"467\" data-end=\"480\">pH \u00e1cido<\/strong> y su alto contenido de <strong data-start=\"501\" data-end=\"519\">materia org\u00e1nica<\/strong>, tambi\u00e9n mejora la <strong data-start=\"538\" data-end=\"557\">absorci\u00f3n de hierro<\/strong> y la disponibilidad general de micronutrientes en el suelo.<\/p>\n<hr data-start=\"611\" data-end=\"614\">\n<h4 data-start=\"616\" data-end=\"637\"><strong data-start=\"621\" data-end=\"637\">Beneficios clave<\/strong><\/h4>\n<ul data-start=\"638\" data-end=\"1083\">\n<li data-start=\"638\" data-end=\"731\">\n<p data-start=\"640\" data-end=\"731\">Proporciona una <strong data-start=\"651\" data-end=\"692\">fuente de manganeso de f\u00e1cil disponibilidad<\/strong> esencial para la s\u00edntesis de clorofila.<\/p>\n<\/li>\n<li data-start=\"732\" data-end=\"799\">\n<p data-start=\"734\" data-end=\"799\">Mejora la <strong data-start=\"743\" data-end=\"772\">eficiencia de la fotos\u00edntesis<\/strong> y la <strong data-start=\"777\" data-end=\"796\">coloraci\u00f3n de las hojas<\/strong>.<\/p>\n<\/li>\n<li data-start=\"800\" data-end=\"869\">\n<p data-start=\"802\" data-end=\"869\">Mejora la <strong data-start=\"811\" data-end=\"830\">absorci\u00f3n de hierro<\/strong> debido al pH \u00e1cido y al carbono org\u00e1nico.<\/p>\n<\/li>\n<li data-start=\"870\" data-end=\"939\">\n<p data-start=\"872\" data-end=\"939\">Aumenta la <strong data-start=\"879\" data-end=\"898\">actividad enzim\u00e1tica<\/strong> y favorece un metabolismo vegetal saludable.<\/p>\n<\/li>\n<\/ul>\n<hr data-start=\"1085\" data-end=\"1088\">\n<h4 data-start=\"1090\" data-end=\"1126\"><strong data-start=\"1095\" data-end=\"1126\">Especificaciones t\u00e9cnicas \ud83e\uddea<\/strong><\/h4>\n<ul data-start=\"1127\" data-end=\"1315\">\n<li data-start=\"1127\" data-end=\"1154\"><strong>Composici\u00f3n:<\/strong> <strong data-start=\"888\" data-end=\"904\">% (p\/p)<\/strong>\n<ul data-start=\"1127\" data-end=\"1315\">\n<li data-start=\"1127\" data-end=\"1154\">\n<p data-start=\"1129\" data-end=\"1154\"><strong data-start=\"1129\" data-end=\"1148\">Manganeso (Mn):<\/strong> 13 %<\/p>\n<\/li>\n<li data-start=\"1155\" data-end=\"1182\">\n<p data-start=\"1157\" data-end=\"1182\"><strong data-start=\"1157\" data-end=\"1176\">Materia org\u00e1nica:<\/strong> 40 %<\/p>\n<\/li>\n<\/ul>\n<\/li>\n<li data-start=\"1183\" data-end=\"1203\">\n<p data-start=\"1185\" data-end=\"1203\"><strong data-start=\"1185\" data-end=\"1194\">Forma:<\/strong> Polvo<\/p>\n<\/li>\n<li data-start=\"1262\" data-end=\"1315\">\n<p data-start=\"1264\" data-end=\"1315\"><strong data-start=\"1264\" data-end=\"1278\">Libre de:<\/strong> Cloruro, sodio y metales pesados<\/p>\n<\/li>\n<li data-start=\"1167\" data-end=\"1194\">\n<p data-start=\"1169\" data-end=\"1194\"><strong data-start=\"1169\" data-end=\"1180\">Volumen:<\/strong> 1 kg, 10 kg<\/p>\n<\/li>\n<li data-start=\"1195\" data-end=\"1246\">\n<p data-start=\"1197\" data-end=\"1246\"><strong data-start=\"1197\" data-end=\"1211\">Embalaje:<\/strong> Bolsas \/ sobres multicapa<\/p>\n<\/li>\n<\/ul>\n<hr data-start=\"1317\" data-end=\"1320\">\n<h4 data-start=\"1322\" data-end=\"1350\"><strong data-start=\"1327\" data-end=\"1350\">M\u00e9todos de aplicaci\u00f3n<\/strong><\/h4>\n<p data-start=\"1351\" data-end=\"1615\">\ud83d\udca7 <strong>Fertirrigaci\u00f3n<\/strong><br \/>\n\ud83c\udf3f <strong>Aplicaci\u00f3n foliar<\/strong><br \/>\nDurante las etapas de crecimiento vegetativo y prefloraci\u00f3n para favorecer un desarrollo sano de hojas y tallos<\/p>\n","protected":false},"excerpt":{"rendered":"<p>Dragon Manganeso 13 % es un suplemento de manganeso org\u00e1nico 100 % soluble en agua, dise\u00f1ado para mejorar la fotos\u00edntesis y la formaci\u00f3n de clorofila.Gracias a su pH \u00e1cido y su alto contenido de materia org\u00e1nica, tambi\u00e9n mejora la absorci\u00f3n de hierro y la disponibilidad general de micronutrientes en el suelo. Beneficios clave Proporciona una [&hellip;]<\/p>\n","protected":false},"featured_media":4092,"comment_status":"open","ping_status":"closed","template":"","meta":{"_et_pb_use_builder":"","_et_pb_old_content":"","_et_gb_content_width":""},"product_brand":[],"product_cat":[140,139],"product_tag":[],"class_list":{"0":"post-4089","1":"product","2":"type-product","3":"status-publish","4":"has-post-thumbnail","6":"product_cat-dragon-ecologico","7":"product_cat-elementos-menores-del-dragon","9":"first","10":"instock","11":"shipping-taxable","12":"product-type-simple"},"_links":{"self":[{"href":"https:\/\/dragonagricultural.com\/es\/wp-json\/wp\/v2\/product\/4089","targetHints":{"allow":["GET"]}}],"collection":[{"href":"https:\/\/dragonagricultural.com\/es\/wp-json\/wp\/v2\/product"}],"about":[{"href":"https:\/\/dragonagricultural.com\/es\/wp-json\/wp\/v2\/types\/product"}],"replies":[{"embeddable":true,"href":"https:\/\/dragonagricultural.com\/es\/wp-json\/wp\/v2\/comments?post=4089"}],"wp:featuredmedia":[{"embeddable":true,"href":"https:\/\/dragonagricultural.com\/es\/wp-json\/wp\/v2\/media\/4092"}],"wp:attachment":[{"href":"https:\/\/dragonagricultural.com\/es\/wp-json\/wp\/v2\/media?parent=4089"}],"wp:term":[{"taxonomy":"product_brand","embeddable":true,"href":"https:\/\/dragonagricultural.com\/es\/wp-json\/wp\/v2\/product_brand?post=4089"},{"taxonomy":"product_cat","embeddable":true,"href":"https:\/\/dragonagricultural.com\/es\/wp-json\/wp\/v2\/product_cat?post=4089"},{"taxonomy":"product_tag","embeddable":true,"href":"https:\/\/dragonagricultural.com\/es\/wp-json\/wp\/v2\/product_tag?post=4089"}],"curies":[{"name":"wp","href":"https:\/\/api.w.org\/{rel}","templated":true}]}}