{"id":4061,"date":"2025-10-26T06:27:08","date_gmt":"2025-10-26T06:27:08","guid":{"rendered":"https:\/\/dragonagricultural.com\/products\/dragon-zinc-13\/"},"modified":"2025-12-09T21:23:49","modified_gmt":"2025-12-09T21:23:49","slug":"dragon-zinc-13","status":"publish","type":"product","link":"https:\/\/dragonagricultural.com\/es\/products\/elementos-menores-del-dragon\/dragon-zinc-13\/","title":{"rendered":"Dragon Zinc 13 %"},"content":{"rendered":"<p data-start=\"176\" data-end=\"595\"><strong data-start=\"176\" data-end=\"191\">Dragon Zinc<\/strong> es un <strong data-start=\"233\" data-end=\"252\">fertilizante de zinc<\/strong> org\u00e1nico quelatado 100 % soluble en agua, formulado para corregir la deficiencia de zinc y mejorar el metabolismo de las plantas.<\/p>\n<hr data-start=\"597\" data-end=\"600\">\n<h4 data-start=\"602\" data-end=\"623\"><strong data-start=\"607\" data-end=\"623\">Beneficios clave<\/strong><\/h4>\n<ul data-start=\"624\" data-end=\"1028\">\n<li data-start=\"624\" data-end=\"734\">\n<p data-start=\"626\" data-end=\"734\">Proporciona una <strong data-start=\"637\" data-end=\"673\">fuente de zinc de f\u00e1cil disponibilidad<\/strong>, esencial para la activaci\u00f3n de enzimas y la formaci\u00f3n de clorofila.<\/p>\n<\/li>\n<li data-start=\"735\" data-end=\"818\">\n<p data-start=\"737\" data-end=\"818\">Promueve un <strong data-start=\"746\" data-end=\"774\">desarrollo foliar saludable<\/strong> y mejora la <strong data-start=\"788\" data-end=\"815\">floraci\u00f3n y el cuajado de frutos<\/strong>.<\/p>\n<\/li>\n<li data-start=\"819\" data-end=\"883\">\n<p data-start=\"821\" data-end=\"883\">Mejora la <strong data-start=\"830\" data-end=\"870\">fotos\u00edntesis y la s\u00edntesis de prote\u00ednas<\/strong> en las plantas.<\/p>\n<\/li>\n<li data-start=\"884\" data-end=\"950\">\n<p data-start=\"886\" data-end=\"950\">Aumenta la <strong data-start=\"896\" data-end=\"916\">tolerancia al estr\u00e9s<\/strong> y refuerza el vigor general de la planta.<\/p>\n<\/li>\n<\/ul>\n<hr data-start=\"1030\" data-end=\"1033\">\n<h4 data-start=\"1035\" data-end=\"1071\"><strong data-start=\"1040\" data-end=\"1071\">Especificaciones t\u00e9cnicas \ud83e\uddea<\/strong><\/h4>\n<ul data-start=\"1072\" data-end=\"1269\">\n<li data-start=\"1072\" data-end=\"1094\"><strong>Composici\u00f3n: % (p\/p)<\/strong>\n<ul data-start=\"1072\" data-end=\"1269\">\n<li data-start=\"1072\" data-end=\"1094\">\n<p data-start=\"1074\" data-end=\"1094\"><strong data-start=\"1074\" data-end=\"1088\">Zinc (Zn):<\/strong> 13 %<\/p>\n<\/li>\n<li data-start=\"1095\" data-end=\"1128\">\n<p data-start=\"1097\" data-end=\"1128\"><strong data-start=\"1097\" data-end=\"1116\">Materia org\u00e1nica:<\/strong> 40 %<\/p>\n<\/li>\n<\/ul>\n<\/li>\n<li data-start=\"1129\" data-end=\"1149\">\n<p data-start=\"1131\" data-end=\"1149\"><strong data-start=\"1131\" data-end=\"1140\">Aspecto:<\/strong> Polvo<\/p>\n<\/li>\n<li data-start=\"1216\" data-end=\"1269\">\n<p data-start=\"1218\" data-end=\"1269\"><strong data-start=\"1218\" data-end=\"1232\">Libre de:<\/strong> Cloruro, sodio y metales pesados<\/p>\n<\/li>\n<li data-start=\"1167\" data-end=\"1194\">\n<p data-start=\"1169\" data-end=\"1194\"><strong data-start=\"1169\" data-end=\"1180\">Volumen:<\/strong> 1 kg, 10 kg<\/p>\n<\/li>\n<li data-start=\"1195\" data-end=\"1246\">\n<p data-start=\"1197\" data-end=\"1246\"><strong data-start=\"1197\" data-end=\"1211\">Embalaje:<\/strong> Bolsas \/ sobres multicapa<\/p>\n<\/li>\n<\/ul>\n<hr data-start=\"1271\" data-end=\"1274\">\n<h4 data-start=\"1276\" data-end=\"1304\"><strong data-start=\"1281\" data-end=\"1304\">M\u00e9todos de aplicaci\u00f3n<\/strong><\/h4>\n<p>\ud83d\udca7 <strong>Fertirrigaci\u00f3n<\/strong>: garantiza un suministro eficiente de calcio y boro directamente a la zona radicular, lo que mejora la resistencia estructural y la fertilidad.<br \/>\n\ud83c\udf3f <strong>Aplicaci\u00f3n foliar<\/strong>: ideal antes de la floraci\u00f3n y durante las fases de cuajado de los frutos para mejorar la polinizaci\u00f3n y la calidad de los frutos.<\/p>\n<p>&nbsp;<\/p>\n","protected":false},"excerpt":{"rendered":"<p>Dragon Zinc es un fertilizante de zinc org\u00e1nico quelatado 100 % soluble en agua, formulado para corregir la deficiencia de zinc y mejorar el metabolismo de las plantas. Beneficios clave Proporciona una fuente de zinc de f\u00e1cil disponibilidad, esencial para la activaci\u00f3n de enzimas y la formaci\u00f3n de clorofila. Promueve un desarrollo foliar saludable y [&hellip;]<\/p>\n","protected":false},"featured_media":4062,"comment_status":"open","ping_status":"closed","template":"","meta":{"_et_pb_use_builder":"","_et_pb_old_content":"","_et_gb_content_width":""},"product_brand":[],"product_cat":[140,139],"product_tag":[],"class_list":{"0":"post-4061","1":"product","2":"type-product","3":"status-publish","4":"has-post-thumbnail","6":"product_cat-dragon-ecologico","7":"product_cat-elementos-menores-del-dragon","9":"first","10":"instock","11":"shipping-taxable","12":"product-type-simple"},"_links":{"self":[{"href":"https:\/\/dragonagricultural.com\/es\/wp-json\/wp\/v2\/product\/4061","targetHints":{"allow":["GET"]}}],"collection":[{"href":"https:\/\/dragonagricultural.com\/es\/wp-json\/wp\/v2\/product"}],"about":[{"href":"https:\/\/dragonagricultural.com\/es\/wp-json\/wp\/v2\/types\/product"}],"replies":[{"embeddable":true,"href":"https:\/\/dragonagricultural.com\/es\/wp-json\/wp\/v2\/comments?post=4061"}],"wp:featuredmedia":[{"embeddable":true,"href":"https:\/\/dragonagricultural.com\/es\/wp-json\/wp\/v2\/media\/4062"}],"wp:attachment":[{"href":"https:\/\/dragonagricultural.com\/es\/wp-json\/wp\/v2\/media?parent=4061"}],"wp:term":[{"taxonomy":"product_brand","embeddable":true,"href":"https:\/\/dragonagricultural.com\/es\/wp-json\/wp\/v2\/product_brand?post=4061"},{"taxonomy":"product_cat","embeddable":true,"href":"https:\/\/dragonagricultural.com\/es\/wp-json\/wp\/v2\/product_cat?post=4061"},{"taxonomy":"product_tag","embeddable":true,"href":"https:\/\/dragonagricultural.com\/es\/wp-json\/wp\/v2\/product_tag?post=4061"}],"curies":[{"name":"wp","href":"https:\/\/api.w.org\/{rel}","templated":true}]}}