{"id":4037,"date":"2025-10-26T06:48:51","date_gmt":"2025-10-26T06:48:51","guid":{"rendered":"https:\/\/dragonagricultural.com\/products\/liquido-dragon-con-alto-contenido-de-fosforo\/"},"modified":"2025-12-09T22:42:59","modified_gmt":"2025-12-09T22:42:59","slug":"liquido-dragon-con-alto-contenido-de-fosforo","status":"publish","type":"product","link":"https:\/\/dragonagricultural.com\/es\/products\/liquido-dragon\/liquido-dragon-con-alto-contenido-de-fosforo\/","title":{"rendered":"L\u00edquido Dragon con alto contenido de f\u00f3sforo"},"content":{"rendered":"<h3 data-start=\"126\" data-end=\"171\"><strong>Dragon Flow 0-65-15 (p\/v)<\/strong><\/h3>\n<h3 data-start=\"126\" data-end=\"171\"><strong data-start=\"130\" data-end=\"169\">Fertilizantes l\u00edquidos<\/strong><\/h3>\n<p><strong><span class=\"a_GcMg font-feature-liga-off font-feature-clig-off font-feature-calt-off text-decoration-none text-strikethrough-none\">Dragon Liquid High Phosphorus<\/span><\/strong><span class=\"a_GcMg font-feature-liga-off font-feature-clig-off font-feature-calt-off text-decoration-none text-strikethrough-none\"> presenta una f\u00f3rmula rica en f\u00f3sforo con un pH \u00e1cido, lo que garantiza una \u00f3ptima adsorci\u00f3n de nutrientes por las ra\u00edces de las plantas. Esta formulaci\u00f3n es particularmente eficaz cuando se a\u00f1ade a agua alcalina, ya que equilibra el pH para obtener una soluci\u00f3n de pulverizaci\u00f3n ideal.<\/span><br \/>\n<span class=\"a_GcMg font-feature-liga-off font-feature-clig-off font-feature-calt-off text-decoration-none text-strikethrough-none\">Es muy recomendable como aplicaci\u00f3n inicial para promover el desarrollo de las ra\u00edces y ayudar al establecimiento de la planta despu\u00e9s del trasplante. <\/span><span class=\"a_GcMg font-feature-liga-off font-feature-clig-off font-feature-calt-off text-decoration-none text-strikethrough-none\">Adem\u00e1s, es adecuado para estimular la floraci\u00f3n, apoyar el crecimiento robusto de las plantas y mejorar la productividad de los cultivos.<\/span><\/p>\n<p data-start=\"222\" data-end=\"255\"><strong data-start=\"222\" data-end=\"253\">Especificaciones t\u00e9cnicas \ud83e\uddea<\/strong><\/p>\n<ul data-start=\"256\" data-end=\"572\">\n<li data-start=\"256\" data-end=\"308\">\n<p data-start=\"258\" data-end=\"308\"><strong data-start=\"258\" data-end=\"273\">Aspecto:<\/strong> L\u00edquido transparente; 100 % soluble en agua<\/p>\n<\/li>\n<li data-start=\"309\" data-end=\"330\">\n<p data-start=\"311\" data-end=\"330\"><strong data-start=\"311\" data-end=\"318\">pH:<\/strong> 2 \u2013 3<\/p>\n<\/li>\n<li data-start=\"331\" data-end=\"419\">\n<p data-start=\"333\" data-end=\"419\"><strong data-start=\"333\" data-end=\"417\">Todas las f\u00f3rmulas son totalmente solubles y no contienen cloruro, sodio ni metales pesados.<\/strong><\/p>\n<\/li>\n<li data-start=\"420\" data-end=\"450\">\n<p data-start=\"422\" data-end=\"450\"><strong data-start=\"422\" data-end=\"433\">Volumen:<\/strong> 1 L, 5 L, 20 L<\/p>\n<\/li>\n<li data-start=\"451\" data-end=\"572\">\n<p data-start=\"453\" data-end=\"572\"><strong data-start=\"453\" data-end=\"467\">Embalaje:<\/strong> botellas y garrafas.<\/p>\n<\/li>\n<\/ul>\n<p data-start=\"574\" data-end=\"816\"><strong data-start=\"574\" data-end=\"598\">M\u00e9todos de aplicaci\u00f3n:<\/strong><br data-start=\"598\" data-end=\"601\">\ud83d\udca7 <strong data-start=\"604\" data-end=\"619\">Fertirrigaci\u00f3n<\/strong>: adecuado para todos los sistemas de riego, lo que garantiza una entrega profunda de nutrientes a la zona de la ra\u00edz.<br data-start=\"708\" data-end=\"711\">\ud83c\udf3f <strong data-start=\"714\" data-end=\"736\">Aplicaci\u00f3n foliar<\/strong>: ideal para una r\u00e1pida absorci\u00f3n de nutrientes a trav\u00e9s de las hojas durante las etapas cr\u00edticas de crecimiento.<\/p>\n","protected":false},"excerpt":{"rendered":"<p>Dragon Flow 0-65-15 (p\/v) Fertilizantes l\u00edquidos Dragon Liquid High Phosphorus presenta una f\u00f3rmula rica en f\u00f3sforo con un pH \u00e1cido, lo que garantiza una \u00f3ptima adsorci\u00f3n de nutrientes por las ra\u00edces de las plantas. Esta formulaci\u00f3n es particularmente eficaz cuando se a\u00f1ade a agua alcalina, ya que equilibra el pH para obtener una soluci\u00f3n de [&hellip;]<\/p>\n","protected":false},"featured_media":4039,"comment_status":"open","ping_status":"closed","template":"","meta":{"_et_pb_use_builder":"","_et_pb_old_content":"","_et_gb_content_width":""},"product_brand":[],"product_cat":[119],"product_tag":[],"class_list":{"0":"post-4037","1":"product","2":"type-product","3":"status-publish","4":"has-post-thumbnail","6":"product_cat-liquido-dragon","8":"first","9":"instock","10":"shipping-taxable","11":"product-type-simple"},"_links":{"self":[{"href":"https:\/\/dragonagricultural.com\/es\/wp-json\/wp\/v2\/product\/4037","targetHints":{"allow":["GET"]}}],"collection":[{"href":"https:\/\/dragonagricultural.com\/es\/wp-json\/wp\/v2\/product"}],"about":[{"href":"https:\/\/dragonagricultural.com\/es\/wp-json\/wp\/v2\/types\/product"}],"replies":[{"embeddable":true,"href":"https:\/\/dragonagricultural.com\/es\/wp-json\/wp\/v2\/comments?post=4037"}],"wp:featuredmedia":[{"embeddable":true,"href":"https:\/\/dragonagricultural.com\/es\/wp-json\/wp\/v2\/media\/4039"}],"wp:attachment":[{"href":"https:\/\/dragonagricultural.com\/es\/wp-json\/wp\/v2\/media?parent=4037"}],"wp:term":[{"taxonomy":"product_brand","embeddable":true,"href":"https:\/\/dragonagricultural.com\/es\/wp-json\/wp\/v2\/product_brand?post=4037"},{"taxonomy":"product_cat","embeddable":true,"href":"https:\/\/dragonagricultural.com\/es\/wp-json\/wp\/v2\/product_cat?post=4037"},{"taxonomy":"product_tag","embeddable":true,"href":"https:\/\/dragonagricultural.com\/es\/wp-json\/wp\/v2\/product_tag?post=4037"}],"curies":[{"name":"wp","href":"https:\/\/api.w.org\/{rel}","templated":true}]}}