{"id":4033,"date":"2025-10-26T08:52:05","date_gmt":"2025-10-26T08:52:05","guid":{"rendered":"https:\/\/dragonagricultural.com\/products\/dragon-fert-alto-en-nitrogeno\/"},"modified":"2025-12-08T13:23:39","modified_gmt":"2025-12-08T13:23:39","slug":"dragon-fert-alto-en-nitrogeno","status":"publish","type":"product","link":"https:\/\/dragonagricultural.com\/es\/products\/dragon-fert-polvo-soluble\/dragon-fert-alto-en-nitrogeno\/","title":{"rendered":"Dragon Fert Alto en Nitr\u00f3geno"},"content":{"rendered":"<p data-start=\"168\" data-end=\"583\">Formulada con una alta concentraci\u00f3n de nitr\u00f3geno, la serie <strong data-start=\"215\" data-end=\"244\">Dragon Fert Alto Nitr\u00f3geno<\/strong> est\u00e1 dise\u00f1ada para estimular eficazmente un fuerte crecimiento vegetativo y mejorar el desarrollo de las hojas. El nitr\u00f3geno es un macronutriente vital responsable de la formaci\u00f3n de clorofila, la fotos\u00edntesis y el vigor general de la planta. Estas formulaciones aseguran un r\u00e1pido reverdecimiento, una mejor \u00e1rea foliar y un fuerte desarrollo de los brotes durante las etapas de crecimiento activo.<\/p>\n<p data-start=\"585\" data-end=\"797\">Nuestra formulaci\u00f3n <strong data-start=\"589\" data-end=\"614\">NPK \u00e1cida (pH &lt; 2,5)<\/strong> minimiza las p\u00e9rdidas de nitr\u00f3geno, mejora la absorci\u00f3n de nutrientes y ayuda a prevenir la descomposici\u00f3n, lo que la hace muy eficaz incluso en suelos alcalinos o en condiciones de agua dura.<\/p>\n<p data-start=\"799\" data-end=\"958\">Estos fertilizantes son ideales para su uso durante las primeras fases de crecimiento, cuando las plantas requieren abundante nitr\u00f3geno para establecer una estructura robusta y maximizar la productividad.<\/p>\n<h3 data-start=\"1323\" data-end=\"1457\"><strong data-start=\"1326\" data-end=\"1364\">F\u00f3rmulas disponibles (todas en % p\/p):<br \/>\n<\/strong><\/h3>\n<div class=\"text\">\n<ul class=\"list-unstyled service-details__choose-points\">\n<li>\n<div class=\"icon\"><strong><span style=\"color: #008000;\">16-8-4 + 3 % MgO<\/span><\/strong><\/div>\n<\/li>\n<li>\n<div class=\"icon\"><strong><span style=\"color: #008000;\">19\u20136\u20136 +ME<\/span><\/strong><\/div>\n<\/li>\n<li>\n<div class=\"icon\"><strong><span style=\"color: #008000;\">24-10-10 + 2 % MgO<\/span><\/strong><\/div>\n<\/li>\n<li>\n<div class=\"icon\"><strong><span style=\"color: #008000;\">24-12\u20134+ME<\/span><\/strong><\/div>\n<\/li>\n<li>\n<div class=\"icon\"><strong><span style=\"color: #008000;\">28-8-8 + 3 % MgO<\/span><\/strong><\/div>\n<\/li>\n<li>\n<div class=\"icon\"><strong><span style=\"color: #008000;\">28-14-14+ME<\/span><\/strong><\/div>\n<\/li>\n<li>\n<div class=\"icon\"><strong><span style=\"color: #008000;\">30\u201310\u201310 +ME<\/span><\/strong><\/div>\n<\/li>\n<\/ul>\n<\/div>\n<h3><strong data-start=\"2254\" data-end=\"2285\">Especificaciones t\u00e9cnicas \ud83e\uddea<br \/>\n<\/strong><\/h3>\n<ul>\n<li>Aspecto: Polvo cristalino fino; 100 % soluble en agua<\/li>\n<li>pH: 4,5-5,5<\/li>\n<li>Todas las f\u00f3rmulas son totalmente solubles y no contienen cloruro, sodio ni metales pesados.<\/li>\n<li>Volumen: 1 kg, 10 kg, 25 kg<\/li>\n<li>Embalaje: Bolsas \/ sobres multicapa\n<div class=\"_tableContainer_1rjym_1\">\n<div class=\"group _tableWrapper_1rjym_13 flex w-fit flex-col-reverse\" tabindex=\"-1\"><\/div>\n<\/div>\n<\/li>\n<\/ul>\n<div>\n<div>\n<div>\n<h3><strong data-start=\"366\" data-end=\"389\">M\u00e9todos de aplicaci\u00f3n<\/strong><\/h3>\n<p data-start=\"390\" data-end=\"607\">\ud83d\udca7 <strong data-start=\"393\" data-end=\"408\">Fertirrigaci\u00f3n<\/strong>: adecuada para sistemas de riego, ya que garantiza una entrega profunda de nutrientes a la zona radicular.<br data-start=\"493\" data-end=\"496\">\ud83c\udf3f <strong data-start=\"499\" data-end=\"521\">Aplicaci\u00f3n foliar<\/strong>: ideal para una r\u00e1pida absorci\u00f3n de nutrientes a trav\u00e9s de las hojas durante las etapas cr\u00edticas de crecimiento.<\/p>\n<\/div>\n<\/div>\n<\/div>\n","protected":false},"excerpt":{"rendered":"<p>Formulada con una alta concentraci\u00f3n de nitr\u00f3geno, la serie Dragon Fert Alto Nitr\u00f3geno est\u00e1 dise\u00f1ada para estimular eficazmente un fuerte crecimiento vegetativo y mejorar el desarrollo de las hojas. El nitr\u00f3geno es un macronutriente vital responsable de la formaci\u00f3n de clorofila, la fotos\u00edntesis y el vigor general de la planta. Estas formulaciones aseguran un r\u00e1pido [&hellip;]<\/p>\n","protected":false},"featured_media":4034,"comment_status":"open","ping_status":"closed","template":"","meta":{"_et_pb_use_builder":"","_et_pb_old_content":"","_et_gb_content_width":""},"product_brand":[],"product_cat":[117],"product_tag":[],"class_list":{"0":"post-4033","1":"product","2":"type-product","3":"status-publish","4":"has-post-thumbnail","6":"product_cat-dragon-fert-polvo-soluble","8":"first","9":"instock","10":"shipping-taxable","11":"product-type-simple"},"_links":{"self":[{"href":"https:\/\/dragonagricultural.com\/es\/wp-json\/wp\/v2\/product\/4033","targetHints":{"allow":["GET"]}}],"collection":[{"href":"https:\/\/dragonagricultural.com\/es\/wp-json\/wp\/v2\/product"}],"about":[{"href":"https:\/\/dragonagricultural.com\/es\/wp-json\/wp\/v2\/types\/product"}],"replies":[{"embeddable":true,"href":"https:\/\/dragonagricultural.com\/es\/wp-json\/wp\/v2\/comments?post=4033"}],"wp:featuredmedia":[{"embeddable":true,"href":"https:\/\/dragonagricultural.com\/es\/wp-json\/wp\/v2\/media\/4034"}],"wp:attachment":[{"href":"https:\/\/dragonagricultural.com\/es\/wp-json\/wp\/v2\/media?parent=4033"}],"wp:term":[{"taxonomy":"product_brand","embeddable":true,"href":"https:\/\/dragonagricultural.com\/es\/wp-json\/wp\/v2\/product_brand?post=4033"},{"taxonomy":"product_cat","embeddable":true,"href":"https:\/\/dragonagricultural.com\/es\/wp-json\/wp\/v2\/product_cat?post=4033"},{"taxonomy":"product_tag","embeddable":true,"href":"https:\/\/dragonagricultural.com\/es\/wp-json\/wp\/v2\/product_tag?post=4033"}],"curies":[{"name":"wp","href":"https:\/\/api.w.org\/{rel}","templated":true}]}}