{"id":2741,"date":"2025-10-19T11:56:50","date_gmt":"2025-10-19T11:56:50","guid":{"rendered":"https:\/\/dragonagricultural.com\/acerca-de\/"},"modified":"2026-01-02T08:45:08","modified_gmt":"2026-01-02T08:45:08","slug":"acerca-de","status":"publish","type":"page","link":"https:\/\/dragonagricultural.com\/es\/acerca-de\/","title":{"rendered":"Acerca de"},"content":{"rendered":"<p>[et_pb_section fb_built=\u00bb1&#8243; fullwidth=\u00bbon\u00bb _builder_version=\u00bb4.16&#8243; animation_style=\u00bbslide\u00bb animation_direction=\u00bbtop\u00bb animation_intensity_slide=\u00bb2%\u00bb animation_starting_opacity=\u00bb100%\u00bb global_colors_info=\u00bb{}\u00bb][et_pb_fullwidth_header title=\u00bbQui\u00e9nes somos\u00bb text_orientation=\u00bbcenter\u00bb content_max_width=\u00bb800px\u00bb _builder_version=\u00bb4.27.4&#8243; title_level=\u00bbh2&#8243; title_font=\u00bbAmatic SC|700|||||||\u00bb title_font_size=\u00bb60px\u00bb title_line_height=\u00bb1.2em\u00bb content_font=\u00bb||||||||\u00bb content_font_size=\u00bb20px\u00bb content_line_height=\u00bb1.8em\u00bb background_color=\u00bbrgba(255, 255, 255, 0)\u00bb use_background_color_gradient=\u00bbon\u00bb background_color_gradient_direction=\u00bb90deg\u00bb background_color_gradient_stops=\u00bbrgba(0,0,0,0.75) 0%|rgba(0,0,0,0) 100%\u00bb background_color_gradient_overlays_image=\u00bbon\u00bb background_color_gradient_start=\u00bbrgba(0,0,0,0.75)\u00bb background_color_gradient_end=\u00bbrgba(0,0,0,0)\u00bb background_image=\u00bbhttps:\/\/dragonagricultural.com\/wp-content\/uploads\/2025\/10\/about-overview-bg.jpg\u00bb custom_button_one=\u00bbon\u00bb button_one_text_size=\u00bb18px\u00bb button_one_bg_color=\u00bb#02d002&#8243; button_one_border_width=\u00bb8px\u00bb button_one_border_color=\u00bb#02d002&#8243; button_one_border_radius=\u00bb0px\u00bb button_one_letter_spacing=\u00bb1px\u00bb button_one_font=\u00bbLato|700|||||||\u00bb button_one_use_icon=\u00bboff\u00bb custom_button_two=\u00bbon\u00bb button_two_text_size=\u00bb18px\u00bb button_two_text_color=\u00bb#353740&#8243; button_two_bg_color=\u00bb#ffffff\u00bb button_two_border_width=\u00bb8px\u00bb button_two_border_color=\u00bb#ffffff\u00bb button_two_border_radius=\u00bb0px\u00bb button_two_letter_spacing=\u00bb1px\u00bb button_two_font=\u00bbLato|700|||||||\u00bb button_two_use_icon=\u00bboff\u00bb custom_margin=\u00bb|||\u00bb custom_padding=\u00bb8%||8%|\u00bb button_one_letter_spacing_hover=\u00bb1px\u00bb button_two_letter_spacing_hover=\u00bb1px\u00bb locked=\u00bboff\u00bb global_colors_info=\u00bb{}\u00bb button_one_text_size__hover_enabled=\u00bboff\u00bb button_two_text_size__hover_enabled=\u00bboff\u00bb button_one_text_color__hover_enabled=\u00bboff\u00bb button_two_text_color__hover_enabled=\u00bboff\u00bb button_one_border_width__hover_enabled=\u00bboff\u00bb button_two_border_width__hover_enabled=\u00bboff\u00bb button_one_border_color__hover_enabled=\u00bboff\u00bb button_two_border_color__hover_enabled=\u00bboff\u00bb button_one_border_radius__hover_enabled=\u00bboff\u00bb button_two_border_radius__hover_enabled=\u00bboff\u00bb button_one_letter_spacing__hover_enabled=\u00bbon\u00bb button_one_letter_spacing__hover=\u00bb1px\u00bb button_two_letter_spacing__hover_enabled=\u00bbon\u00bb button_two_letter_spacing__hover=\u00bb1px\u00bb button_one_bg_color__hover_enabled=\u00bboff\u00bb button_two_bg_color__hover_enabled=\u00bboff\u00bb][\/et_pb_fullwidth_header][\/et_pb_section][et_pb_section fb_built=\u00bb1&#8243; specialty=\u00bbon\u00bb _builder_version=\u00bb4.27.4&#8243; _module_preset=\u00bbdefault\u00bb global_colors_info=\u00bb{}\u00bb][et_pb_column type=\u00bb1_4&#8243; _builder_version=\u00bb4.16&#8243; custom_padding=\u00bb|||\u00bb global_colors_info=\u00bb{}\u00bb custom_padding__hover=\u00bb|||\u00bb][et_pb_image src=\u00bbhttp:\/\/dragonagricultural.com\/wp-content\/uploads\/2025\/10\/overview-snow-img.jpg\u00bb title_text=\u00bbresumen-snow-img\u00bb _builder_version=\u00bb4.27.4&#8243; _module_preset=\u00bbdefault\u00bb border_radii=\u00bbon|15px|15px|15px|15px\u00bb global_colors_info=\u00bb{}\u00bb][\/et_pb_image][et_pb_image src=\u00bbhttp:\/\/dragonagricultural.com\/wp-content\/uploads\/2025\/10\/overview-ship-img.jpg\u00bb title_text=\u00bbresumen-barco-img\u00bb _builder_version=\u00bb4.27.4&#8243; _module_preset=\u00bbdefault\u00bb border_radii=\u00bbon|15px|15px|15px|15px\u00bb global_colors_info=\u00bb{}\u00bb][\/et_pb_image][\/et_pb_column][et_pb_column type=\u00bb1_4&#8243; _builder_version=\u00bb4.16&#8243; custom_padding=\u00bb|||\u00bb global_colors_info=\u00bb{}\u00bb custom_padding__hover=\u00bb|||\u00bb][et_pb_image src=\u00bbhttp:\/\/dragonagricultural.com\/wp-content\/uploads\/2025\/10\/overview-petra-img.jpg\u00bb title_text=\u00bbresumen-petra-img\u00bb _builder_version=\u00bb4.27.4&#8243; _module_preset=\u00bbdefault\u00bb border_radii=\u00bbon|15px|15px|15px|15px\u00bb global_colors_info=\u00bb{}\u00bb][\/et_pb_image][\/et_pb_column][et_pb_column type=\u00bb1_2&#8243; specialty_columns=\u00bb2&#8243; _builder_version=\u00bb4.16&#8243; custom_padding=\u00bb|||\u00bb global_colors_info=\u00bb{}\u00bb custom_padding__hover=\u00bb|||\u00bb][et_pb_row_inner _builder_version=\u00bb4.27.4&#8243; _module_preset=\u00bbdefault\u00bb global_colors_info=\u00bb{}\u00bb][et_pb_column_inner saved_specialty_column_type=\u00bb1_2&#8243; _builder_version=\u00bb4.27.4&#8243; _module_preset=\u00bbdefault\u00bb global_colors_info=\u00bb{}\u00bb][et_pb_text _builder_version=\u00bb4.27.4&#8243; _module_preset=\u00bbdefault\u00bb header_font=\u00bbAmatic SC|700|||||||\u00bb header_text_color=\u00bb#1D2A58&#8243; header_font_size=\u00bb59px\u00bb custom_padding=\u00bb||0px|||\u00bb global_colors_info=\u00bb{}\u00bb]<\/p>\n<h4><strong><span style=\"color: #1d2a58;\">Con\u00f3cenos<br \/><\/span><\/strong><\/h4>\n<h1 class=\"section-title__title\">Arraigada en la herencia nabatea<\/h1>\n<h4><strong><span style=\"color: #1d2a58;\"> <\/span><\/strong><\/h4>\n<p>[\/et_pb_text][\/et_pb_column_inner][\/et_pb_row_inner][et_pb_row_inner _builder_version=\u00bb4.27.4&#8243; _module_preset=\u00bbdefault\u00bb global_colors_info=\u00bb{}\u00bb][et_pb_column_inner saved_specialty_column_type=\u00bb1_2&#8243; _builder_version=\u00bb4.27.4&#8243; _module_preset=\u00bbdefault\u00bb global_colors_info=\u00bb{}\u00bb][et_pb_text _builder_version=\u00bb4.27.4&#8243; _module_preset=\u00bbdefault\u00bb global_colors_info=\u00bb{}\u00bb]<\/p>\n<p class=\"about-three__text-1\">Dragon Agricultural Solutions &amp; Fertilizers Production fue creada por un apasionado equipo agr\u00edcola de Jordania, con m\u00e1s de una d\u00e9cada de experiencia y se extiende por m\u00e1s de 50 pa\u00edses, que abarca mucho m\u00e1s que la producci\u00f3n de fertilizantes de alta calidad.<\/p>\n<p class=\"about-three__text-1\">La autenticidad de nuestro Drag\u00f3n se extiende desde nuestras ra\u00edces nabateas, donde comenz\u00f3 nuestro viaje para comprender el suelo de la tierra, explorando sus secretos y requisitos precisos para los cultivos y las plantas.<\/p>\n<p class=\"about-three__text-1\">De Jordania, la tierra de la potasa y los fosfatos de calidad superior, Dragon obtiene las materias primas b\u00e1sicas para garantizar la calidad excepcional de todos los productos que fabricamos. Adem\u00e1s, Dragon aprovecha la ventaja geogr\u00e1fica de Jordania como media entre los continentes del mundo, para elevarse alto, satisfaciendo las necesidades de la tierra y de sus gentes. <\/p>\n<p>[\/et_pb_text][\/et_pb_column_inner][\/et_pb_row_inner][\/et_pb_column][\/et_pb_section]<\/p>\n","protected":false},"excerpt":{"rendered":"<p>Con\u00f3cenos Arraigada en la herencia nabatea Dragon Agricultural Solutions &amp; Fertilizers Production fue creada por un apasionado equipo agr\u00edcola de Jordania, con m\u00e1s de una d\u00e9cada de experiencia y se extiende por m\u00e1s de 50 pa\u00edses, que abarca mucho m\u00e1s que la producci\u00f3n de fertilizantes de alta calidad. La autenticidad de nuestro Drag\u00f3n se extiende [&hellip;]<\/p>\n","protected":false},"author":1,"featured_media":0,"parent":0,"menu_order":0,"comment_status":"closed","ping_status":"closed","template":"","meta":{"_et_pb_use_builder":"on","_et_pb_old_content":"","_et_gb_content_width":"","footnotes":""},"class_list":["post-2741","page","type-page","status-publish","hentry"],"_hostinger_reach_plugin_has_subscription_block":false,"_hostinger_reach_plugin_is_elementor":false,"_links":{"self":[{"href":"https:\/\/dragonagricultural.com\/es\/wp-json\/wp\/v2\/pages\/2741","targetHints":{"allow":["GET"]}}],"collection":[{"href":"https:\/\/dragonagricultural.com\/es\/wp-json\/wp\/v2\/pages"}],"about":[{"href":"https:\/\/dragonagricultural.com\/es\/wp-json\/wp\/v2\/types\/page"}],"author":[{"embeddable":true,"href":"https:\/\/dragonagricultural.com\/es\/wp-json\/wp\/v2\/users\/1"}],"replies":[{"embeddable":true,"href":"https:\/\/dragonagricultural.com\/es\/wp-json\/wp\/v2\/comments?post=2741"}],"version-history":[{"count":20,"href":"https:\/\/dragonagricultural.com\/es\/wp-json\/wp\/v2\/pages\/2741\/revisions"}],"predecessor-version":[{"id":10232,"href":"https:\/\/dragonagricultural.com\/es\/wp-json\/wp\/v2\/pages\/2741\/revisions\/10232"}],"wp:attachment":[{"href":"https:\/\/dragonagricultural.com\/es\/wp-json\/wp\/v2\/media?parent=2741"}],"curies":[{"name":"wp","href":"https:\/\/api.w.org\/{rel}","templated":true}]}}