{"id":2435,"date":"2025-10-22T00:32:20","date_gmt":"2025-10-22T00:32:20","guid":{"rendered":"https:\/\/dragonagricultural.com\/departamentos-dragon\/"},"modified":"2026-01-02T08:21:38","modified_gmt":"2026-01-02T08:21:38","slug":"departamentos-dragon","status":"publish","type":"page","link":"https:\/\/dragonagricultural.com\/es\/departamentos-dragon\/","title":{"rendered":"Departamentos Drag\u00f3n"},"content":{"rendered":"<p>[et_pb_section fb_built=\u00bb1&#8243; fullwidth=\u00bbon\u00bb _builder_version=\u00bb4.16&#8243; animation_style=\u00bbslide\u00bb animation_direction=\u00bbtop\u00bb animation_intensity_slide=\u00bb2%\u00bb animation_starting_opacity=\u00bb100%\u00bb global_colors_info=\u00bb{}\u00bb][et_pb_fullwidth_header title=\u00bbDepartamentos Drag\u00f3n\u00bb text_orientation=\u00bbcenter\u00bb content_max_width=\u00bb800px\u00bb _builder_version=\u00bb4.27.4&#8243; title_level=\u00bbh2&#8243; title_font=\u00bbAmatic SC|700|||||||\u00bb title_font_size=\u00bb60px\u00bb title_line_height=\u00bb1.2em\u00bb content_font=\u00bb||||||||\u00bb content_font_size=\u00bb20px\u00bb content_line_height=\u00bb1.8em\u00bb background_color=\u00bbrgba(255, 255, 255, 0)\u00bb use_background_color_gradient=\u00bbon\u00bb background_color_gradient_direction=\u00bb90deg\u00bb background_color_gradient_stops=\u00bbrgba(0,0,0,0.75) 0%|rgba(0,0,0,0) 100%\u00bb background_color_gradient_overlays_image=\u00bbon\u00bb background_color_gradient_start=\u00bbrgba(0,0,0,0.75)\u00bb background_color_gradient_end=\u00bbrgba(0,0,0,0)\u00bb background_image=\u00bbhttps:\/\/dragonagricultural.com\/wp-content\/uploads\/2025\/10\/our-departments-bg.jpg\u00bb custom_button_one=\u00bbon\u00bb button_one_text_size=\u00bb18px\u00bb button_one_bg_color=\u00bb#02d002&#8243; button_one_border_width=\u00bb8px\u00bb button_one_border_color=\u00bb#02d002&#8243; button_one_border_radius=\u00bb0px\u00bb button_one_letter_spacing=\u00bb1px\u00bb button_one_font=\u00bbLato|700|||||||\u00bb button_one_use_icon=\u00bboff\u00bb custom_button_two=\u00bbon\u00bb button_two_text_size=\u00bb18px\u00bb button_two_text_color=\u00bb#353740&#8243; button_two_bg_color=\u00bb#ffffff\u00bb button_two_border_width=\u00bb8px\u00bb button_two_border_color=\u00bb#ffffff\u00bb button_two_border_radius=\u00bb0px\u00bb button_two_letter_spacing=\u00bb1px\u00bb button_two_font=\u00bbLato|700|||||||\u00bb button_two_use_icon=\u00bboff\u00bb custom_margin=\u00bb|||\u00bb custom_padding=\u00bb8%||8%|\u00bb button_one_letter_spacing_hover=\u00bb1px\u00bb button_two_letter_spacing_hover=\u00bb1px\u00bb locked=\u00bboff\u00bb global_colors_info=\u00bb{}\u00bb button_one_text_size__hover_enabled=\u00bboff\u00bb button_two_text_size__hover_enabled=\u00bboff\u00bb button_one_text_color__hover_enabled=\u00bboff\u00bb button_two_text_color__hover_enabled=\u00bboff\u00bb button_one_border_width__hover_enabled=\u00bboff\u00bb button_two_border_width__hover_enabled=\u00bboff\u00bb button_one_border_color__hover_enabled=\u00bboff\u00bb button_two_border_color__hover_enabled=\u00bboff\u00bb button_one_border_radius__hover_enabled=\u00bboff\u00bb button_two_border_radius__hover_enabled=\u00bboff\u00bb button_one_letter_spacing__hover_enabled=\u00bbon\u00bb button_one_letter_spacing__hover=\u00bb1px\u00bb button_two_letter_spacing__hover_enabled=\u00bbon\u00bb button_two_letter_spacing__hover=\u00bb1px\u00bb button_one_bg_color__hover_enabled=\u00bboff\u00bb button_two_bg_color__hover_enabled=\u00bboff\u00bb][\/et_pb_fullwidth_header][\/et_pb_section][et_pb_section fb_built=\u00bb1&#8243; _builder_version=\u00bb4.27.4&#8243; _module_preset=\u00bbdefault\u00bb global_colors_info=\u00bb{}\u00bb][et_pb_row column_structure=\u00bb1_2,1_2&#8243; _builder_version=\u00bb4.27.4&#8243; _module_preset=\u00bbdefault\u00bb global_colors_info=\u00bb{}\u00bb][et_pb_column type=\u00bb1_2&#8243; _builder_version=\u00bb4.27.4&#8243; _module_preset=\u00bbdefault\u00bb global_colors_info=\u00bb{}\u00bb][et_pb_image src=\u00bbhttp:\/\/dragonagricultural.com\/wp-content\/uploads\/2025\/10\/our-departments-img.jpg\u00bb title_text=\u00bbnuestros-departamentos-img\u00bb _builder_version=\u00bb4.27.4&#8243; _module_preset=\u00bbdefault\u00bb global_colors_info=\u00bb{}\u00bb][\/et_pb_image][\/et_pb_column][et_pb_column type=\u00bb1_2&#8243; _builder_version=\u00bb4.27.4&#8243; _module_preset=\u00bbdefault\u00bb global_colors_info=\u00bb{}\u00bb][et_pb_text _builder_version=\u00bb4.27.4&#8243; _module_preset=\u00bbdefault\u00bb header_font=\u00bbAmatic SC|700|||||||\u00bb header_font_size=\u00bb50px\u00bb global_colors_info=\u00bb{}\u00bb]<\/p>\n<h6 class=\"section-title__title\"><span class=\"section-title__tagline\">Equipo y experiencia en Dragon<\/span><\/h6>\n<h1 class=\"section-title__title\"><span><\/span>Equipo Drag\u00f3n<\/h1>\n<div class=\"section-title__icon\"><\/div>\n<p>[\/et_pb_text][et_pb_text _builder_version=\u00bb4.27.4&#8243; _module_preset=\u00bbdefault\u00bb global_colors_info=\u00bb{}\u00bb]<\/p>\n<p class=\"project-details__text-4\">El equipo Dragon se enorgullece de crear soluciones de fertilizantes a medida que responden a las necesidades espec\u00edficas tanto de los cultivos como de los agricultores, aprovechando nuestra amplia experiencia pr\u00e1ctica combinada con nuestra innovadora l\u00ednea de productos.<\/p>\n<h3 class=\"project-details__sub-title\">Administraci\u00f3n<\/h3>\n<p class=\"project-details__text-4\">Las estrategias de aprovisionamiento de Dragon est\u00e1n dise\u00f1adas para garantizar recursos de la m\u00e1xima calidad, apoyando al mismo tiempo el comercio justo y las pr\u00e1cticas \u00e9ticas.<\/p>\n<p>En Dragon, nos comprometemos a apoyar a nuestros clientes, ofreci\u00e9ndoles servicios de entrega y env\u00edo, siempre que sea posible.<\/p>\n<p>Adem\u00e1s, cumplimos estrictamente las normas reguladoras internacionales, garantizando que los productos Dragon est\u00e1n registrados y cumplen las leyes de los pa\u00edses donde se venden.<\/p>\n<p>Este enfoque integral no s\u00f3lo apoya nuestros objetivos de sostenibilidad, sino que tambi\u00e9n garantiza que los clientes de Dragon reciben productos fiables y de alta calidad, adaptados a sus necesidades.<\/p>\n<h3 class=\"project-details__sub-title\">Ventas y marketing<\/h3>\n<p class=\"project-details__text-4\">El equipo de ventas y marketing de Dragon constituye la piedra angular de nuestra estrategia empresarial, captando y satisfaciendo eficazmente las necesidades de los clientes. Nos dedicamos a la asistencia integral al cliente, proporcionando marketing y asistencia t\u00e9cnica continuos. <\/p>\n<p>En Dragon, nos comprometemos a comprender perpetuamente las necesidades de los clientes y a ofrecerles soluciones de fertilizantes adecuadas mediante reuniones peri\u00f3dicas, compartiendo conocimientos, intercambiando informaci\u00f3n y diversos m\u00e9todos que mejoren su experiencia y su \u00e9xito.<\/p>\n<p>El profundo conocimiento del mercado de nuestro equipo y su gran capacidad para establecer relaciones garantizan que proporcionemos soluciones a medida que apoyen los objetivos agr\u00edcolas de nuestros clientes, reforzando nuestra reputaci\u00f3n como socio fiable y solidario.<\/p>\n<h3 class=\"project-details__sub-title\">Producci\u00f3n<\/h3>\n<p class=\"project-details__text-4\">El departamento de producci\u00f3n de Dragon garantiza una alta calidad y eficacia en la fabricaci\u00f3n de nuestros productos.<\/p>\n<p>Cumplimos normas estrictas y empleamos m\u00e9todos de producci\u00f3n innovadores para garantizar que cada lote de productos cumpla las expectativas de nuestros clientes en t\u00e9rminos de eficacia y sostenibilidad.<\/p>\n<h3 class=\"project-details__sub-title\">Control de calidad<\/h3>\n<p class=\"project-details__text-4\">En Dragon, nuestros laboratorios est\u00e1n equipados con tecnolog\u00eda punta para probar y garantizar la calidad de nuestros productos.<\/p>\n<p>Nuestros expertos de laboratorio se dedican a realizar an\u00e1lisis precisos y exhaustivos, afirmando que nuestros productos cumplen las normas m\u00e1s estrictas de calidad y seguridad.<\/p>\n<h3 class=\"project-details__sub-title\">Investigaci\u00f3n y desarrollo<\/h3>\n<p class=\"project-details__text-4\">En Dragon, nuestro equipo de I+D est\u00e1 formado por especialistas innovadores que trabajan incansablemente para crear productos fertilizantes avanzados que satisfagan las din\u00e1micas necesidades del mercado.<\/p>\n<p>Invertimos en investigaci\u00f3n cient\u00edfica y aprovechamos las \u00faltimas tecnolog\u00edas para desarrollar soluciones sostenibles que mejoren la salud del suelo y la productividad de los cultivos.<\/p>\n<p>[\/et_pb_text][\/et_pb_column][\/et_pb_row][\/et_pb_section]<\/p>\n","protected":false},"excerpt":{"rendered":"<p>Equipo y experiencia en Dragon Equipo Drag\u00f3n El equipo Dragon se enorgullece de crear soluciones de fertilizantes a medida que responden a las necesidades espec\u00edficas tanto de los cultivos como de los agricultores, aprovechando nuestra amplia experiencia pr\u00e1ctica combinada con nuestra innovadora l\u00ednea de productos. Administraci\u00f3n Las estrategias de aprovisionamiento de Dragon est\u00e1n dise\u00f1adas para [&hellip;]<\/p>\n","protected":false},"author":1,"featured_media":0,"parent":0,"menu_order":0,"comment_status":"closed","ping_status":"closed","template":"","meta":{"_et_pb_use_builder":"on","_et_pb_old_content":"","_et_gb_content_width":"","footnotes":""},"class_list":["post-2435","page","type-page","status-publish","hentry"],"_hostinger_reach_plugin_has_subscription_block":false,"_hostinger_reach_plugin_is_elementor":false,"_links":{"self":[{"href":"https:\/\/dragonagricultural.com\/es\/wp-json\/wp\/v2\/pages\/2435","targetHints":{"allow":["GET"]}}],"collection":[{"href":"https:\/\/dragonagricultural.com\/es\/wp-json\/wp\/v2\/pages"}],"about":[{"href":"https:\/\/dragonagricultural.com\/es\/wp-json\/wp\/v2\/types\/page"}],"author":[{"embeddable":true,"href":"https:\/\/dragonagricultural.com\/es\/wp-json\/wp\/v2\/users\/1"}],"replies":[{"embeddable":true,"href":"https:\/\/dragonagricultural.com\/es\/wp-json\/wp\/v2\/comments?post=2435"}],"version-history":[{"count":34,"href":"https:\/\/dragonagricultural.com\/es\/wp-json\/wp\/v2\/pages\/2435\/revisions"}],"predecessor-version":[{"id":10122,"href":"https:\/\/dragonagricultural.com\/es\/wp-json\/wp\/v2\/pages\/2435\/revisions\/10122"}],"wp:attachment":[{"href":"https:\/\/dragonagricultural.com\/es\/wp-json\/wp\/v2\/media?parent=2435"}],"curies":[{"name":"wp","href":"https:\/\/api.w.org\/{rel}","templated":true}]}}