{"id":2374,"date":"2025-10-22T00:25:38","date_gmt":"2025-10-22T00:25:38","guid":{"rendered":"https:\/\/dragonagricultural.com\/declaracion-del-dragon\/"},"modified":"2026-01-02T08:21:11","modified_gmt":"2026-01-02T08:21:11","slug":"declaracion-del-dragon","status":"publish","type":"page","link":"https:\/\/dragonagricultural.com\/es\/declaracion-del-dragon\/","title":{"rendered":"Declaraci\u00f3n del Drag\u00f3n"},"content":{"rendered":"<p>[et_pb_section fb_built=\u00bb1&#8243; fullwidth=\u00bbon\u00bb _builder_version=\u00bb4.16&#8243; animation_style=\u00bbslide\u00bb animation_direction=\u00bbtop\u00bb animation_intensity_slide=\u00bb2%\u00bb animation_starting_opacity=\u00bb100%\u00bb global_colors_info=\u00bb{}\u00bb][et_pb_fullwidth_header title=\u00bbDeclaraci\u00f3n del Drag\u00f3n\u00bb text_orientation=\u00bbcenter\u00bb content_max_width=\u00bb800px\u00bb _builder_version=\u00bb4.27.4&#8243; title_level=\u00bbh2&#8243; title_font=\u00bbAmatic SC|700|||||||\u00bb title_font_size=\u00bb60px\u00bb title_line_height=\u00bb1.2em\u00bb content_font=\u00bb||||||||\u00bb content_font_size=\u00bb20px\u00bb content_line_height=\u00bb1.8em\u00bb background_color=\u00bbrgba(255, 255, 255, 0)\u00bb use_background_color_gradient=\u00bbon\u00bb background_color_gradient_direction=\u00bb90deg\u00bb background_color_gradient_stops=\u00bbrgba(0,0,0,0.75) 0%|rgba(0,0,0,0) 100%\u00bb background_color_gradient_overlays_image=\u00bbon\u00bb background_color_gradient_start=\u00bbrgba(0,0,0,0.75)\u00bb background_color_gradient_end=\u00bbrgba(0,0,0,0)\u00bb background_image=\u00bbhttps:\/\/dragonagricultural.com\/wp-content\/uploads\/2025\/10\/dragon-statement-bg.jpg\u00bb custom_button_one=\u00bbon\u00bb button_one_text_size=\u00bb18px\u00bb button_one_bg_color=\u00bb#02d002&#8243; button_one_border_width=\u00bb8px\u00bb button_one_border_color=\u00bb#02d002&#8243; button_one_border_radius=\u00bb0px\u00bb button_one_letter_spacing=\u00bb1px\u00bb button_one_font=\u00bbLato|700|||||||\u00bb button_one_use_icon=\u00bboff\u00bb custom_button_two=\u00bbon\u00bb button_two_text_size=\u00bb18px\u00bb button_two_text_color=\u00bb#353740&#8243; button_two_bg_color=\u00bb#ffffff\u00bb button_two_border_width=\u00bb8px\u00bb button_two_border_color=\u00bb#ffffff\u00bb button_two_border_radius=\u00bb0px\u00bb button_two_letter_spacing=\u00bb1px\u00bb button_two_font=\u00bbLato|700|||||||\u00bb button_two_use_icon=\u00bboff\u00bb custom_margin=\u00bb|||\u00bb custom_padding=\u00bb8%||8%|\u00bb button_one_letter_spacing_hover=\u00bb1px\u00bb button_two_letter_spacing_hover=\u00bb1px\u00bb locked=\u00bboff\u00bb global_colors_info=\u00bb{}\u00bb button_one_text_size__hover_enabled=\u00bboff\u00bb button_two_text_size__hover_enabled=\u00bboff\u00bb button_one_text_color__hover_enabled=\u00bboff\u00bb button_two_text_color__hover_enabled=\u00bboff\u00bb button_one_border_width__hover_enabled=\u00bboff\u00bb button_two_border_width__hover_enabled=\u00bboff\u00bb button_one_border_color__hover_enabled=\u00bboff\u00bb button_two_border_color__hover_enabled=\u00bboff\u00bb button_one_border_radius__hover_enabled=\u00bboff\u00bb button_two_border_radius__hover_enabled=\u00bboff\u00bb button_one_letter_spacing__hover_enabled=\u00bbon\u00bb button_one_letter_spacing__hover=\u00bb1px\u00bb button_two_letter_spacing__hover_enabled=\u00bbon\u00bb button_two_letter_spacing__hover=\u00bb1px\u00bb button_one_bg_color__hover_enabled=\u00bboff\u00bb button_two_bg_color__hover_enabled=\u00bboff\u00bb][\/et_pb_fullwidth_header][\/et_pb_section][et_pb_section fb_built=\u00bb1&#8243; _builder_version=\u00bb4.27.4&#8243; _module_preset=\u00bbdefault\u00bb global_colors_info=\u00bb{}\u00bb][et_pb_row column_structure=\u00bb1_2,1_2&#8243; _builder_version=\u00bb4.27.4&#8243; _module_preset=\u00bbdefault\u00bb global_colors_info=\u00bb{}\u00bb][et_pb_column type=\u00bb1_2&#8243; _builder_version=\u00bb4.27.4&#8243; _module_preset=\u00bbdefault\u00bb global_colors_info=\u00bb{}\u00bb][et_pb_image src=\u00bbhttp:\/\/dragonagricultural.com\/wp-content\/uploads\/2025\/10\/dragon-statement-img.jpg\u00bb title_text=\u00bbdragon-statement-img\u00bb _builder_version=\u00bb4.27.4&#8243; _module_preset=\u00bbdefault\u00bb global_colors_info=\u00bb{}\u00bb][\/et_pb_image][\/et_pb_column][et_pb_column type=\u00bb1_2&#8243; _builder_version=\u00bb4.27.4&#8243; _module_preset=\u00bbdefault\u00bb global_colors_info=\u00bb{}\u00bb][et_pb_text _builder_version=\u00bb4.27.4&#8243; _module_preset=\u00bbdefault\u00bb header_font=\u00bbAmatic SC|700|||||||\u00bb header_font_size=\u00bb50px\u00bb global_colors_info=\u00bb{}\u00bb]<\/p>\n<h1 class=\"section-title__title\">Declaraci\u00f3n del Drag\u00f3n<\/h1>\n<div class=\"section-title__icon\"><\/div>\n<p>[\/et_pb_text][et_pb_text _builder_version=\u00bb4.27.4&#8243; _module_preset=\u00bbdefault\u00bb global_colors_info=\u00bb{}\u00bb]<\/p>\n<h3 class=\"project-details__sub-title\">Misi\u00f3n<\/h3>\n<p class=\"project-details__text-4\">Est\u00e1 tejida con la pasi\u00f3n del equipo Dragon, enriquecida por m\u00e1s de una d\u00e9cada de experiencia en la elaboraci\u00f3n de fertilizantes de alta calidad. Comprometidos con el cumplimiento riguroso de las normas locales e internacionales, aspiramos a liderar el desarrollo de soluciones que no s\u00f3lo fomenten el crecimiento de cultivos ricos en nutrientes, sino que tambi\u00e9n salvaguarden nuestro planeta. <\/p>\n<h3 class=\"project-details__sub-title\">Visi\u00f3n<\/h3>\n<p class=\"project-details__text-4\">El equipo Dragon se dedica a innovar y producir fertilizantes de alta calidad, respetuosos con el medio ambiente, que mejoran la salud del suelo, aumentan el rendimiento de las cosechas y apoyan los esfuerzos de la comunidad agr\u00edcola mundial hacia una agricultura sostenible.<\/p>\n<h3 class=\"project-details__sub-title\">Valores<\/h3>\n<p class=\"project-details__text-4\">Los esfuerzos de trabajo en equipo de Dragon se gu\u00edan por una \u00e9tica empresarial s\u00f3lida, un comportamiento responsable, la transparencia, el compromiso se centra en la sostenibilidad, la innovaci\u00f3n y la colaboraci\u00f3n, lo que nos permite abordar mejor los retos a los que se enfrenta la agricultura moderna escuchando a nuestros socios y aprendiendo de ellos.<\/p>\n<p>[\/et_pb_text][\/et_pb_column][\/et_pb_row][\/et_pb_section]<\/p>\n","protected":false},"excerpt":{"rendered":"<p>Declaraci\u00f3n del Drag\u00f3n Misi\u00f3n Est\u00e1 tejida con la pasi\u00f3n del equipo Dragon, enriquecida por m\u00e1s de una d\u00e9cada de experiencia en la elaboraci\u00f3n de fertilizantes de alta calidad. Comprometidos con el cumplimiento riguroso de las normas locales e internacionales, aspiramos a liderar el desarrollo de soluciones que no s\u00f3lo fomenten el crecimiento de cultivos ricos [&hellip;]<\/p>\n","protected":false},"author":1,"featured_media":0,"parent":0,"menu_order":0,"comment_status":"closed","ping_status":"closed","template":"","meta":{"_et_pb_use_builder":"on","_et_pb_old_content":"","_et_gb_content_width":"","footnotes":""},"class_list":["post-2374","page","type-page","status-publish","hentry"],"_hostinger_reach_plugin_has_subscription_block":false,"_hostinger_reach_plugin_is_elementor":false,"_links":{"self":[{"href":"https:\/\/dragonagricultural.com\/es\/wp-json\/wp\/v2\/pages\/2374","targetHints":{"allow":["GET"]}}],"collection":[{"href":"https:\/\/dragonagricultural.com\/es\/wp-json\/wp\/v2\/pages"}],"about":[{"href":"https:\/\/dragonagricultural.com\/es\/wp-json\/wp\/v2\/types\/page"}],"author":[{"embeddable":true,"href":"https:\/\/dragonagricultural.com\/es\/wp-json\/wp\/v2\/users\/1"}],"replies":[{"embeddable":true,"href":"https:\/\/dragonagricultural.com\/es\/wp-json\/wp\/v2\/comments?post=2374"}],"version-history":[{"count":24,"href":"https:\/\/dragonagricultural.com\/es\/wp-json\/wp\/v2\/pages\/2374\/revisions"}],"predecessor-version":[{"id":10110,"href":"https:\/\/dragonagricultural.com\/es\/wp-json\/wp\/v2\/pages\/2374\/revisions\/10110"}],"wp:attachment":[{"href":"https:\/\/dragonagricultural.com\/es\/wp-json\/wp\/v2\/media?parent=2374"}],"curies":[{"name":"wp","href":"https:\/\/api.w.org\/{rel}","templated":true}]}}