{"id":2180,"date":"2025-10-19T12:03:53","date_gmt":"2025-10-19T12:03:53","guid":{"rendered":"https:\/\/dragonagricultural.com\/productos\/"},"modified":"2026-01-19T09:37:45","modified_gmt":"2026-01-19T09:37:45","slug":"productos","status":"publish","type":"page","link":"https:\/\/dragonagricultural.com\/es\/productos\/","title":{"rendered":"Productos"},"content":{"rendered":"<p>[et_pb_section fb_built=\u00bb1&#8243; fullwidth=\u00bbon\u00bb admin_label=\u00bbCall to Action\u00bb _builder_version=\u00bb4.16&#8243; animation_style=\u00bbslide\u00bb animation_direction=\u00bbbottom\u00bb animation_intensity_slide=\u00bb6%\u00bb animation_starting_opacity=\u00bb100%\u00bb locked=\u00bboff\u00bb global_colors_info=\u00bb{}\u00bb][et_pb_fullwidth_header title=\u00bbProductos\u00bb content_max_width=\u00bb800px\u00bb _builder_version=\u00bb4.27.4&#8243; title_level=\u00bbh2&#8243; title_font=\u00bbAmatic SC|700|||||||\u00bb title_font_size=\u00bb65px\u00bb title_line_height=\u00bb1.2em\u00bb content_font=\u00bb||||||||\u00bb content_font_size=\u00bb20px\u00bb content_line_height=\u00bb1.8em\u00bb background_color=\u00bbrgba(255, 255, 255, 0)\u00bb use_background_color_gradient=\u00bbon\u00bb background_color_gradient_direction=\u00bb90deg\u00bb background_color_gradient_stops=\u00bbrgba(0,0,0,0.75) 0%|rgba(0,0,0,0) 100%\u00bb background_color_gradient_overlays_image=\u00bbon\u00bb background_color_gradient_start=\u00bbrgba(0,0,0,0.75)\u00bb background_color_gradient_end=\u00bbrgba(0,0,0,0)\u00bb background_image=\u00bbhttps:\/\/dragonagricultural.com\/wp-content\/uploads\/2025\/10\/produce-12.jpg\u00bb custom_button_one=\u00bbon\u00bb button_one_text_size=\u00bb18px\u00bb button_one_bg_color=\u00bb#02d002&#8243; button_one_border_width=\u00bb8px\u00bb button_one_border_color=\u00bb#02d002&#8243; button_one_border_radius=\u00bb0px\u00bb button_one_letter_spacing=\u00bb1px\u00bb button_one_font=\u00bbLato|700|||||||\u00bb button_one_use_icon=\u00bboff\u00bb custom_button_two=\u00bbon\u00bb button_two_text_size=\u00bb18px\u00bb button_two_text_color=\u00bb#353740&#8243; button_two_bg_color=\u00bb#ffffff\u00bb button_two_border_width=\u00bb8px\u00bb button_two_border_color=\u00bb#ffffff\u00bb button_two_border_radius=\u00bb0px\u00bb button_two_letter_spacing=\u00bb1px\u00bb button_two_font=\u00bbLato|700|||||||\u00bb button_two_use_icon=\u00bboff\u00bb custom_margin=\u00bb|||\u00bb custom_padding=\u00bb8%||8%|\u00bb button_one_letter_spacing_hover=\u00bb1px\u00bb button_two_letter_spacing_hover=\u00bb1px\u00bb global_colors_info=\u00bb{}\u00bb button_one_text_size__hover_enabled=\u00bboff\u00bb button_two_text_size__hover_enabled=\u00bboff\u00bb button_one_text_color__hover_enabled=\u00bboff\u00bb button_two_text_color__hover_enabled=\u00bboff\u00bb button_one_border_width__hover_enabled=\u00bboff\u00bb button_two_border_width__hover_enabled=\u00bboff\u00bb button_one_border_color__hover_enabled=\u00bboff\u00bb button_two_border_color__hover_enabled=\u00bboff\u00bb button_one_border_radius__hover_enabled=\u00bboff\u00bb button_two_border_radius__hover_enabled=\u00bboff\u00bb button_one_letter_spacing__hover_enabled=\u00bbon\u00bb button_one_letter_spacing__hover=\u00bb1px\u00bb button_two_letter_spacing__hover_enabled=\u00bbon\u00bb button_two_letter_spacing__hover=\u00bb1px\u00bb button_one_bg_color__hover_enabled=\u00bboff\u00bb button_two_bg_color__hover_enabled=\u00bboff\u00bb][\/et_pb_fullwidth_header][\/et_pb_section][et_pb_section fb_built=\u00bb1&#8243; admin_label=\u00bbEvent Section\u00bb _builder_version=\u00bb4.27.4&#8243; custom_padding=\u00bb100px||10px||false|false\u00bb animation_style=\u00bbzoom\u00bb animation_intensity_zoom=\u00bb6%\u00bb animation_starting_opacity=\u00bb100%\u00bb saved_tabs=\u00bball\u00bb locked=\u00bboff\u00bb global_colors_info=\u00bb{}\u00bb][et_pb_row _builder_version=\u00bb4.27.4&#8243; _module_preset=\u00bbdefault\u00bb global_colors_info=\u00bb{}\u00bb][et_pb_column type=\u00bb4_4&#8243; _builder_version=\u00bb4.27.4&#8243; _module_preset=\u00bbdefault\u00bb global_colors_info=\u00bb{}\u00bb][et_pb_text _builder_version=\u00bb4.27.4&#8243; _module_preset=\u00bbdefault\u00bb text_font=\u00bbAmatic SC|700|||||||\u00bb text_text_color=\u00bb#ffcd1e\u00bb text_font_size=\u00bb40px\u00bb header_text_color=\u00bb#EDF000&#8243; header_font_size=\u00bb20px\u00bb text_orientation=\u00bbcenter\u00bb text_font_size_tablet=\u00bb40px\u00bb text_font_size_phone=\u00bb35px\u00bb text_font_size_last_edited=\u00bbon|phone\u00bb header_font_size_tablet=\u00bb20px\u00bb header_font_size_phone=\u00bb20px\u00bb header_font_size_last_edited=\u00bbon|phone\u00bb global_colors_info=\u00bb{}\u00bb]<\/p>\n<p><span class=\"section-title__tagline\">Qu\u00e9 hacemos<\/span><span><\/span><\/p>\n<p>[\/et_pb_text][et_pb_text _builder_version=\u00bb4.27.4&#8243; _module_preset=\u00bbdefault\u00bb text_font=\u00bbAmatic SC|700|||||||\u00bb text_text_color=\u00bb#1D2A58&#8243; text_font_size=\u00bb60px\u00bb text_orientation=\u00bbcenter\u00bb custom_margin=\u00bb0px||||false|false\u00bb custom_padding=\u00bb0px||||false|false\u00bb text_font_size_tablet=\u00bb60px\u00bb text_font_size_phone=\u00bb36px\u00bb text_font_size_last_edited=\u00bbon|phone\u00bb global_colors_info=\u00bb{}\u00bb]<\/p>\n<p><span class=\"section-title__tagline\">Productos que ofrecemos<br \/><\/span><span><\/span><\/p>\n<p>[\/et_pb_text][\/et_pb_column][\/et_pb_row][et_pb_row column_structure=\u00bb1_3,2_3&#8243; _builder_version=\u00bb4.27.4&#8243; _module_preset=\u00bbdefault\u00bb global_colors_info=\u00bb{}\u00bb][et_pb_column type=\u00bb1_3&#8243; _builder_version=\u00bb4.27.4&#8243; _module_preset=\u00bbdefault\u00bb background_color=\u00bb#DFE5EB\u00bb custom_padding=\u00bb30px|20px|20px|39px|false|false\u00bb border_radii=\u00bbon|10px|10px|10px|10px\u00bb global_colors_info=\u00bb{}\u00bb][et_pb_heading title=\u00bbProductos Dargon  \u00bb _builder_version=\u00bb4.27.4&#8243; _module_preset=\u00bbdefault\u00bb title_font=\u00bbDM Sans|500|||||||\u00bb title_text_color=\u00bbgcid-bcb0e0b5-8db0-4b63-bb55-8a175a01572a\u00bb background_color=\u00bb#dfe5eb\u00bb custom_margin=\u00bb0px|0px|0px|0px|false|false\u00bb custom_padding=\u00bb||20px||false|false\u00bb global_colors_info=\u00bb{%22gcid-6d60e8e2-a7ad-4f45-9766-d075bc5e6005%22:%91%22text_shadow_color%22%93,%22gcid-bcb0e0b5-8db0-4b63-bb55-8a175a01572a%22:%91%22title_text_color%22%93}\u00bb][\/et_pb_heading][et_pb_heading title=\u00bbPasta Dargon\u00bb url=\u00bbhttps:\/\/dragonagricultural.com\/es\/pasta-dragon\/\u00bb _builder_version=\u00bb4.27.4&#8243; _module_preset=\u00bbdefault\u00bb title_level=\u00bbh5&#8243; title_font=\u00bbDM Sans||||||||\u00bb background_color=\u00bb#FFFFFF\u00bb custom_padding=\u00bb10px|||10px|false|false\u00bb border_radii=\u00bbon|10px|10px|10px|10px\u00bb global_colors_info=\u00bb{}\u00bb][\/et_pb_heading][et_pb_heading title=\u00bbEspecialidad Drag\u00f3n\u00bb url=\u00bbhttps:\/\/dragonagricultural.com\/es\/especialidad-dragon\/\u00bb _builder_version=\u00bb4.27.4&#8243; _module_preset=\u00bbdefault\u00bb title_level=\u00bbh5&#8243; title_font=\u00bbDM Sans||||||||\u00bb global_colors_info=\u00bb{}\u00bb][\/et_pb_heading][et_pb_heading title=\u00bbElementos menores del drag\u00f3n\u00bb url=\u00bbhttps:\/\/dragonagricultural.com\/es\/elementos-menores-del-dragon\/\u00bb _builder_version=\u00bb4.27.4&#8243; _module_preset=\u00bbdefault\u00bb title_level=\u00bbh5&#8243; title_font=\u00bbDM Sans||||||||\u00bb global_colors_info=\u00bb{}\u00bb][\/et_pb_heading][et_pb_heading title=\u00bbDrag\u00f3n ecol\u00f3gico\u00bb url=\u00bbhttps:\/\/dragonagricultural.com\/es\/dragon-ecologico\/\u00bb _builder_version=\u00bb4.27.4&#8243; _module_preset=\u00bbdefault\u00bb title_level=\u00bbh5&#8243; title_font=\u00bbDM Sans||||||||\u00bb global_colors_info=\u00bb{}\u00bb][\/et_pb_heading][et_pb_heading title=\u00bbL\u00edquido Drag\u00f3n\u00bb url=\u00bbhttps:\/\/dragonagricultural.com\/es\/liquido-dragon\/\u00bb _builder_version=\u00bb4.27.4&#8243; _module_preset=\u00bbdefault\u00bb title_level=\u00bbh5&#8243; title_font=\u00bbDM Sans||||||||\u00bb global_colors_info=\u00bb{}\u00bb][\/et_pb_heading][et_pb_heading title=\u00bbPolvo soluble Dragon\u00bb url=\u00bbhttps:\/\/dragonagricultural.com\/es\/dragon-fert-polvo-soluble\/\u00bb _builder_version=\u00bb4.27.4&#8243; _module_preset=\u00bbdefault\u00bb title_level=\u00bbh5&#8243; title_font=\u00bbDM Sans||||||||\u00bb global_colors_info=\u00bb{}\u00bb][\/et_pb_heading][\/et_pb_column][et_pb_column type=\u00bb2_3&#8243; _builder_version=\u00bb4.27.4&#8243; _module_preset=\u00bbdefault\u00bb global_colors_info=\u00bb{}\u00bb][et_pb_image src=\u00bbhttps:\/\/dragonagricultural.com\/wp-content\/uploads\/2025\/10\/product-paste.jpg\u00bb title_text=\u00bbproducto-pegar\u00bb align=\u00bbcenter\u00bb _builder_version=\u00bb4.27.4&#8243; _module_preset=\u00bbdefault\u00bb width=\u00bb80%\u00bb module_alignment=\u00bbleft\u00bb border_radii=\u00bbon|10px|10px|10px|10px\u00bb global_colors_info=\u00bb{}\u00bb][\/et_pb_image][et_pb_heading title=\u00bb  Pasta Drag\u00f3n\u00bb _builder_version=\u00bb4.27.4&#8243; _module_preset=\u00bbdefault\u00bb title_font=\u00bbDM Sans|500|||||||\u00bb title_text_color=\u00bbgcid-bcb0e0b5-8db0-4b63-bb55-8a175a01572a\u00bb global_colors_info=\u00bb{%22gcid-6d60e8e2-a7ad-4f45-9766-d075bc5e6005%22:%91%22text_shadow_color%22%93,%22gcid-bcb0e0b5-8db0-4b63-bb55-8a175a01572a%22:%91%22title_text_color%22%93}\u00bb][\/et_pb_heading][\/et_pb_column][\/et_pb_row][et_pb_row column_structure=\u00bb1_3,2_3&#8243; _builder_version=\u00bb4.27.4&#8243; _module_preset=\u00bbdefault\u00bb global_colors_info=\u00bb{}\u00bb][et_pb_column type=\u00bb1_3&#8243; _builder_version=\u00bb4.27.4&#8243; _module_preset=\u00bbdefault\u00bb global_colors_info=\u00bb{}\u00bb][et_pb_image src=\u00bbhttps:\/\/dragonagricultural.com\/wp-content\/uploads\/2025\/11\/Dragon-paste-30-30-30.png\u00bb title_text=\u00bbDragon paste 30-30-30&#8243; _builder_version=\u00bb4.27.4&#8243; _module_preset=\u00bbdefault\u00bb global_colors_info=\u00bb{}\u00bb][\/et_pb_image][\/et_pb_column][et_pb_column type=\u00bb2_3&#8243; _builder_version=\u00bb4.27.4&#8243; _module_preset=\u00bbdefault\u00bb global_colors_info=\u00bb{}\u00bb][et_pb_heading title=\u00bb\u00bfPor qu\u00e9 elegir Pasta Drag\u00f3n?\u00bb _builder_version=\u00bb4.27.4&#8243; _module_preset=\u00bbdefault\u00bb title_level=\u00bbh3&#8243; title_font=\u00bbDM Sans||||||||\u00bb title_text_color=\u00bbrgba(10,3,3,0.86)\u00bb global_colors_info=\u00bb{}\u00bb][\/et_pb_heading][et_pb_heading title=\u00bbLa Pasta Drag\u00f3n destaca como una opci\u00f3n excelente entre los fertilizantes NPK en pasta, ya que ofrece un 100% de solubilidad en agua, ausencia de contaminantes nocivos, ventajas en el ajuste del pH y compatibilidad con diversos sistemas de riego, lo que la convierte en una opci\u00f3n ideal para fomentar el crecimiento sano de las plantas y maximizar el rendimiento de los cultivos.\u00bb _builder_version=\u00bb4.27.4&#8243; _module_preset=\u00bbdefault\u00bb title_level=\u00bbh3&#8243; title_font=\u00bbDM Sans||||||||\u00bb title_text_color=\u00bbRGBA(10,3,3,0.9)\u00bb title_font_size=\u00bb18px\u00bb title_line_height=\u00bb1.5em\u00bb custom_padding=\u00bb10px|0px||0px|false|false\u00bb global_colors_info=\u00bb{}\u00bb][\/et_pb_heading][et_pb_heading title=\u00bb\u2705 Mezcla Qu\u00edmica Avanzada, F\u00f3rmulas Homog\u00e9neas.\u00bb _builder_version=\u00bb4.27.4&#8243; _module_preset=\u00bbdefault\u00bb title_level=\u00bbh3&#8243; title_font=\u00bbDM Sans||||||||\u00bb title_text_color=\u00bbRGBA(10,3,3,0.87)\u00bb title_font_size=\u00bb17px\u00bb title_line_height=\u00bb1.5em\u00bb custom_margin=\u00bb||0px||false|false\u00bb global_colors_info=\u00bb{%22gcid-primary-color%22:%91%22title_text_color%22,%22title_text_color%22%93}\u00bb][\/et_pb_heading][et_pb_heading title=\u00bb\u2705 Sin cloruro, sodio ni metales pesados.\u00bb _builder_version=\u00bb4.27.4&#8243; _module_preset=\u00bbdefault\u00bb title_level=\u00bbh3&#8243; title_font=\u00bbDM Sans||||||||\u00bb title_text_color=\u00bbRGBA(10,3,3,0.87)\u00bb title_font_size=\u00bb17px\u00bb title_line_height=\u00bb1.5em\u00bb custom_margin=\u00bb||0px||false|false\u00bb global_colors_info=\u00bb{%22gcid-primary-color%22:%91%22title_text_color%22,%22title_text_color%22,%22title_text_color%22%93}\u00bb][\/et_pb_heading][et_pb_heading title=\u00bb\u2705 PH \u00e1cido 2,5 para un agua y un suelo sanos.\u00bb _builder_version=\u00bb4.27.4&#8243; _module_preset=\u00bbdefault\u00bb title_level=\u00bbh3&#8243; title_font=\u00bbDM Sans||||||||\u00bb title_text_color=\u00bbRGBA(10,3,3,0.86)\u00bb title_font_size=\u00bb17px\u00bb title_line_height=\u00bb1.5em\u00bb custom_margin=\u00bb||0px||false|false\u00bb global_colors_info=\u00bb{%22gcid-primary-color%22:%91%22title_text_color%22%93}\u00bb][\/et_pb_heading][et_pb_heading title=\u00bb\u2705 F\u00f3rmulas a medida, utilizadas para todas las plantas y cultivos.\u00bb _builder_version=\u00bb4.27.4&#8243; _module_preset=\u00bbdefault\u00bb title_level=\u00bbh3&#8243; title_font=\u00bbDM Sans||||||||\u00bb title_text_color=\u00bbRGBA(10,3,3,0.86)\u00bb title_font_size=\u00bb17px\u00bb title_line_height=\u00bb1.5em\u00bb custom_margin=\u00bb||0px||false|false\u00bb global_colors_info=\u00bb{%22gcid-primary-color%22:%91%22title_text_color%22,%22title_text_color%22,%22title_text_color%22,%22title_text_color%22%93}\u00bb][\/et_pb_heading][et_pb_heading title=\u00bb\u2705 Aplicable tanto con pulverizaci\u00f3n foliar como con sistemas de riego.\u00bb _builder_version=\u00bb4.27.4&#8243; _module_preset=\u00bbdefault\u00bb title_level=\u00bbh3&#8243; title_font=\u00bbDM Sans||||||||\u00bb title_text_color=\u00bbRGBA(10,3,3,0.86)\u00bb title_font_size=\u00bb17px\u00bb title_line_height=\u00bb1.5em\u00bb custom_margin=\u00bb||0px||false|false\u00bb custom_padding=\u00bb5px|||||\u00bb global_colors_info=\u00bb{%22gcid-primary-color%22:%91%22title_text_color%22%93}\u00bb][\/et_pb_heading][et_pb_heading title=\u00bb\u2705 C\u00f3modas opciones de envasado; 5, 10 y 20 Kg.\u00bb _builder_version=\u00bb4.27.4&#8243; _module_preset=\u00bbdefault\u00bb title_level=\u00bbh3&#8243; title_font=\u00bbDM Sans||||||||\u00bb title_text_color=\u00bbRGBA(10,3,3,0.87)\u00bb title_font_size=\u00bb17px\u00bb title_line_height=\u00bb1.5em\u00bb custom_margin=\u00bb||0px||false|false\u00bb global_colors_info=\u00bb{%22gcid-primary-color%22:%91%22title_text_color%22%93}\u00bb][\/et_pb_heading][et_pb_heading title=\u00bbProductos  \u00bb _builder_version=\u00bb4.27.4&#8243; _module_preset=\u00bbdefault\u00bb title_level=\u00bbh3&#8243; title_font=\u00bbAmatic SC|700|||||||\u00bb title_text_color=\u00bbgcid-bcb0e0b5-8db0-4b63-bb55-8a175a01572a\u00bb title_font_size=\u00bb40px\u00bb custom_margin=\u00bb30px||||false|false\u00bb locked=\u00bboff\u00bb global_colors_info=\u00bb{%22gcid-bcb0e0b5-8db0-4b63-bb55-8a175a01572a%22:%91%22title_text_color%22%93}\u00bb][\/et_pb_heading][et_pb_shop type=\u00bbproduct_category\u00bb include_categories=\u00bb33&#8243; columns_number=\u00bb3&#8243; orderby=\u00bbpopularity\u00bb hover_overlay_color=\u00bbrgba(255,205,30,0.53)\u00bb show_price=\u00bboff\u00bb show_rating=\u00bboff\u00bb show_sale_badge=\u00bboff\u00bb module_class=\u00bbhover-products\u00bb _builder_version=\u00bb4.27.4&#8243; _module_preset=\u00bbdefault\u00bb title_font=\u00bbDM Sans|500|||||||\u00bb title_text_color=\u00bbRGBA(10,3,3,0.87)\u00bb title_font_size=\u00bb16px\u00bb title_line_height=\u00bb1.3em\u00bb background_color=\u00bbRGBA(255,255,255,0)\u00bb text_orientation=\u00bbcenter\u00bb custom_padding=\u00bb20px|20px|20px|20px|false|false\u00bb animation_style=\u00bbflip\u00bb hover_enabled=\u00bb0&#8243; title_font_size_tablet=\u00bb16px\u00bb title_font_size_phone=\u00bb14px\u00bb title_font_size_last_edited=\u00bbon|phone\u00bb custom_css_free_form=\u00bb.woocommerce a.button.add_to_cart_button,||.woocommerce button.single_add_to_cart_button,||.woocommerce div.product form.cart,||.woocommerce ul.products li.product .button {||    display: none !important;||}\u00bb border_radii_image=\u00bbon|15px|15px|15px|15px\u00bb box_shadow_style_image=\u00bbpreset2&#8243; box_shadow_horizontal_image=\u00bb3px\u00bb box_shadow_vertical_image=\u00bb3px\u00bb box_shadow_blur_image=\u00bb20px\u00bb box_shadow_color_image=\u00bbgcid-body-color\u00bb locked=\u00bboff\u00bb global_colors_info=\u00bb{%22gcid-body-color%22:%91%22box_shadow_color_image%22%93}\u00bb transform_styles__hover_enabled=\u00bboff|desktop\u00bb transform_scale__hover_enabled=\u00bboff|desktop\u00bb transform_translate__hover_enabled=\u00bboff|desktop\u00bb transform_rotate__hover_enabled=\u00bboff|desktop\u00bb transform_skew__hover_enabled=\u00bboff|desktop\u00bb transform_origin__hover_enabled=\u00bboff|desktop\u00bb sticky_enabled=\u00bb0&#8243;][\/et_pb_shop][\/et_pb_column][\/et_pb_row][\/et_pb_section]<\/p>\n","protected":false},"excerpt":{"rendered":"<p>Qu\u00e9 hacemosProductos que ofrecemos<\/p>\n","protected":false},"author":1,"featured_media":0,"parent":0,"menu_order":0,"comment_status":"closed","ping_status":"closed","template":"","meta":{"_et_pb_use_builder":"on","_et_pb_old_content":"","_et_gb_content_width":"","footnotes":""},"class_list":["post-2180","page","type-page","status-publish","hentry"],"_hostinger_reach_plugin_has_subscription_block":false,"_hostinger_reach_plugin_is_elementor":false,"_links":{"self":[{"href":"https:\/\/dragonagricultural.com\/es\/wp-json\/wp\/v2\/pages\/2180","targetHints":{"allow":["GET"]}}],"collection":[{"href":"https:\/\/dragonagricultural.com\/es\/wp-json\/wp\/v2\/pages"}],"about":[{"href":"https:\/\/dragonagricultural.com\/es\/wp-json\/wp\/v2\/types\/page"}],"author":[{"embeddable":true,"href":"https:\/\/dragonagricultural.com\/es\/wp-json\/wp\/v2\/users\/1"}],"replies":[{"embeddable":true,"href":"https:\/\/dragonagricultural.com\/es\/wp-json\/wp\/v2\/comments?post=2180"}],"version-history":[{"count":182,"href":"https:\/\/dragonagricultural.com\/es\/wp-json\/wp\/v2\/pages\/2180\/revisions"}],"predecessor-version":[{"id":11983,"href":"https:\/\/dragonagricultural.com\/es\/wp-json\/wp\/v2\/pages\/2180\/revisions\/11983"}],"wp:attachment":[{"href":"https:\/\/dragonagricultural.com\/es\/wp-json\/wp\/v2\/media?parent=2180"}],"curies":[{"name":"wp","href":"https:\/\/api.w.org\/{rel}","templated":true}]}}