{"id":2165,"date":"2025-10-22T00:00:00","date_gmt":"2025-10-22T00:00:00","guid":{"rendered":"https:\/\/dragonagricultural.com\/mensaje-del-fundador\/"},"modified":"2026-01-02T08:20:37","modified_gmt":"2026-01-02T08:20:37","slug":"mensaje-del-fundador","status":"publish","type":"page","link":"https:\/\/dragonagricultural.com\/es\/mensaje-del-fundador\/","title":{"rendered":"Mensaje del Fundador"},"content":{"rendered":"<p>[et_pb_section fb_built=\u00bb1&#8243; fullwidth=\u00bbon\u00bb _builder_version=\u00bb4.16&#8243; animation_style=\u00bbslide\u00bb animation_direction=\u00bbtop\u00bb animation_intensity_slide=\u00bb2%\u00bb animation_starting_opacity=\u00bb100%\u00bb global_colors_info=\u00bb{}\u00bb][et_pb_fullwidth_header title=\u00bbMensaje del Fundador\u00bb text_orientation=\u00bbcenter\u00bb content_max_width=\u00bb800px\u00bb _builder_version=\u00bb4.27.4&#8243; title_level=\u00bbh2&#8243; title_font=\u00bbAmatic SC|700|||||||\u00bb title_font_size=\u00bb60px\u00bb title_line_height=\u00bb1.2em\u00bb content_font=\u00bb||||||||\u00bb content_font_size=\u00bb20px\u00bb content_line_height=\u00bb1.8em\u00bb background_color=\u00bbrgba(255, 255, 255, 0)\u00bb use_background_color_gradient=\u00bbon\u00bb background_color_gradient_direction=\u00bb90deg\u00bb background_color_gradient_stops=\u00bbrgba(0,0,0,0.75) 0%|rgba(0,0,0,0) 100%\u00bb background_color_gradient_overlays_image=\u00bbon\u00bb background_color_gradient_start=\u00bbrgba(0,0,0,0.75)\u00bb background_color_gradient_end=\u00bbrgba(0,0,0,0)\u00bb background_image=\u00bbhttps:\/\/dragonagricultural.com\/wp-content\/uploads\/2025\/12\/Untitled-design-1-scaled.png\u00bb custom_button_one=\u00bbon\u00bb button_one_text_size=\u00bb18px\u00bb button_one_bg_color=\u00bb#02d002&#8243; button_one_border_width=\u00bb8px\u00bb button_one_border_color=\u00bb#02d002&#8243; button_one_border_radius=\u00bb0px\u00bb button_one_letter_spacing=\u00bb1px\u00bb button_one_font=\u00bbLato|700|||||||\u00bb button_one_use_icon=\u00bboff\u00bb custom_button_two=\u00bbon\u00bb button_two_text_size=\u00bb18px\u00bb button_two_text_color=\u00bb#353740&#8243; button_two_bg_color=\u00bb#ffffff\u00bb button_two_border_width=\u00bb8px\u00bb button_two_border_color=\u00bb#ffffff\u00bb button_two_border_radius=\u00bb0px\u00bb button_two_letter_spacing=\u00bb1px\u00bb button_two_font=\u00bbLato|700|||||||\u00bb button_two_use_icon=\u00bboff\u00bb custom_margin=\u00bb|||\u00bb custom_padding=\u00bb8%||8%|\u00bb button_one_letter_spacing_hover=\u00bb1px\u00bb button_two_letter_spacing_hover=\u00bb1px\u00bb locked=\u00bboff\u00bb global_colors_info=\u00bb{}\u00bb button_one_text_size__hover_enabled=\u00bboff\u00bb button_two_text_size__hover_enabled=\u00bboff\u00bb button_one_text_color__hover_enabled=\u00bboff\u00bb button_two_text_color__hover_enabled=\u00bboff\u00bb button_one_border_width__hover_enabled=\u00bboff\u00bb button_two_border_width__hover_enabled=\u00bboff\u00bb button_one_border_color__hover_enabled=\u00bboff\u00bb button_two_border_color__hover_enabled=\u00bboff\u00bb button_one_border_radius__hover_enabled=\u00bboff\u00bb button_two_border_radius__hover_enabled=\u00bboff\u00bb button_one_letter_spacing__hover_enabled=\u00bbon\u00bb button_one_letter_spacing__hover=\u00bb1px\u00bb button_two_letter_spacing__hover_enabled=\u00bbon\u00bb button_two_letter_spacing__hover=\u00bb1px\u00bb button_one_bg_color__hover_enabled=\u00bboff\u00bb button_two_bg_color__hover_enabled=\u00bboff\u00bb][\/et_pb_fullwidth_header][\/et_pb_section][et_pb_section fb_built=\u00bb1&#8243; _builder_version=\u00bb4.27.4&#8243; _module_preset=\u00bbdefault\u00bb global_colors_info=\u00bb{}\u00bb][et_pb_row _builder_version=\u00bb4.27.4&#8243; _module_preset=\u00bbdefault\u00bb global_colors_info=\u00bb{}\u00bb][et_pb_column type=\u00bb4_4&#8243; _builder_version=\u00bb4.27.4&#8243; _module_preset=\u00bbdefault\u00bb global_colors_info=\u00bb{}\u00bb][et_pb_text _builder_version=\u00bb4.27.4&#8243; _module_preset=\u00bbdefault\u00bb header_font=\u00bbAmatic SC|700|||||||\u00bb header_text_color=\u00bb#1D2A58&#8243; header_font_size=\u00bb50px\u00bb global_colors_info=\u00bb{}\u00bb]<\/p>\n<h1 class=\"section-title__title\">Mensaje del Fundador<\/h1>\n<div class=\"section-title__icon\"><\/div>\n<p>[\/et_pb_text][et_pb_text _builder_version=\u00bb4.27.4&#8243; _module_preset=\u00bbdefault\u00bb global_colors_info=\u00bb{}\u00bb]<\/p>\n<p class=\"about-three__text-1\">Estimados visitantes,<\/p>\n<p class=\"about-three__text-1\">En nombre del equipo de Dragon, nos gustar\u00eda darte la bienvenida al sitio web de Dragon, que est\u00e1 dise\u00f1ado para proporcionarte una visi\u00f3n general cerrada, informaci\u00f3n sobre los productos y oportunidades para desarrollar fertilizantes agr\u00edcolas juntos.<\/p>\n<p class=\"about-three__text-1\">Desde nuestros inicios, Dragon se ha propuesto establecerse como productor l\u00edder de fertilizantes de primera calidad. Hacer realidad esta ambici\u00f3n exige un planteamiento polifac\u00e9tico: investigaci\u00f3n y desarrollo continuos de los productos, un equipo bien informado y formado, el abastecimiento de materias primas de la m\u00e1xima calidad, el cumplimiento estricto de la normativa local e internacional y una dedicaci\u00f3n inquebrantable a reducir nuestra huella medioambiental. <\/p>\n<p class=\"about-three__text-1\">El equipo de Dragon aporta este rico caudal de experiencia, obtenido mediante la colaboraci\u00f3n con nuestros socios comerciales de todo el mundo, para contribuir a la seguridad alimentaria mundial y ofrecer soluciones sostenibles.<\/p>\n<p class=\"about-three__text-1\">Gracias a los socios comerciales de Dragon, tanto proveedores como distribuidores, gracias al equipo de Dragon. Miramos al futuro trabajando juntos para seguir comprometidos con la innovaci\u00f3n, la colaboraci\u00f3n y la b\u00fasqueda incesante de la excelencia, garantizando nuestra preparaci\u00f3n para afrontar los retos siempre cambiantes de los fertilizantes y para apoyar a los agricultores que sustentan nuestro mundo. Juntos desarrollaremos el futuro de los fertilizantes aplicando Dragon Whiff of life  <\/p>\n<p class=\"about-three__text-1\">Mis mejores deseos,<\/p>\n<p class=\"about-three__text-1\">Amer Alaabed<br \/>Fundador<br \/>Dragon Agr. Solutions &amp; Fertilizers Production <\/p>\n<p>[\/et_pb_text][\/et_pb_column][\/et_pb_row][\/et_pb_section]<\/p>\n","protected":false},"excerpt":{"rendered":"<p>Mensaje del Fundador Estimados visitantes, En nombre del equipo de Dragon, nos gustar\u00eda darte la bienvenida al sitio web de Dragon, que est\u00e1 dise\u00f1ado para proporcionarte una visi\u00f3n general cerrada, informaci\u00f3n sobre los productos y oportunidades para desarrollar fertilizantes agr\u00edcolas juntos. Desde nuestros inicios, Dragon se ha propuesto establecerse como productor l\u00edder de fertilizantes de [&hellip;]<\/p>\n","protected":false},"author":1,"featured_media":0,"parent":0,"menu_order":0,"comment_status":"closed","ping_status":"closed","template":"","meta":{"_et_pb_use_builder":"on","_et_pb_old_content":"","_et_gb_content_width":"","footnotes":""},"class_list":["post-2165","page","type-page","status-publish","hentry"],"_hostinger_reach_plugin_has_subscription_block":false,"_hostinger_reach_plugin_is_elementor":false,"_links":{"self":[{"href":"https:\/\/dragonagricultural.com\/es\/wp-json\/wp\/v2\/pages\/2165","targetHints":{"allow":["GET"]}}],"collection":[{"href":"https:\/\/dragonagricultural.com\/es\/wp-json\/wp\/v2\/pages"}],"about":[{"href":"https:\/\/dragonagricultural.com\/es\/wp-json\/wp\/v2\/types\/page"}],"author":[{"embeddable":true,"href":"https:\/\/dragonagricultural.com\/es\/wp-json\/wp\/v2\/users\/1"}],"replies":[{"embeddable":true,"href":"https:\/\/dragonagricultural.com\/es\/wp-json\/wp\/v2\/comments?post=2165"}],"version-history":[{"count":26,"href":"https:\/\/dragonagricultural.com\/es\/wp-json\/wp\/v2\/pages\/2165\/revisions"}],"predecessor-version":[{"id":10098,"href":"https:\/\/dragonagricultural.com\/es\/wp-json\/wp\/v2\/pages\/2165\/revisions\/10098"}],"wp:attachment":[{"href":"https:\/\/dragonagricultural.com\/es\/wp-json\/wp\/v2\/media?parent=2165"}],"curies":[{"name":"wp","href":"https:\/\/api.w.org\/{rel}","templated":true}]}}